{"id":4810,"date":"2024-11-08T03:21:27","date_gmt":"2024-11-08T03:21:27","guid":{"rendered":"https:\/\/enerchains.com\/?post_type=product&#038;p=4810"},"modified":"2025-01-15T14:52:06","modified_gmt":"2025-01-15T14:52:06","slug":"high-lift-retaining-valve","status":"publish","type":"product","link":"https:\/\/enerchains.com\/vi\/san-pham\/high-lift-retaining-valve\/","title":{"rendered":"Van gi\u1eef n\u00e2ng cao cho \u0111\u1ed9ng c\u01a1 x\u0103ng nh\u1ecf"},"content":{"rendered":"<p>Van gi\u1eef n\u00e2ng cao cho \u0111\u1ed9ng c\u01a1 x\u0103ng nh\u1ecf l\u00e0 m\u1ed9t th\u00e0nh ph\u1ea7n c\u1ea3i ti\u1ebfn \u0111\u01b0\u1ee3c thi\u1ebft k\u1ebf \u0111\u1ec3 n\u00e2ng cao hi\u1ec7u su\u1ea5t v\u00e0 hi\u1ec7u qu\u1ea3 trong h\u1ec7 th\u1ed1ng truy\u1ec1n \u0111\u1ed9ng nh\u1ecf g\u1ecdn. B\u1eb1ng c\u00e1ch cho ph\u00e9p lu\u1ed3ng kh\u00f4ng kh\u00ed t\u0103ng v\u00e0o bu\u1ed3ng \u0111\u1ed1t, c\u00f4ng ngh\u1ec7 van ti\u00ean ti\u1ebfn n\u00e0y t\u1ed1i \u01b0u h\u00f3a h\u1ed7n h\u1ee3p kh\u00f4ng kh\u00ed-nhi\u00ean li\u1ec7u, gi\u00fap c\u1ea3i thi\u1ec7n c\u00f4ng su\u1ea5t \u0111\u1ed9ng c\u01a1 v\u00e0 v\u1eadn h\u00e0nh m\u01b0\u1ee3t m\u00e0 h\u01a1n. Thi\u1ebft k\u1ebf n\u00e2ng cao \u0111\u1ea3m b\u1ea3o hi\u1ec7u su\u1ea5t th\u1ec3 t\u00edch t\u1ed1t h\u01a1n, \u0111\u1eb7c bi\u1ec7t l\u00e0 \u1edf v\u00f2ng tua m\u00e1y cao h\u01a1n, gi\u00fap t\u0103ng t\u1ed1c nhanh h\u01a1n v\u00e0 gi\u1ea3m m\u1ee9c ti\u00eau th\u1ee5 nhi\u00ean li\u1ec7u. Ngo\u00e0i ra, k\u1ef9 thu\u1eadt ch\u00ednh x\u00e1c c\u1ee7a n\u00f3 gi\u00fap gi\u1ea3m thi\u1ec3u t\u1ed5n th\u1ea5t n\u0103ng l\u01b0\u1ee3ng v\u00e0 kh\u00ed th\u1ea3i, khi\u1ebfn n\u00f3 tr\u1edf th\u00e0nh b\u1ea3n n\u00e2ng c\u1ea5p th\u00e2n thi\u1ec7n v\u1edbi m\u00f4i tr\u01b0\u1eddng cho c\u00e1c \u1ee9ng d\u1ee5ng nh\u01b0 thi\u1ebft b\u1ecb l\u00e0m v\u01b0\u1eddn, xe m\u00e1y v\u00e0 m\u00e1y ph\u00e1t \u0111i\u1ec7n di \u0111\u1ed9ng. Cho d\u00f9 s\u1eed d\u1ee5ng cho m\u1ee5c \u0111\u00edch gi\u1ea3i tr\u00ed hay chuy\u00ean nghi\u1ec7p, van gi\u1eef n\u00e2ng cao \u0111\u1ec1u cung c\u1ea5p gi\u1ea3i ph\u00e1p ti\u1ebft ki\u1ec7m chi ph\u00ed \u0111\u1ec3 khai th\u00e1c h\u1ebft ti\u1ec1m n\u0103ng c\u1ee7a \u0111\u1ed9ng c\u01a1 x\u0103ng nh\u1ecf.<\/p>\n<p>Van gi\u1eef n\u00e2ng cao cho \u0111\u1ed9ng c\u01a1 x\u0103ng nh\u1ecf \u2013 T\u0103ng hi\u1ec7u su\u1ea5t v\u00e0 hi\u1ec7u qu\u1ea3<\/p>","protected":false},"excerpt":{"rendered":"<p>A high-lift retaining valve for small gasoline engines is an innovative component designed to enhance performance and efficiency in compact powertrains. By allowing for increased airflow into the combustion chamber, this advanced valve technology optimizes the air-fuel mixture, resulting in improved engine power and smoother operation. The high-lift design ensures better volumetric efficiency, particularly at&#8230;<\/p>","protected":false},"featured_media":4801,"template":"","meta":{"_kad_post_transparent":"default","_kad_post_title":"","_kad_post_layout":"default","_kad_post_sidebar_id":"","_kad_post_content_style":"default","_kad_post_vertical_padding":"default","_kad_post_feature":"","_kad_post_feature_position":"","_kad_post_header":false,"_kad_post_footer":false,"powered_cache_disable_cache":false,"powered_cache_disable_lazyload":false},"product_brand":[],"product_cat":[20,101],"product_tag":[],"class_list":{"0":"post-4810","1":"product","2":"type-product","3":"status-publish","4":"has-post-thumbnail","6":"product_cat-gasoline-engine-parts","7":"product_cat-high-lift-parts","9":"first","10":"instock","11":"shipping-taxable","12":"product-type-simple","13":"entry","14":"content-bg","15":"loop-entry"},"yoast_head":"<!-- This site is optimized with the Yoast SEO Premium plugin v23.5 (Yoast SEO v24.4) - https:\/\/yoast.com\/wordpress\/plugins\/seo\/ -->\n<title>High-lift retaining valve For Small gasoline engine - Small Engine \/ Power Equipment &amp; Parts supply chains EnerChains<\/title>\n<meta name=\"description\" content=\"- Small Engine \/ Power Equipment &amp; Parts supply chains EnerChains\" \/>\n<meta name=\"robots\" content=\"index, follow, max-snippet:-1, max-image-preview:large, max-video-preview:-1\" \/>\n<link rel=\"canonical\" href=\"https:\/\/enerchains.com\/vi\/san-pham\/high-lift-retaining-valve\/\" \/>\n<meta property=\"og:locale\" content=\"vi_VN\" \/>\n<meta property=\"og:type\" content=\"article\" \/>\n<meta property=\"og:title\" content=\"High-lift retaining valve For Small gasoline engine\" \/>\n<meta property=\"og:description\" content=\"- Small Engine \/ Power Equipment &amp; Parts supply chains EnerChains\" \/>\n<meta property=\"og:url\" content=\"https:\/\/enerchains.com\/vi\/san-pham\/high-lift-retaining-valve\/\" \/>\n<meta property=\"og:site_name\" content=\"Small Engine \/ Power Equipment &amp; Parts supply chains EnerChains\" \/>\n<meta property=\"article:modified_time\" content=\"2025-01-15T14:52:06+00:00\" \/>\n<meta property=\"og:image\" content=\"https:\/\/enerchains.com\/wp-content\/uploads\/2024\/11\/High-lift-retaining-valve.png\" \/>\n\t<meta property=\"og:image:width\" content=\"800\" \/>\n\t<meta property=\"og:image:height\" content=\"800\" \/>\n\t<meta property=\"og:image:type\" content=\"image\/png\" \/>\n<meta name=\"twitter:card\" content=\"summary_large_image\" \/>\n<meta name=\"twitter:label1\" content=\"Gi\u00e1\" \/>\n\t<meta name=\"twitter:data1\" content=\"\" \/>\n\t<meta name=\"twitter:label2\" content=\"Kh\u1ea3 d\u1ee5ng\" \/>\n\t<meta name=\"twitter:data2\" content=\"Trong kho\" \/>\n<script type=\"application\/ld+json\" class=\"yoast-schema-graph\">{\"@context\":\"https:\/\/schema.org\",\"@graph\":[{\"@type\":[\"WebPage\",\"ItemPage\"],\"@id\":\"https:\/\/enerchains.com\/product\/high-lift-retaining-valve\/\",\"url\":\"https:\/\/enerchains.com\/product\/high-lift-retaining-valve\/\",\"name\":\"High-lift retaining valve For Small gasoline engine - Small Engine \/ Power Equipment &amp; Parts supply chains EnerChains\",\"isPartOf\":{\"@id\":\"https:\/\/enerchains.com\/#website\"},\"primaryImageOfPage\":{\"@id\":\"https:\/\/enerchains.com\/product\/high-lift-retaining-valve\/#primaryimage\"},\"image\":{\"@id\":\"https:\/\/enerchains.com\/product\/high-lift-retaining-valve\/#primaryimage\"},\"thumbnailUrl\":\"https:\/\/enerchains.com\/wp-content\/uploads\/2024\/11\/High-lift-retaining-valve.png\",\"datePublished\":\"2024-11-08T03:21:27+00:00\",\"dateModified\":\"2025-01-15T14:52:06+00:00\",\"description\":\"- Small Engine \/ Power Equipment &amp; Parts supply chains EnerChains\",\"breadcrumb\":{\"@id\":\"https:\/\/enerchains.com\/product\/high-lift-retaining-valve\/#breadcrumb\"},\"inLanguage\":\"vi\",\"potentialAction\":[{\"@type\":\"ReadAction\",\"target\":[\"https:\/\/enerchains.com\/product\/high-lift-retaining-valve\/\"]}]},{\"@type\":\"ImageObject\",\"inLanguage\":\"vi\",\"@id\":\"https:\/\/enerchains.com\/product\/high-lift-retaining-valve\/#primaryimage\",\"url\":\"https:\/\/enerchains.com\/wp-content\/uploads\/2024\/11\/High-lift-retaining-valve.png\",\"contentUrl\":\"https:\/\/enerchains.com\/wp-content\/uploads\/2024\/11\/High-lift-retaining-valve.png\",\"width\":800,\"height\":800,\"caption\":\"5KW shock absobing feet\"},{\"@type\":\"BreadcrumbList\",\"@id\":\"https:\/\/enerchains.com\/product\/high-lift-retaining-valve\/#breadcrumb\",\"itemListElement\":[{\"@type\":\"ListItem\",\"position\":1,\"name\":\"\u9996\u9875\",\"item\":\"https:\/\/enerchains.com\/\"},{\"@type\":\"ListItem\",\"position\":2,\"name\":\"Products\",\"item\":\"https:\/\/enerchains.com\/products\/\"},{\"@type\":\"ListItem\",\"position\":3,\"name\":\"High-lift retaining valve For Small gasoline engine\"}]},{\"@type\":\"WebSite\",\"@id\":\"https:\/\/enerchains.com\/#website\",\"url\":\"https:\/\/enerchains.com\/\",\"name\":\"Small Engines & Power Equipment Supplier - EnerChains\",\"description\":\"China manufacturer of gasoline engines, diesel engines, power equipment\",\"publisher\":{\"@id\":\"https:\/\/enerchains.com\/#organization\"},\"alternateName\":\"Gasolin Power Engine \/ Diesel Engline & Spare Parts Factory\",\"potentialAction\":[{\"@type\":\"SearchAction\",\"target\":{\"@type\":\"EntryPoint\",\"urlTemplate\":\"https:\/\/enerchains.com\/?s={search_term_string}\"},\"query-input\":{\"@type\":\"PropertyValueSpecification\",\"valueRequired\":true,\"valueName\":\"search_term_string\"}}],\"inLanguage\":\"vi\"},{\"@type\":\"Organization\",\"@id\":\"https:\/\/enerchains.com\/#organization\",\"name\":\"Enerchains (Chongqing) General Machinery Equipment Co., Ltd\",\"url\":\"https:\/\/enerchains.com\/\",\"logo\":{\"@type\":\"ImageObject\",\"inLanguage\":\"vi\",\"@id\":\"https:\/\/enerchains.com\/#\/schema\/logo\/image\/\",\"url\":\"https:\/\/enerchains.com\/wp-content\/uploads\/2024\/08\/EnerChains-Chongqing-e1724030883863.png\",\"contentUrl\":\"https:\/\/enerchains.com\/wp-content\/uploads\/2024\/08\/EnerChains-Chongqing-e1724030883863.png\",\"width\":2439,\"height\":694,\"caption\":\"Enerchains (Chongqing) General Machinery Equipment Co., Ltd\"},\"image\":{\"@id\":\"https:\/\/enerchains.com\/#\/schema\/logo\/image\/\"}}]}<\/script>\n<meta property=\"product:price:amount\" content=\"0.00\" \/>\n<meta property=\"product:price:currency\" content=\"CNY\" \/>\n<meta property=\"og:availability\" content=\"instock\" \/>\n<meta property=\"product:availability\" content=\"instock\" \/>\n<meta property=\"product:condition\" content=\"new\" \/>\n<!-- \/ Yoast SEO Premium plugin. -->","yoast_head_json":{"title":"High-lift retaining valve For Small gasoline engine - Small Engine \/ Power Equipment &amp; Parts supply chains EnerChains","description":"- Small Engine \/ Power Equipment &amp; Parts supply chains EnerChains","robots":{"index":"index","follow":"follow","max-snippet":"max-snippet:-1","max-image-preview":"max-image-preview:large","max-video-preview":"max-video-preview:-1"},"canonical":"https:\/\/enerchains.com\/vi\/san-pham\/high-lift-retaining-valve\/","og_locale":"vi_VN","og_type":"article","og_title":"High-lift retaining valve For Small gasoline engine","og_description":"- Small Engine \/ Power Equipment &amp; Parts supply chains EnerChains","og_url":"https:\/\/enerchains.com\/vi\/san-pham\/high-lift-retaining-valve\/","og_site_name":"Small Engine \/ Power Equipment &amp; Parts supply chains EnerChains","article_modified_time":"2025-01-15T14:52:06+00:00","og_image":[{"width":800,"height":800,"url":"https:\/\/enerchains.com\/wp-content\/uploads\/2024\/11\/High-lift-retaining-valve.png","type":"image\/png"}],"twitter_card":"summary_large_image","twitter_misc":{"Gi\u00e1":"","Kh\u1ea3 d\u1ee5ng":"Trong kho"},"schema":{"@context":"https:\/\/schema.org","@graph":[{"@type":["WebPage","ItemPage"],"@id":"https:\/\/enerchains.com\/product\/high-lift-retaining-valve\/","url":"https:\/\/enerchains.com\/product\/high-lift-retaining-valve\/","name":"High-lift retaining valve For Small gasoline engine - Small Engine \/ Power Equipment &amp; Parts supply chains EnerChains","isPartOf":{"@id":"https:\/\/enerchains.com\/#website"},"primaryImageOfPage":{"@id":"https:\/\/enerchains.com\/product\/high-lift-retaining-valve\/#primaryimage"},"image":{"@id":"https:\/\/enerchains.com\/product\/high-lift-retaining-valve\/#primaryimage"},"thumbnailUrl":"https:\/\/enerchains.com\/wp-content\/uploads\/2024\/11\/High-lift-retaining-valve.png","datePublished":"2024-11-08T03:21:27+00:00","dateModified":"2025-01-15T14:52:06+00:00","description":"- Small Engine \/ Power Equipment &amp; Parts supply chains EnerChains","breadcrumb":{"@id":"https:\/\/enerchains.com\/product\/high-lift-retaining-valve\/#breadcrumb"},"inLanguage":"vi","potentialAction":[{"@type":"ReadAction","target":["https:\/\/enerchains.com\/product\/high-lift-retaining-valve\/"]}]},{"@type":"ImageObject","inLanguage":"vi","@id":"https:\/\/enerchains.com\/product\/high-lift-retaining-valve\/#primaryimage","url":"https:\/\/enerchains.com\/wp-content\/uploads\/2024\/11\/High-lift-retaining-valve.png","contentUrl":"https:\/\/enerchains.com\/wp-content\/uploads\/2024\/11\/High-lift-retaining-valve.png","width":800,"height":800,"caption":"5KW shock absobing feet"},{"@type":"BreadcrumbList","@id":"https:\/\/enerchains.com\/product\/high-lift-retaining-valve\/#breadcrumb","itemListElement":[{"@type":"ListItem","position":1,"name":"\u9996\u9875","item":"https:\/\/enerchains.com\/"},{"@type":"ListItem","position":2,"name":"Products","item":"https:\/\/enerchains.com\/products\/"},{"@type":"ListItem","position":3,"name":"High-lift retaining valve For Small gasoline engine"}]},{"@type":"WebSite","@id":"https:\/\/enerchains.com\/#website","url":"https:\/\/enerchains.com\/","name":"Small Engines & Power Equipment Supplier - EnerChains","description":"China manufacturer of gasoline engines, diesel engines, power equipment","publisher":{"@id":"https:\/\/enerchains.com\/#organization"},"alternateName":"Gasolin Power Engine \/ Diesel Engline & Spare Parts Factory","potentialAction":[{"@type":"SearchAction","target":{"@type":"EntryPoint","urlTemplate":"https:\/\/enerchains.com\/?s={search_term_string}"},"query-input":{"@type":"PropertyValueSpecification","valueRequired":true,"valueName":"search_term_string"}}],"inLanguage":"vi"},{"@type":"Organization","@id":"https:\/\/enerchains.com\/#organization","name":"Enerchains (Chongqing) General Machinery Equipment Co., Ltd","url":"https:\/\/enerchains.com\/","logo":{"@type":"ImageObject","inLanguage":"vi","@id":"https:\/\/enerchains.com\/#\/schema\/logo\/image\/","url":"https:\/\/enerchains.com\/wp-content\/uploads\/2024\/08\/EnerChains-Chongqing-e1724030883863.png","contentUrl":"https:\/\/enerchains.com\/wp-content\/uploads\/2024\/08\/EnerChains-Chongqing-e1724030883863.png","width":2439,"height":694,"caption":"Enerchains (Chongqing) General Machinery Equipment Co., Ltd"},"image":{"@id":"https:\/\/enerchains.com\/#\/schema\/logo\/image\/"}}]},"product_price_amount":"0.00","product_price_currency":"CNY","og_availability":"instock","product_availability":"instock","product_condition":"new"},"_links":{"self":[{"href":"https:\/\/enerchains.com\/vi\/wp-json\/wp\/v2\/product\/4810","targetHints":{"allow":["GET"]}}],"collection":[{"href":"https:\/\/enerchains.com\/vi\/wp-json\/wp\/v2\/product"}],"about":[{"href":"https:\/\/enerchains.com\/vi\/wp-json\/wp\/v2\/types\/product"}],"wp:featuredmedia":[{"embeddable":true,"href":"https:\/\/enerchains.com\/vi\/wp-json\/wp\/v2\/media\/4801"}],"wp:attachment":[{"href":"https:\/\/enerchains.com\/vi\/wp-json\/wp\/v2\/media?parent=4810"}],"wp:term":[{"taxonomy":"product_brand","embeddable":true,"href":"https:\/\/enerchains.com\/vi\/wp-json\/wp\/v2\/product_brand?post=4810"},{"taxonomy":"product_cat","embeddable":true,"href":"https:\/\/enerchains.com\/vi\/wp-json\/wp\/v2\/product_cat?post=4810"},{"taxonomy":"product_tag","embeddable":true,"href":"https:\/\/enerchains.com\/vi\/wp-json\/wp\/v2\/product_tag?post=4810"}],"curies":[{"name":"wp","href":"https:\/\/api.w.org\/{rel}","templated":true}]}}