{"id":4809,"date":"2024-11-08T03:21:03","date_gmt":"2024-11-08T03:21:03","guid":{"rendered":"https:\/\/enerchains.com\/?post_type=product&#038;p=4809"},"modified":"2025-01-15T14:55:54","modified_gmt":"2025-01-15T14:55:54","slug":"high-lift-effluent-three-linls","status":"publish","type":"product","link":"https:\/\/enerchains.com\/vi\/san-pham\/high-lift-effluent-three-linls\/","title":{"rendered":"N\u01b0\u1edbc th\u1ea3i n\u00e2ng cao ba linls cho \u0111\u1ed9ng c\u01a1 x\u0103ng nh\u1ecf"},"content":{"rendered":"<p>Gi\u1edbi thi\u1ec7u High-Lift Effluent Three Links d\u00e0nh cho \u0110\u1ed9ng c\u01a1 x\u0103ng nh\u1ecf \u2013 m\u1ed9t gi\u1ea3i ph\u00e1p \u0111\u01b0\u1ee3c thi\u1ebft k\u1ebf ch\u00ednh x\u00e1c nh\u1eb1m n\u00e2ng cao hi\u1ec7u su\u1ea5t, \u0111\u1ed9 b\u1ec1n v\u00e0 hi\u1ec7u qu\u1ea3 trong c\u00e1c \u1ee9ng d\u1ee5ng \u0111\u1ed9ng c\u01a1 nh\u1ecf c\u1ee7a b\u1ea1n. \u0110\u01b0\u1ee3c ch\u1ebf t\u1ea1o \u0111\u1ec3 \u0111\u00e1p \u1ee9ng nhu c\u1ea7u c\u1ee7a m\u00e1y m\u00f3c hi\u1ec7n \u0111\u1ea1i, th\u00e0nh ph\u1ea7n c\u1ea3i ti\u1ebfn n\u00e0y l\u00e0 l\u1ef1a ch\u1ecdn t\u1ed1i \u01b0u cho nh\u1eefng ai \u0111ang t\u00ecm ki\u1ebfm gi\u1ea3i ph\u00e1p qu\u1ea3n l\u00fd n\u01b0\u1edbc th\u1ea3i \u0111\u00e1ng tin c\u1eady v\u00e0 hi\u1ec7u su\u1ea5t cao.<\/p>\n<p>**C\u00e1c t\u00ednh n\u0103ng ch\u00ednh:**<\/p>\n<p>1. **Kh\u1ea3 n\u0103ng n\u00e2ng cao v\u01b0\u1ee3t tr\u1ed9i:** \u0110\u01b0\u1ee3c thi\u1ebft k\u1ebf \u0111\u1ec3 x\u1eed l\u00fd l\u01b0u l\u01b0\u1ee3ng n\u01b0\u1edbc th\u1ea3i l\u1edbn m\u1ed9t c\u00e1ch d\u1ec5 d\u00e0ng, b\u1ed9 ph\u1eadn n\u00e0y \u0111\u1ea3m b\u1ea3o hi\u1ec7u su\u1ea5t t\u1ed1i \u01b0u ngay c\u1ea3 trong \u0111i\u1ec1u ki\u1ec7n kh\u1eafc nghi\u1ec7t, l\u00fd t\u01b0\u1edfng cho c\u00e1c \u1ee9ng d\u1ee5ng n\u00f4ng nghi\u1ec7p, c\u00f4ng nghi\u1ec7p v\u00e0 t\u01b0\u1edbi ti\u00eau.<\/p>\n<p>2. **Thi\u1ebft k\u1ebf ba li\u00ean k\u1ebft ch\u1eafc ch\u1eafn:** C\u1ea5u h\u00ecnh ba li\u00ean k\u1ebft ti\u00ean ti\u1ebfn mang l\u1ea1i \u0111\u1ed9 \u1ed5n \u0111\u1ecbnh v\u01b0\u1ee3t tr\u1ed9i v\u00e0 ph\u00e2n b\u1ed5 t\u1ea3i t\u1ed1t h\u01a1n, gi\u1ea3m hao m\u00f2n \u0111\u1ed9ng c\u01a1 \u0111\u1ed3ng th\u1eddi \u0111\u1ea3m b\u1ea3o ho\u1ea1t \u0111\u1ed9ng tr\u01a1n tru v\u00e0 nh\u1ea5t qu\u00e1n.<\/p>\n<p>3. **S\u1ea3n xu\u1ea5t ch\u00ednh x\u00e1c:** \u0110\u01b0\u1ee3c ch\u1ebf t\u1ea1o t\u1eeb v\u1eadt li\u1ec7u ch\u1ed1ng \u0103n m\u00f2n cao c\u1ea5p, s\u1ea3n ph\u1ea9m n\u00e0y \u0111\u1ea3m b\u1ea3o \u0111\u1ed9 b\u1ec1n l\u00e2u d\u00e0i v\u00e0 kh\u1ea3 n\u0103ng ch\u1ed1ng ch\u1ecbu v\u1edbi \u0111i\u1ec1u ki\u1ec7n m\u00f4i tr\u01b0\u1eddng kh\u1eafc nghi\u1ec7t, \u0111\u1ea3m b\u1ea3o nhi\u1ec1u n\u0103m s\u1eed d\u1ee5ng \u0111\u00e1ng tin c\u1eady.<\/p>\n<p>4. **Nh\u1ecf g\u1ecdn v\u00e0 nh\u1eb9:** \u0110\u01b0\u1ee3c thi\u1ebft k\u1ebf d\u00e0nh ri\u00eang cho \u0111\u1ed9ng c\u01a1 x\u0103ng nh\u1ecf, ki\u1ec3u d\u00e1ng nh\u1ecf g\u1ecdn \u0111\u1ea3m b\u1ea3o t\u00edch h\u1ee3p d\u1ec5 d\u00e0ng m\u00e0 kh\u00f4ng \u1ea3nh h\u01b0\u1edfng \u0111\u1ebfn c\u00f4ng su\u1ea5t ho\u1eb7c hi\u1ec7u qu\u1ea3.<\/p>\n<p>5. **N\u00e2ng cao hi\u1ec7u qu\u1ea3 s\u1eed d\u1ee5ng nhi\u00ean li\u1ec7u:** B\u1eb1ng c\u00e1ch t\u1ed1i \u01b0u h\u00f3a l\u01b0u l\u01b0\u1ee3ng v\u00e0 gi\u1ea3m \u00e1p l\u1ef1c cho \u0111\u1ed9ng c\u01a1, b\u1ed9 ph\u1eadn n\u00e0y g\u00f3p ph\u1ea7n c\u1ea3i thi\u1ec7n kh\u1ea3 n\u0103ng ti\u1ebft ki\u1ec7m nhi\u00ean li\u1ec7u, gi\u00fap b\u1ea1n ti\u1ebft ki\u1ec7m ti\u1ec1n theo th\u1eddi gian.<\/p>\n<p>6. **Kh\u1ea3 n\u0103ng t\u01b0\u01a1ng th\u00edch ph\u1ed5 bi\u1ebfn:** \u0110\u01b0\u1ee3c thi\u1ebft k\u1ebf \u0111\u1ec3 ph\u00f9 h\u1ee3p v\u1edbi nhi\u1ec1u lo\u1ea1i \u0111\u1ed9ng c\u01a1 x\u0103ng nh\u1ecf, s\u1ea3n ph\u1ea9m n\u00e0y c\u00f3 t\u00ednh linh ho\u1ea1t v\u00e0 d\u1ec5 l\u1eafp \u0111\u1eb7t, gi\u00fap n\u00e2ng c\u1ea5p thu\u1eadn ti\u1ec7n cho nhi\u1ec1u \u1ee9ng d\u1ee5ng kh\u00e1c nhau.<\/p>\n<p>**Nh\u1eefng l\u1ee3i \u00edch:**<\/p>\n<p>\u2013 **N\u0103ng su\u1ea5t t\u0103ng:** Kh\u1ea3 n\u0103ng n\u00e2ng cao \u0111\u1ea3m b\u1ea3o vi\u1ec7c chuy\u1ec3n n\u01b0\u1edbc th\u1ea3i nhanh h\u01a1n v\u00e0 hi\u1ec7u qu\u1ea3 h\u01a1n, gi\u1ea3m th\u1eddi gian ch\u1ebft v\u00e0 t\u0103ng n\u0103ng su\u1ea5t chung.<br \/>\n\u2013 **Gi\u1ea3i ph\u00e1p ti\u1ebft ki\u1ec7m chi ph\u00ed:** V\u1edbi k\u1ebft c\u1ea5u b\u1ec1n b\u1ec9 v\u00e0 thi\u1ebft k\u1ebf ti\u1ebft ki\u1ec7m nhi\u00ean li\u1ec7u, s\u1ea3n ph\u1ea9m n\u00e0y mang l\u1ea1i gi\u00e1 tr\u1ecb v\u01b0\u1ee3t tr\u1ed9i b\u1eb1ng c\u00e1ch gi\u1ea3m thi\u1ec3u chi ph\u00ed b\u1ea3o tr\u00ec v\u00e0 chi ph\u00ed v\u1eadn h\u00e0nh.<br \/>\n\u2013 **Hi\u1ec7u su\u1ea5t th\u00e2n thi\u1ec7n v\u1edbi m\u00f4i tr\u01b0\u1eddng:** B\u1eb1ng c\u00e1ch c\u1ea3i thi\u1ec7n hi\u1ec7u su\u1ea5t \u0111\u1ed9ng c\u01a1 v\u00e0 gi\u1ea3m m\u1ee9c ti\u00eau th\u1ee5 nhi\u00ean li\u1ec7u, n\u00f3 h\u1ed7 tr\u1ee3 c\u00e1c ho\u1ea1t \u0111\u1ed9ng th\u00e2n thi\u1ec7n v\u1edbi m\u00f4i tr\u01b0\u1eddng.<br \/>\n\u2013 **An t\u00e2m:** \u0110\u01b0\u1ee3c h\u1ed7 tr\u1ee3 b\u1edfi qu\u00e1 tr\u00ecnh th\u1eed nghi\u1ec7m ch\u1ea5t l\u01b0\u1ee3ng nghi\u00eam ng\u1eb7t, linh ki\u1ec7n n\u00e0y mang l\u1ea1i hi\u1ec7u su\u1ea5t \u0111\u00e1ng tin c\u1eady m\u00e0 b\u1ea1n c\u00f3 th\u1ec3 tin t\u01b0\u1edfng, ngay c\u1ea3 trong nh\u1eefng \u0111i\u1ec1u ki\u1ec7n kh\u00f3 kh\u0103n nh\u1ea5t.<\/p>\n<p>**Gi\u00e1 tr\u1ecb \u0111\u1ec1 xu\u1ea5t:**<\/p>\n<p>High-Lift Effluent Three Links for Small Gasoline Engines kh\u00f4ng ch\u1ec9 l\u00e0 m\u1ed9t th\u00e0nh ph\u1ea7n \u2013 m\u00e0 c\u00f2n l\u00e0 m\u1ed9t b\u01b0\u1edbc ngo\u1eb7t cho b\u1ea5t k\u1ef3 ai d\u1ef1a v\u00e0o \u0111\u1ed9ng c\u01a1 nh\u1ecf cho c\u00e1c nhi\u1ec7m v\u1ee5 quan tr\u1ecdng. Cho d\u00f9 b\u1ea1n l\u00e0 m\u1ed9t ng\u01b0\u1eddi n\u00f4ng d\u00e2n qu\u1ea3n l\u00fd h\u1ec7 th\u1ed1ng t\u01b0\u1edbi ti\u00eau, m\u1ed9t nh\u00e0 \u0111i\u1ec1u h\u00e0nh c\u00f4ng nghi\u1ec7p x\u1eed l\u00fd vi\u1ec7c chuy\u1ec3n n\u01b0\u1edbc th\u1ea3i hay m\u1ed9t ng\u01b0\u1eddi \u0111am m\u00ea DIY \u0111ang t\u00ecm ki\u1ebfm hi\u1ec7u su\u1ea5t h\u00e0ng \u0111\u1ea7u, s\u1ea3n ph\u1ea9m n\u00e0y mang l\u1ea1i \u0111\u1ed9 tin c\u1eady, hi\u1ec7u qu\u1ea3 v\u00e0 gi\u00e1 tr\u1ecb v\u00f4 song. N\u00e2ng c\u1ea5p \u0111\u1ed9ng c\u01a1 c\u1ee7a b\u1ea1n ngay h\u00f4m nay v\u00e0 tr\u1ea3i nghi\u1ec7m s\u1ef1 kh\u00e1c bi\u1ec7t v\u1ec1 c\u00f4ng su\u1ea5t, \u0111\u1ed9 ch\u00ednh x\u00e1c v\u00e0 s\u1ef1 an t\u00e2m.<\/p>","protected":false},"excerpt":{"rendered":"<p>High-Lift Effluent Three Links for Small Gasoline Engines l\u00e0 m\u1ed9t th\u00e0nh ph\u1ea7n b\u1ec1n b\u1ec9, hi\u1ec7u su\u1ea5t cao \u0111\u01b0\u1ee3c thi\u1ebft k\u1ebf \u0111\u1ec3 t\u1ed1i \u01b0u h\u00f3a vi\u1ec7c truy\u1ec1n ch\u1ea5t l\u1ecfng trong c\u00e1c \u0111\u1ed9ng c\u01a1 nh\u1ecf. C\u00e1c t\u00ednh n\u0103ng ch\u00ednh bao g\u1ed3m k\u1ebft c\u1ea5u ch\u1eafc ch\u1eafn \u0111\u1ec3 s\u1eed d\u1ee5ng l\u00e2u d\u00e0i, kh\u1ea3 n\u0103ng n\u00e2ng cao \u0111\u1ec3 di chuy\u1ec3n ch\u1ea5t l\u1ecfng hi\u1ec7u qu\u1ea3 v\u00e0 kh\u1ea3 n\u0103ng t\u01b0\u01a1ng th\u00edch v\u1edbi nhi\u1ec1u lo\u1ea1i \u0111\u1ed9ng c\u01a1 x\u0103ng nh\u1ecf. Thi\u1ebft k\u1ebf \u0111\u1ed9c \u0111\u00e1o c\u1ee7a n\u00f3 \u0111\u1ea3m b\u1ea3o ho\u1ea1t \u0111\u1ed9ng \u0111\u00e1ng tin c\u1eady trong c\u00e1c \u0111i\u1ec1u ki\u1ec7n kh\u1eafc nghi\u1ec7t, khi\u1ebfn n\u00f3 tr\u1edf n\u00ean l\u00fd t\u01b0\u1edfng cho c\u00e1c \u1ee9ng d\u1ee5ng n\u00f4ng nghi\u1ec7p, c\u00f4ng nghi\u1ec7p ho\u1eb7c d\u00e2n d\u1ee5ng. S\u1ea3n ph\u1ea9m n\u00e2ng cao hi\u1ec7u su\u1ea5t \u0111\u1ed9ng c\u01a1, gi\u1ea3m nhu c\u1ea7u b\u1ea3o tr\u00ec v\u00e0 mang l\u1ea1i gi\u00e1 tr\u1ecb v\u01b0\u1ee3t tr\u1ed9i th\u00f4ng qua k\u1ef9 thu\u1eadt ch\u00ednh x\u00e1c v\u00e0 t\u00ednh linh ho\u1ea1t c\u1ee7a n\u00f3.<\/p>","protected":false},"featured_media":4800,"template":"","meta":{"_kad_post_transparent":"default","_kad_post_title":"","_kad_post_layout":"default","_kad_post_sidebar_id":"","_kad_post_content_style":"default","_kad_post_vertical_padding":"default","_kad_post_feature":"","_kad_post_feature_position":"","_kad_post_header":false,"_kad_post_footer":false,"powered_cache_disable_cache":false,"powered_cache_disable_lazyload":false},"product_brand":[],"product_cat":[20,101],"product_tag":[],"class_list":{"0":"post-4809","1":"product","2":"type-product","3":"status-publish","4":"has-post-thumbnail","6":"product_cat-gasoline-engine-parts","7":"product_cat-high-lift-parts","9":"first","10":"instock","11":"shipping-taxable","12":"product-type-simple","13":"entry","14":"content-bg","15":"loop-entry"},"yoast_head":"<!-- This site is optimized with the Yoast SEO Premium plugin v23.5 (Yoast SEO v24.4) - https:\/\/yoast.com\/wordpress\/plugins\/seo\/ -->\n<title>High-lift effluent three linls For Small gasoline engine - Small Engine \/ Power Equipment &amp; Parts supply chains EnerChains<\/title>\n<meta name=\"description\" content=\"High-lift effluent three links for small gasoline engines ensure efficient fluid transfer, durability, and optimal performance in compact engine systems.- Small Engine \/ Power Equipment &amp; Parts supply chains EnerChains\" \/>\n<meta name=\"robots\" content=\"index, follow, max-snippet:-1, max-image-preview:large, max-video-preview:-1\" \/>\n<link rel=\"canonical\" href=\"https:\/\/enerchains.com\/vi\/san-pham\/high-lift-effluent-three-linls\/\" \/>\n<meta property=\"og:locale\" content=\"vi_VN\" \/>\n<meta property=\"og:type\" content=\"article\" \/>\n<meta property=\"og:title\" content=\"High-lift effluent three linls For Small gasoline engine\" \/>\n<meta property=\"og:description\" content=\"High-lift effluent three links for small gasoline engines ensure efficient fluid transfer, durability, and optimal performance in compact engine systems.- Small Engine \/ Power Equipment &amp; Parts supply chains EnerChains\" \/>\n<meta property=\"og:url\" content=\"https:\/\/enerchains.com\/vi\/san-pham\/high-lift-effluent-three-linls\/\" \/>\n<meta property=\"og:site_name\" content=\"Small Engine \/ Power Equipment &amp; Parts supply chains EnerChains\" \/>\n<meta property=\"article:modified_time\" content=\"2025-01-15T14:55:54+00:00\" \/>\n<meta property=\"og:image\" content=\"https:\/\/enerchains.com\/wp-content\/uploads\/2024\/11\/High-lift-effluent-three-linls.png\" \/>\n\t<meta property=\"og:image:width\" content=\"800\" \/>\n\t<meta property=\"og:image:height\" content=\"800\" \/>\n\t<meta property=\"og:image:type\" content=\"image\/png\" \/>\n<meta name=\"twitter:card\" content=\"summary_large_image\" \/>\n<meta name=\"twitter:label1\" content=\"Gi\u00e1\" \/>\n\t<meta name=\"twitter:data1\" content=\"\" \/>\n\t<meta name=\"twitter:label2\" content=\"Kh\u1ea3 d\u1ee5ng\" \/>\n\t<meta name=\"twitter:data2\" content=\"Trong kho\" \/>\n<script type=\"application\/ld+json\" class=\"yoast-schema-graph\">{\"@context\":\"https:\/\/schema.org\",\"@graph\":[{\"@type\":[\"WebPage\",\"ItemPage\"],\"@id\":\"https:\/\/enerchains.com\/product\/high-lift-effluent-three-linls\/\",\"url\":\"https:\/\/enerchains.com\/product\/high-lift-effluent-three-linls\/\",\"name\":\"High-lift effluent three linls For Small gasoline engine - Small Engine \/ Power Equipment &amp; Parts supply chains EnerChains\",\"isPartOf\":{\"@id\":\"https:\/\/enerchains.com\/#website\"},\"primaryImageOfPage\":{\"@id\":\"https:\/\/enerchains.com\/product\/high-lift-effluent-three-linls\/#primaryimage\"},\"image\":{\"@id\":\"https:\/\/enerchains.com\/product\/high-lift-effluent-three-linls\/#primaryimage\"},\"thumbnailUrl\":\"https:\/\/enerchains.com\/wp-content\/uploads\/2024\/11\/High-lift-effluent-three-linls.png\",\"datePublished\":\"2024-11-08T03:21:03+00:00\",\"dateModified\":\"2025-01-15T14:55:54+00:00\",\"description\":\"High-lift effluent three links for small gasoline engines ensure efficient fluid transfer, durability, and optimal performance in compact engine systems.- Small Engine \/ Power Equipment &amp; Parts supply chains EnerChains\",\"breadcrumb\":{\"@id\":\"https:\/\/enerchains.com\/product\/high-lift-effluent-three-linls\/#breadcrumb\"},\"inLanguage\":\"vi\",\"potentialAction\":[{\"@type\":\"ReadAction\",\"target\":[\"https:\/\/enerchains.com\/product\/high-lift-effluent-three-linls\/\"]}]},{\"@type\":\"ImageObject\",\"inLanguage\":\"vi\",\"@id\":\"https:\/\/enerchains.com\/product\/high-lift-effluent-three-linls\/#primaryimage\",\"url\":\"https:\/\/enerchains.com\/wp-content\/uploads\/2024\/11\/High-lift-effluent-three-linls.png\",\"contentUrl\":\"https:\/\/enerchains.com\/wp-content\/uploads\/2024\/11\/High-lift-effluent-three-linls.png\",\"width\":800,\"height\":800,\"caption\":\"5KW shock absobing feet\"},{\"@type\":\"BreadcrumbList\",\"@id\":\"https:\/\/enerchains.com\/product\/high-lift-effluent-three-linls\/#breadcrumb\",\"itemListElement\":[{\"@type\":\"ListItem\",\"position\":1,\"name\":\"\u9996\u9875\",\"item\":\"https:\/\/enerchains.com\/\"},{\"@type\":\"ListItem\",\"position\":2,\"name\":\"Products\",\"item\":\"https:\/\/enerchains.com\/products\/\"},{\"@type\":\"ListItem\",\"position\":3,\"name\":\"High-lift effluent three linls For Small gasoline engine\"}]},{\"@type\":\"WebSite\",\"@id\":\"https:\/\/enerchains.com\/#website\",\"url\":\"https:\/\/enerchains.com\/\",\"name\":\"Small Engines & Power Equipment Supplier - EnerChains\",\"description\":\"China manufacturer of gasoline engines, diesel engines, power equipment\",\"publisher\":{\"@id\":\"https:\/\/enerchains.com\/#organization\"},\"alternateName\":\"Gasolin Power Engine \/ Diesel Engline & Spare Parts Factory\",\"potentialAction\":[{\"@type\":\"SearchAction\",\"target\":{\"@type\":\"EntryPoint\",\"urlTemplate\":\"https:\/\/enerchains.com\/?s={search_term_string}\"},\"query-input\":{\"@type\":\"PropertyValueSpecification\",\"valueRequired\":true,\"valueName\":\"search_term_string\"}}],\"inLanguage\":\"vi\"},{\"@type\":\"Organization\",\"@id\":\"https:\/\/enerchains.com\/#organization\",\"name\":\"Enerchains (Chongqing) General Machinery Equipment Co., Ltd\",\"url\":\"https:\/\/enerchains.com\/\",\"logo\":{\"@type\":\"ImageObject\",\"inLanguage\":\"vi\",\"@id\":\"https:\/\/enerchains.com\/#\/schema\/logo\/image\/\",\"url\":\"https:\/\/enerchains.com\/wp-content\/uploads\/2024\/08\/EnerChains-Chongqing-e1724030883863.png\",\"contentUrl\":\"https:\/\/enerchains.com\/wp-content\/uploads\/2024\/08\/EnerChains-Chongqing-e1724030883863.png\",\"width\":2439,\"height\":694,\"caption\":\"Enerchains (Chongqing) General Machinery Equipment Co., Ltd\"},\"image\":{\"@id\":\"https:\/\/enerchains.com\/#\/schema\/logo\/image\/\"}}]}<\/script>\n<meta property=\"product:price:amount\" content=\"0.00\" \/>\n<meta property=\"product:price:currency\" content=\"CNY\" \/>\n<meta property=\"og:availability\" content=\"instock\" \/>\n<meta property=\"product:availability\" content=\"instock\" \/>\n<meta property=\"product:condition\" content=\"new\" \/>\n<!-- \/ Yoast SEO Premium plugin. -->","yoast_head_json":{"title":"High-lift effluent three linls For Small gasoline engine - Small Engine \/ Power Equipment &amp; Parts supply chains EnerChains","description":"High-lift effluent three links for small gasoline engines ensure efficient fluid transfer, durability, and optimal performance in compact engine systems.- Small Engine \/ Power Equipment &amp; Parts supply chains EnerChains","robots":{"index":"index","follow":"follow","max-snippet":"max-snippet:-1","max-image-preview":"max-image-preview:large","max-video-preview":"max-video-preview:-1"},"canonical":"https:\/\/enerchains.com\/vi\/san-pham\/high-lift-effluent-three-linls\/","og_locale":"vi_VN","og_type":"article","og_title":"High-lift effluent three linls For Small gasoline engine","og_description":"High-lift effluent three links for small gasoline engines ensure efficient fluid transfer, durability, and optimal performance in compact engine systems.- Small Engine \/ Power Equipment &amp; Parts supply chains EnerChains","og_url":"https:\/\/enerchains.com\/vi\/san-pham\/high-lift-effluent-three-linls\/","og_site_name":"Small Engine \/ Power Equipment &amp; Parts supply chains EnerChains","article_modified_time":"2025-01-15T14:55:54+00:00","og_image":[{"width":800,"height":800,"url":"https:\/\/enerchains.com\/wp-content\/uploads\/2024\/11\/High-lift-effluent-three-linls.png","type":"image\/png"}],"twitter_card":"summary_large_image","twitter_misc":{"Gi\u00e1":"","Kh\u1ea3 d\u1ee5ng":"Trong kho"},"schema":{"@context":"https:\/\/schema.org","@graph":[{"@type":["WebPage","ItemPage"],"@id":"https:\/\/enerchains.com\/product\/high-lift-effluent-three-linls\/","url":"https:\/\/enerchains.com\/product\/high-lift-effluent-three-linls\/","name":"High-lift effluent three linls For Small gasoline engine - Small Engine \/ Power Equipment &amp; Parts supply chains EnerChains","isPartOf":{"@id":"https:\/\/enerchains.com\/#website"},"primaryImageOfPage":{"@id":"https:\/\/enerchains.com\/product\/high-lift-effluent-three-linls\/#primaryimage"},"image":{"@id":"https:\/\/enerchains.com\/product\/high-lift-effluent-three-linls\/#primaryimage"},"thumbnailUrl":"https:\/\/enerchains.com\/wp-content\/uploads\/2024\/11\/High-lift-effluent-three-linls.png","datePublished":"2024-11-08T03:21:03+00:00","dateModified":"2025-01-15T14:55:54+00:00","description":"High-lift effluent three links for small gasoline engines ensure efficient fluid transfer, durability, and optimal performance in compact engine systems.- Small Engine \/ Power Equipment &amp; Parts supply chains EnerChains","breadcrumb":{"@id":"https:\/\/enerchains.com\/product\/high-lift-effluent-three-linls\/#breadcrumb"},"inLanguage":"vi","potentialAction":[{"@type":"ReadAction","target":["https:\/\/enerchains.com\/product\/high-lift-effluent-three-linls\/"]}]},{"@type":"ImageObject","inLanguage":"vi","@id":"https:\/\/enerchains.com\/product\/high-lift-effluent-three-linls\/#primaryimage","url":"https:\/\/enerchains.com\/wp-content\/uploads\/2024\/11\/High-lift-effluent-three-linls.png","contentUrl":"https:\/\/enerchains.com\/wp-content\/uploads\/2024\/11\/High-lift-effluent-three-linls.png","width":800,"height":800,"caption":"5KW shock absobing feet"},{"@type":"BreadcrumbList","@id":"https:\/\/enerchains.com\/product\/high-lift-effluent-three-linls\/#breadcrumb","itemListElement":[{"@type":"ListItem","position":1,"name":"\u9996\u9875","item":"https:\/\/enerchains.com\/"},{"@type":"ListItem","position":2,"name":"Products","item":"https:\/\/enerchains.com\/products\/"},{"@type":"ListItem","position":3,"name":"High-lift effluent three linls For Small gasoline engine"}]},{"@type":"WebSite","@id":"https:\/\/enerchains.com\/#website","url":"https:\/\/enerchains.com\/","name":"Small Engines & Power Equipment Supplier - EnerChains","description":"China manufacturer of gasoline engines, diesel engines, power equipment","publisher":{"@id":"https:\/\/enerchains.com\/#organization"},"alternateName":"Gasolin Power Engine \/ Diesel Engline & Spare Parts Factory","potentialAction":[{"@type":"SearchAction","target":{"@type":"EntryPoint","urlTemplate":"https:\/\/enerchains.com\/?s={search_term_string}"},"query-input":{"@type":"PropertyValueSpecification","valueRequired":true,"valueName":"search_term_string"}}],"inLanguage":"vi"},{"@type":"Organization","@id":"https:\/\/enerchains.com\/#organization","name":"Enerchains (Chongqing) General Machinery Equipment Co., Ltd","url":"https:\/\/enerchains.com\/","logo":{"@type":"ImageObject","inLanguage":"vi","@id":"https:\/\/enerchains.com\/#\/schema\/logo\/image\/","url":"https:\/\/enerchains.com\/wp-content\/uploads\/2024\/08\/EnerChains-Chongqing-e1724030883863.png","contentUrl":"https:\/\/enerchains.com\/wp-content\/uploads\/2024\/08\/EnerChains-Chongqing-e1724030883863.png","width":2439,"height":694,"caption":"Enerchains (Chongqing) General Machinery Equipment Co., Ltd"},"image":{"@id":"https:\/\/enerchains.com\/#\/schema\/logo\/image\/"}}]},"product_price_amount":"0.00","product_price_currency":"CNY","og_availability":"instock","product_availability":"instock","product_condition":"new"},"_links":{"self":[{"href":"https:\/\/enerchains.com\/vi\/wp-json\/wp\/v2\/product\/4809","targetHints":{"allow":["GET"]}}],"collection":[{"href":"https:\/\/enerchains.com\/vi\/wp-json\/wp\/v2\/product"}],"about":[{"href":"https:\/\/enerchains.com\/vi\/wp-json\/wp\/v2\/types\/product"}],"wp:featuredmedia":[{"embeddable":true,"href":"https:\/\/enerchains.com\/vi\/wp-json\/wp\/v2\/media\/4800"}],"wp:attachment":[{"href":"https:\/\/enerchains.com\/vi\/wp-json\/wp\/v2\/media?parent=4809"}],"wp:term":[{"taxonomy":"product_brand","embeddable":true,"href":"https:\/\/enerchains.com\/vi\/wp-json\/wp\/v2\/product_brand?post=4809"},{"taxonomy":"product_cat","embeddable":true,"href":"https:\/\/enerchains.com\/vi\/wp-json\/wp\/v2\/product_cat?post=4809"},{"taxonomy":"product_tag","embeddable":true,"href":"https:\/\/enerchains.com\/vi\/wp-json\/wp\/v2\/product_tag?post=4809"}],"curies":[{"name":"wp","href":"https:\/\/api.w.org\/{rel}","templated":true}]}}