{"id":4805,"date":"2024-11-08T03:18:50","date_gmt":"2024-11-08T03:18:50","guid":{"rendered":"https:\/\/enerchains.com\/?post_type=product&#038;p=4805"},"modified":"2025-01-15T15:31:05","modified_gmt":"2025-01-15T15:31:05","slug":"diesel-engine-end-cover-5kw","status":"publish","type":"product","link":"https:\/\/enerchains.com\/vi\/san-pham\/diesel-engine-end-cover-5kw\/","title":{"rendered":"n\u1eafp \u0111\u1ea7u \u0111\u1ed9ng c\u01a1 diesel 5KW ph\u1ee5 t\u00f9ng thay th\u1ebf cho \u0111\u1ed9ng c\u01a1 diesel nh\u1ecf"},"content":{"rendered":"<p>N\u1eafp \u0111\u1ea7u \u0111\u1ed9ng c\u01a1 Diesel 5KW l\u00e0 ph\u1ee5 t\u00f9ng thay th\u1ebf cao c\u1ea5p \u0111\u01b0\u1ee3c thi\u1ebft k\u1ebf d\u00e0nh ri\u00eang cho \u0111\u1ed9ng c\u01a1 diesel nh\u1ecf, \u0111\u1ea3m b\u1ea3o hi\u1ec7u su\u1ea5t v\u00e0 \u0111\u1ed9 b\u1ec1n t\u1ed1i \u01b0u. \u0110\u01b0\u1ee3c ch\u1ebf t\u1ea1o b\u1eb1ng k\u1ef9 thu\u1eadt ch\u00ednh x\u00e1c, n\u1eafp \u0111\u1ea7u n\u00e0y \u0111\u01b0\u1ee3c ch\u1ebf t\u1ea1o t\u1eeb v\u1eadt li\u1ec7u ch\u1ecbu nhi\u1ec7t ch\u1ea5t l\u01b0\u1ee3ng cao \u0111\u1ec3 ch\u1ecbu \u0111\u01b0\u1ee3c s\u1ef1 kh\u1eafc nghi\u1ec7t c\u1ee7a ho\u1ea1t \u0111\u1ed9ng \u0111\u1ed9ng c\u01a1 \u0111\u00f2i h\u1ecfi kh\u1eaft khe. C\u1ea5u tr\u00fac ch\u1eafc ch\u1eafn c\u1ee7a n\u00f3 \u0111\u1ea3m b\u1ea3o \u0111\u1ed9 tin c\u1eady l\u00e2u d\u00e0i, khi\u1ebfn n\u00f3 tr\u1edf th\u00e0nh m\u1ed9t th\u00e0nh ph\u1ea7n thi\u1ebft y\u1ebfu \u0111\u1ec3 duy tr\u00ec hi\u1ec7u qu\u1ea3 v\u00e0 tu\u1ed5i th\u1ecd c\u1ee7a \u0111\u1ed9ng c\u01a1 diesel 5KW c\u1ee7a b\u1ea1n.<\/p>\n<p>N\u1eafp \u0111\u1eady \u0111\u1ea7u n\u00e0y \u0111\u01b0\u1ee3c thi\u1ebft k\u1ebf \u0111\u1ec3 v\u1eeba v\u1eb7n ho\u00e0n h\u1ea3o, \u0111\u1ea3m b\u1ea3o kh\u1ea3 n\u0103ng t\u01b0\u01a1ng th\u00edch li\u1ec1n m\u1ea1ch v\u1edbi nhi\u1ec1u m\u1eabu \u0111\u1ed9ng c\u01a1 diesel nh\u1ecf. B\u1ec1 m\u1eb7t \u0111\u01b0\u1ee3c gia c\u00f4ng ch\u00ednh x\u00e1c c\u1ee7a n\u00f3 \u0111\u1ea3m b\u1ea3o \u0111\u1ed9 k\u00edn kh\u00edt, ng\u0103n ng\u1eeba r\u00f2 r\u1ec9 d\u1ea7u v\u00e0 b\u1ea3o v\u1ec7 c\u00e1c b\u1ed9 ph\u1eadn b\u00ean trong \u0111\u1ed9ng c\u01a1 kh\u1ecfi ch\u1ea5t g\u00e2y \u00f4 nhi\u1ec5m. K\u1ebft qu\u1ea3 l\u00e0 c\u1ea3i thi\u1ec7n hi\u1ec7u su\u1ea5t \u0111\u1ed9ng c\u01a1, gi\u1ea3m chi ph\u00ed b\u1ea3o d\u01b0\u1ee1ng v\u00e0 n\u00e2ng cao hi\u1ec7u qu\u1ea3 ho\u1ea1t \u0111\u1ed9ng.<\/p>\n<p>C\u00e1c t\u00ednh n\u0103ng ch\u00ednh bao g\u1ed3m kh\u1ea3 n\u0103ng ch\u1ed1ng \u0103n m\u00f2n, \u0111\u1ed9 \u1ed5n \u0111\u1ecbnh nhi\u1ec7t cao v\u00e0 \u0111\u1ed9 b\u1ec1n \u0111\u1eb7c bi\u1ec7t, khi\u1ebfn n\u00f3 tr\u1edf n\u00ean l\u00fd t\u01b0\u1edfng \u0111\u1ec3 s\u1eed d\u1ee5ng trong m\u00f4i tr\u01b0\u1eddng kh\u1eafc nghi\u1ec7t. Cho d\u00f9 b\u1ea1n \u0111ang thay th\u1ebf m\u1ed9t b\u1ed9 ph\u1eadn b\u1ecb m\u00f2n hay n\u00e2ng c\u1ea5p hi\u1ec7u su\u1ea5t c\u1ee7a \u0111\u1ed9ng c\u01a1, n\u1eafp \u0111\u1ea7u n\u00e0y mang l\u1ea1i gi\u00e1 tr\u1ecb v\u00f4 song b\u1eb1ng c\u00e1ch gi\u1ea3m thi\u1ec3u th\u1eddi gian ch\u1ebft v\u00e0 t\u1ed1i \u0111a h\u00f3a n\u0103ng su\u1ea5t.<\/p>\n<p>\u0110\u1ed1i v\u1edbi th\u1ee3 m\u00e1y, n\u00f4ng d\u00e2n ho\u1eb7c ng\u01b0\u1eddi d\u00f9ng c\u00f4ng nghi\u1ec7p d\u1ef1a v\u00e0o \u0111\u1ed9ng c\u01a1 diesel nh\u1ecf, ph\u1ee5 t\u00f9ng n\u00e0y mang l\u1ea1i s\u1ef1 an t\u00e2m v\u00e0 hi\u1ec7u su\u1ea5t \u0111\u00e1ng tin c\u1eady. \u0110\u1ea7u t\u01b0 v\u00e0o N\u1eafp \u0111\u1ea7u \u0111\u1ed9ng c\u01a1 diesel 5KW \u0111\u1ec3 \u0111\u1ea3m b\u1ea3o \u0111\u1ed9ng c\u01a1 c\u1ee7a b\u1ea1n ch\u1ea1y tr\u01a1n tru, hi\u1ec7u qu\u1ea3 v\u00e0 \u0111\u00e1ng tin c\u1eady trong nhi\u1ec1u n\u0103m t\u1edbi.<\/p>","protected":false},"excerpt":{"rendered":"<p>N\u1eafp \u0111\u1ea7u \u0111\u1ed9ng c\u01a1 diesel 5KW l\u00e0 m\u1ed9t b\u1ed9 ph\u1eadn b\u1ec1n, \u0111\u01b0\u1ee3c thi\u1ebft k\u1ebf ch\u00ednh x\u00e1c d\u00e0nh cho \u0111\u1ed9ng c\u01a1 diesel nh\u1ecf. N\u00f3 \u0111\u1ea3m b\u1ea3o hi\u1ec7u su\u1ea5t \u0111\u1ed9ng c\u01a1 t\u1ed1i \u01b0u b\u1eb1ng c\u00e1ch cung c\u1ea5p m\u1ed9t l\u1edbp ni\u00eam phong an to\u00e0n v\u00e0 b\u1ea3o v\u1ec7 c\u00e1c b\u1ed9 ph\u1eadn b\u00ean trong kh\u1ecfi ch\u1ea5t g\u00e2y \u00f4 nhi\u1ec5m. \u0110\u01b0\u1ee3c l\u00e0m t\u1eeb v\u1eadt li\u1ec7u ch\u1ea5t l\u01b0\u1ee3ng cao, n\u00f3 c\u00f3 kh\u1ea3 n\u0103ng ch\u1ecbu nhi\u1ec7t, \u0111\u1ed9 b\u1ec1n v\u00e0 \u0111\u1ed9 tin c\u1eady tuy\u1ec7t v\u1eddi. Kh\u1ea3 n\u0103ng t\u01b0\u01a1ng th\u00edch v\u1edbi \u0111\u1ed9ng c\u01a1 diesel 5KW khi\u1ebfn n\u00f3 tr\u1edf th\u00e0nh m\u1ed9t b\u1ed9 ph\u1eadn thay th\u1ebf thi\u1ebft y\u1ebfu \u0111\u1ec3 duy tr\u00ec hi\u1ec7u su\u1ea5t v\u00e0 k\u00e9o d\u00e0i tu\u1ed5i th\u1ecd \u0111\u1ed9ng c\u01a1. L\u00fd t\u01b0\u1edfng cho vi\u1ec7c s\u1eeda ch\u1eefa v\u00e0 b\u1ea3o d\u01b0\u1ee1ng, n\u00f3 mang l\u1ea1i hi\u1ec7u su\u1ea5t ti\u1ebft ki\u1ec7m chi ph\u00ed v\u00e0 ho\u1ea1t \u0111\u1ed9ng \u0111\u00e1ng tin c\u1eady.<\/p>","protected":false},"featured_media":4793,"template":"","meta":{"_kad_post_transparent":"default","_kad_post_title":"","_kad_post_layout":"default","_kad_post_sidebar_id":"","_kad_post_content_style":"default","_kad_post_vertical_padding":"default","_kad_post_feature":"","_kad_post_feature_position":"","_kad_post_header":false,"_kad_post_footer":false,"powered_cache_disable_cache":false,"powered_cache_disable_lazyload":false},"product_brand":[],"product_cat":[98,47],"product_tag":[],"class_list":{"0":"post-4805","1":"product","2":"type-product","3":"status-publish","4":"has-post-thumbnail","6":"product_cat-diesel-engine-end-cover","7":"product_cat-diesel-engine-parts","9":"first","10":"instock","11":"shipping-taxable","12":"product-type-simple","13":"entry","14":"content-bg","15":"loop-entry"},"yoast_head":"<!-- This site is optimized with the Yoast SEO Premium plugin v23.5 (Yoast SEO v24.4) - https:\/\/yoast.com\/wordpress\/plugins\/seo\/ -->\n<title>diesel engine end cover 5KW spare parts for small diesel engine - Small Engine \/ Power Equipment &amp; Parts supply chains EnerChains<\/title>\n<meta name=\"description\" content=\"- Small Engine \/ Power Equipment &amp; Parts supply chains EnerChains\" \/>\n<meta name=\"robots\" content=\"index, follow, max-snippet:-1, max-image-preview:large, max-video-preview:-1\" \/>\n<link rel=\"canonical\" href=\"https:\/\/enerchains.com\/vi\/san-pham\/diesel-engine-end-cover-5kw\/\" \/>\n<meta property=\"og:locale\" content=\"vi_VN\" \/>\n<meta property=\"og:type\" content=\"article\" \/>\n<meta property=\"og:title\" content=\"diesel engine end cover 5KW spare parts for small diesel engine\" \/>\n<meta property=\"og:description\" content=\"- Small Engine \/ Power Equipment &amp; Parts supply chains EnerChains\" \/>\n<meta property=\"og:url\" content=\"https:\/\/enerchains.com\/vi\/san-pham\/diesel-engine-end-cover-5kw\/\" \/>\n<meta property=\"og:site_name\" content=\"Small Engine \/ Power Equipment &amp; Parts supply chains EnerChains\" \/>\n<meta property=\"article:modified_time\" content=\"2025-01-15T15:31:05+00:00\" \/>\n<meta property=\"og:image\" content=\"https:\/\/enerchains.com\/wp-content\/uploads\/2024\/11\/diesel-engine-end-cover-5KW.png\" \/>\n\t<meta property=\"og:image:width\" content=\"800\" \/>\n\t<meta property=\"og:image:height\" content=\"800\" \/>\n\t<meta property=\"og:image:type\" content=\"image\/png\" \/>\n<meta name=\"twitter:card\" content=\"summary_large_image\" \/>\n<meta name=\"twitter:label1\" content=\"Gi\u00e1\" \/>\n\t<meta name=\"twitter:data1\" content=\"\" \/>\n\t<meta name=\"twitter:label2\" content=\"Kh\u1ea3 d\u1ee5ng\" \/>\n\t<meta name=\"twitter:data2\" content=\"Trong kho\" \/>\n<script type=\"application\/ld+json\" class=\"yoast-schema-graph\">{\"@context\":\"https:\/\/schema.org\",\"@graph\":[{\"@type\":[\"WebPage\",\"ItemPage\"],\"@id\":\"https:\/\/enerchains.com\/product\/diesel-engine-end-cover-5kw\/\",\"url\":\"https:\/\/enerchains.com\/product\/diesel-engine-end-cover-5kw\/\",\"name\":\"diesel engine end cover 5KW spare parts for small diesel engine - Small Engine \/ Power Equipment &amp; Parts supply chains EnerChains\",\"isPartOf\":{\"@id\":\"https:\/\/enerchains.com\/#website\"},\"primaryImageOfPage\":{\"@id\":\"https:\/\/enerchains.com\/product\/diesel-engine-end-cover-5kw\/#primaryimage\"},\"image\":{\"@id\":\"https:\/\/enerchains.com\/product\/diesel-engine-end-cover-5kw\/#primaryimage\"},\"thumbnailUrl\":\"https:\/\/enerchains.com\/wp-content\/uploads\/2024\/11\/diesel-engine-end-cover-5KW.png\",\"datePublished\":\"2024-11-08T03:18:50+00:00\",\"dateModified\":\"2025-01-15T15:31:05+00:00\",\"description\":\"- Small Engine \/ Power Equipment &amp; Parts supply chains EnerChains\",\"breadcrumb\":{\"@id\":\"https:\/\/enerchains.com\/product\/diesel-engine-end-cover-5kw\/#breadcrumb\"},\"inLanguage\":\"vi\",\"potentialAction\":[{\"@type\":\"ReadAction\",\"target\":[\"https:\/\/enerchains.com\/product\/diesel-engine-end-cover-5kw\/\"]}]},{\"@type\":\"ImageObject\",\"inLanguage\":\"vi\",\"@id\":\"https:\/\/enerchains.com\/product\/diesel-engine-end-cover-5kw\/#primaryimage\",\"url\":\"https:\/\/enerchains.com\/wp-content\/uploads\/2024\/11\/diesel-engine-end-cover-5KW.png\",\"contentUrl\":\"https:\/\/enerchains.com\/wp-content\/uploads\/2024\/11\/diesel-engine-end-cover-5KW.png\",\"width\":800,\"height\":800,\"caption\":\"5KW shock absobing feet For Small gasoline engine\"},{\"@type\":\"BreadcrumbList\",\"@id\":\"https:\/\/enerchains.com\/product\/diesel-engine-end-cover-5kw\/#breadcrumb\",\"itemListElement\":[{\"@type\":\"ListItem\",\"position\":1,\"name\":\"\u9996\u9875\",\"item\":\"https:\/\/enerchains.com\/\"},{\"@type\":\"ListItem\",\"position\":2,\"name\":\"Products\",\"item\":\"https:\/\/enerchains.com\/products\/\"},{\"@type\":\"ListItem\",\"position\":3,\"name\":\"diesel engine end cover 5KW spare parts for small diesel engine\"}]},{\"@type\":\"WebSite\",\"@id\":\"https:\/\/enerchains.com\/#website\",\"url\":\"https:\/\/enerchains.com\/\",\"name\":\"Small Engines & Power Equipment Supplier - EnerChains\",\"description\":\"China manufacturer of gasoline engines, diesel engines, power equipment\",\"publisher\":{\"@id\":\"https:\/\/enerchains.com\/#organization\"},\"alternateName\":\"Gasolin Power Engine \/ Diesel Engline & Spare Parts Factory\",\"potentialAction\":[{\"@type\":\"SearchAction\",\"target\":{\"@type\":\"EntryPoint\",\"urlTemplate\":\"https:\/\/enerchains.com\/?s={search_term_string}\"},\"query-input\":{\"@type\":\"PropertyValueSpecification\",\"valueRequired\":true,\"valueName\":\"search_term_string\"}}],\"inLanguage\":\"vi\"},{\"@type\":\"Organization\",\"@id\":\"https:\/\/enerchains.com\/#organization\",\"name\":\"Enerchains (Chongqing) General Machinery Equipment Co., Ltd\",\"url\":\"https:\/\/enerchains.com\/\",\"logo\":{\"@type\":\"ImageObject\",\"inLanguage\":\"vi\",\"@id\":\"https:\/\/enerchains.com\/#\/schema\/logo\/image\/\",\"url\":\"https:\/\/enerchains.com\/wp-content\/uploads\/2024\/08\/EnerChains-Chongqing-e1724030883863.png\",\"contentUrl\":\"https:\/\/enerchains.com\/wp-content\/uploads\/2024\/08\/EnerChains-Chongqing-e1724030883863.png\",\"width\":2439,\"height\":694,\"caption\":\"Enerchains (Chongqing) General Machinery Equipment Co., Ltd\"},\"image\":{\"@id\":\"https:\/\/enerchains.com\/#\/schema\/logo\/image\/\"}}]}<\/script>\n<meta property=\"product:price:amount\" content=\"0.00\" \/>\n<meta property=\"product:price:currency\" content=\"CNY\" \/>\n<meta property=\"og:availability\" content=\"instock\" \/>\n<meta property=\"product:availability\" content=\"instock\" \/>\n<meta property=\"product:condition\" content=\"new\" \/>\n<!-- \/ Yoast SEO Premium plugin. -->","yoast_head_json":{"title":"diesel engine end cover 5KW spare parts for small diesel engine - Small Engine \/ Power Equipment &amp; Parts supply chains EnerChains","description":"- Small Engine \/ Power Equipment &amp; Parts supply chains EnerChains","robots":{"index":"index","follow":"follow","max-snippet":"max-snippet:-1","max-image-preview":"max-image-preview:large","max-video-preview":"max-video-preview:-1"},"canonical":"https:\/\/enerchains.com\/vi\/san-pham\/diesel-engine-end-cover-5kw\/","og_locale":"vi_VN","og_type":"article","og_title":"diesel engine end cover 5KW spare parts for small diesel engine","og_description":"- Small Engine \/ Power Equipment &amp; Parts supply chains EnerChains","og_url":"https:\/\/enerchains.com\/vi\/san-pham\/diesel-engine-end-cover-5kw\/","og_site_name":"Small Engine \/ Power Equipment &amp; Parts supply chains EnerChains","article_modified_time":"2025-01-15T15:31:05+00:00","og_image":[{"width":800,"height":800,"url":"https:\/\/enerchains.com\/wp-content\/uploads\/2024\/11\/diesel-engine-end-cover-5KW.png","type":"image\/png"}],"twitter_card":"summary_large_image","twitter_misc":{"Gi\u00e1":"","Kh\u1ea3 d\u1ee5ng":"Trong kho"},"schema":{"@context":"https:\/\/schema.org","@graph":[{"@type":["WebPage","ItemPage"],"@id":"https:\/\/enerchains.com\/product\/diesel-engine-end-cover-5kw\/","url":"https:\/\/enerchains.com\/product\/diesel-engine-end-cover-5kw\/","name":"diesel engine end cover 5KW spare parts for small diesel engine - Small Engine \/ Power Equipment &amp; Parts supply chains EnerChains","isPartOf":{"@id":"https:\/\/enerchains.com\/#website"},"primaryImageOfPage":{"@id":"https:\/\/enerchains.com\/product\/diesel-engine-end-cover-5kw\/#primaryimage"},"image":{"@id":"https:\/\/enerchains.com\/product\/diesel-engine-end-cover-5kw\/#primaryimage"},"thumbnailUrl":"https:\/\/enerchains.com\/wp-content\/uploads\/2024\/11\/diesel-engine-end-cover-5KW.png","datePublished":"2024-11-08T03:18:50+00:00","dateModified":"2025-01-15T15:31:05+00:00","description":"- Small Engine \/ Power Equipment &amp; Parts supply chains EnerChains","breadcrumb":{"@id":"https:\/\/enerchains.com\/product\/diesel-engine-end-cover-5kw\/#breadcrumb"},"inLanguage":"vi","potentialAction":[{"@type":"ReadAction","target":["https:\/\/enerchains.com\/product\/diesel-engine-end-cover-5kw\/"]}]},{"@type":"ImageObject","inLanguage":"vi","@id":"https:\/\/enerchains.com\/product\/diesel-engine-end-cover-5kw\/#primaryimage","url":"https:\/\/enerchains.com\/wp-content\/uploads\/2024\/11\/diesel-engine-end-cover-5KW.png","contentUrl":"https:\/\/enerchains.com\/wp-content\/uploads\/2024\/11\/diesel-engine-end-cover-5KW.png","width":800,"height":800,"caption":"5KW shock absobing feet For Small gasoline engine"},{"@type":"BreadcrumbList","@id":"https:\/\/enerchains.com\/product\/diesel-engine-end-cover-5kw\/#breadcrumb","itemListElement":[{"@type":"ListItem","position":1,"name":"\u9996\u9875","item":"https:\/\/enerchains.com\/"},{"@type":"ListItem","position":2,"name":"Products","item":"https:\/\/enerchains.com\/products\/"},{"@type":"ListItem","position":3,"name":"diesel engine end cover 5KW spare parts for small diesel engine"}]},{"@type":"WebSite","@id":"https:\/\/enerchains.com\/#website","url":"https:\/\/enerchains.com\/","name":"Small Engines & Power Equipment Supplier - EnerChains","description":"China manufacturer of gasoline engines, diesel engines, power equipment","publisher":{"@id":"https:\/\/enerchains.com\/#organization"},"alternateName":"Gasolin Power Engine \/ Diesel Engline & Spare Parts Factory","potentialAction":[{"@type":"SearchAction","target":{"@type":"EntryPoint","urlTemplate":"https:\/\/enerchains.com\/?s={search_term_string}"},"query-input":{"@type":"PropertyValueSpecification","valueRequired":true,"valueName":"search_term_string"}}],"inLanguage":"vi"},{"@type":"Organization","@id":"https:\/\/enerchains.com\/#organization","name":"Enerchains (Chongqing) General Machinery Equipment Co., Ltd","url":"https:\/\/enerchains.com\/","logo":{"@type":"ImageObject","inLanguage":"vi","@id":"https:\/\/enerchains.com\/#\/schema\/logo\/image\/","url":"https:\/\/enerchains.com\/wp-content\/uploads\/2024\/08\/EnerChains-Chongqing-e1724030883863.png","contentUrl":"https:\/\/enerchains.com\/wp-content\/uploads\/2024\/08\/EnerChains-Chongqing-e1724030883863.png","width":2439,"height":694,"caption":"Enerchains (Chongqing) General Machinery Equipment Co., Ltd"},"image":{"@id":"https:\/\/enerchains.com\/#\/schema\/logo\/image\/"}}]},"product_price_amount":"0.00","product_price_currency":"CNY","og_availability":"instock","product_availability":"instock","product_condition":"new"},"_links":{"self":[{"href":"https:\/\/enerchains.com\/vi\/wp-json\/wp\/v2\/product\/4805","targetHints":{"allow":["GET"]}}],"collection":[{"href":"https:\/\/enerchains.com\/vi\/wp-json\/wp\/v2\/product"}],"about":[{"href":"https:\/\/enerchains.com\/vi\/wp-json\/wp\/v2\/types\/product"}],"wp:featuredmedia":[{"embeddable":true,"href":"https:\/\/enerchains.com\/vi\/wp-json\/wp\/v2\/media\/4793"}],"wp:attachment":[{"href":"https:\/\/enerchains.com\/vi\/wp-json\/wp\/v2\/media?parent=4805"}],"wp:term":[{"taxonomy":"product_brand","embeddable":true,"href":"https:\/\/enerchains.com\/vi\/wp-json\/wp\/v2\/product_brand?post=4805"},{"taxonomy":"product_cat","embeddable":true,"href":"https:\/\/enerchains.com\/vi\/wp-json\/wp\/v2\/product_cat?post=4805"},{"taxonomy":"product_tag","embeddable":true,"href":"https:\/\/enerchains.com\/vi\/wp-json\/wp\/v2\/product_tag?post=4805"}],"curies":[{"name":"wp","href":"https:\/\/api.w.org\/{rel}","templated":true}]}}