{"id":4804,"date":"2024-11-08T03:18:10","date_gmt":"2024-11-08T03:18:10","guid":{"rendered":"https:\/\/enerchains.com\/?post_type=product&#038;p=4804"},"modified":"2025-01-15T15:50:30","modified_gmt":"2025-01-15T15:50:30","slug":"8kw-digital-voltage-regulator","status":"publish","type":"product","link":"https:\/\/enerchains.com\/vi\/san-pham\/8kw-digital-voltage-regulator\/","title":{"rendered":"B\u1ed9 \u0111i\u1ec1u ch\u1ec9nh \u0111i\u1ec7n \u00e1p k\u1ef9 thu\u1eadt s\u1ed1 8KW cho \u0111\u1ed9ng c\u01a1 x\u0103ng nh\u1ecf"},"content":{"rendered":"<h2>B\u1ed9 \u1ed5n \u00e1p k\u1ef9 thu\u1eadt s\u1ed1 8kW l\u00e0 g\u00ec?<\/h2>\n<p>B\u1ed9 \u0111i\u1ec1u ch\u1ec9nh \u0111i\u1ec7n \u00e1p k\u1ef9 thu\u1eadt s\u1ed1 8kW l\u00e0 m\u1ed9t linh ki\u1ec7n \u0111i\u1ec7n t\u1eed tinh vi \u0111\u01b0\u1ee3c thi\u1ebft k\u1ebf ri\u00eang cho \u0111\u1ed9ng c\u01a1 x\u0103ng nh\u1ecf, \u0111\u00f3ng vai tr\u00f2 quan tr\u1ecdng trong vi\u1ec7c duy tr\u00ec \u0111i\u1ec7n \u00e1p \u0111\u1ea7u ra \u1ed5n \u0111\u1ecbnh. M\u1ee5c \u0111\u00edch ch\u00ednh c\u1ee7a b\u1ed9 \u0111i\u1ec1u ch\u1ec9nh \u0111i\u1ec7n \u00e1p l\u00e0 \u0111\u1ea3m b\u1ea3o h\u1ec7 th\u1ed1ng \u0111i\u1ec7n nh\u1eadn \u0111\u01b0\u1ee3c \u0111i\u1ec7n \u00e1p \u1ed5n \u0111\u1ecbnh, b\u1ea5t k\u1ec3 s\u1ef1 dao \u0111\u1ed9ng c\u00f3 th\u1ec3 x\u1ea3y ra trong qu\u00e1 tr\u00ecnh t\u1ea1o ra c\u00f4ng su\u1ea5t c\u1ee7a \u0111\u1ed9ng c\u01a1. S\u1ef1 \u1ed5n \u0111\u1ecbnh n\u00e0y r\u1ea5t quan tr\u1ecdng \u0111\u1ed1i v\u1edbi hi\u1ec7u su\u1ea5t t\u1ed1i \u01b0u c\u1ee7a nhi\u1ec1u th\u00e0nh ph\u1ea7n kh\u00e1c nhau nh\u01b0 h\u1ec7 th\u1ed1ng \u0111\u00e1nh l\u1eeda, kim phun nhi\u00ean li\u1ec7u v\u00e0 c\u00e1c thi\u1ebft b\u1ecb \u0111i\u1ec7n t\u1eed nh\u1ea1y c\u1ea3m kh\u00e1c trong \u0111\u1ed9ng c\u01a1.<\/p>\n<p>V\u1ec1 b\u1ea3n ch\u1ea5t, b\u1ed9 \u0111i\u1ec1u ch\u1ec9nh \u0111i\u1ec7n \u00e1p k\u1ef9 thu\u1eadt s\u1ed1 ho\u1ea1t \u0111\u1ed9ng b\u1eb1ng c\u00e1ch li\u00ean t\u1ee5c theo d\u00f5i m\u1ee9c \u0111i\u1ec7n \u00e1p trong h\u1ec7 th\u1ed1ng \u0111i\u1ec7n c\u1ee7a \u0111\u1ed9ng c\u01a1. Khi ph\u00e1t hi\u1ec7n th\u1ea5y dao \u0111\u1ed9ng, b\u1ed9 \u0111i\u1ec1u ch\u1ec9nh s\u1ebd th\u1ef1c hi\u1ec7n c\u00e1c h\u00e0nh \u0111\u1ed9ng kh\u1eafc ph\u1ee5c ngay l\u1eadp t\u1ee9c \u0111\u1ec3 \u0111i\u1ec1u ch\u1ec9nh \u0111i\u1ec7n \u00e1p \u0111\u1ea7u ra cho ph\u00f9 h\u1ee3p. Quy \u0111\u1ecbnh \u0111\u1ed9ng n\u00e0y kh\u00f4ng ch\u1ec9 gi\u00fap cung c\u1ea5p \u0111i\u1ec7n \u00e1p kh\u00f4ng \u0111\u1ed5i m\u00e0 c\u00f2n t\u0103ng c\u01b0\u1eddng hi\u1ec7u su\u1ea5t c\u1ee7a \u0111\u1ed9ng c\u01a1. M\u1ed9t l\u1ee3i th\u1ebf ch\u00ednh c\u1ee7a vi\u1ec7c s\u1eed d\u1ee5ng b\u1ed9 \u0111i\u1ec1u ch\u1ec9nh \u0111i\u1ec7n \u00e1p k\u1ef9 thu\u1eadt s\u1ed1 8kW l\u00e0 kh\u1ea3 n\u0103ng k\u1ebft h\u1ee3p c\u00e1c ch\u1ee9c n\u0103ng gi\u00e1m s\u00e1t k\u1ef9 thu\u1eadt s\u1ed1 ti\u00ean ti\u1ebfn. T\u00ednh n\u0103ng n\u00e0y cho ph\u00e9p ph\u00e2n t\u00edch v\u00e0 \u0111i\u1ec1u ch\u1ec9nh theo th\u1eddi gian th\u1ef1c, \u0111\u1ea3m b\u1ea3o r\u1eb1ng c\u00e1c s\u1ed1 li\u1ec7u hi\u1ec7u su\u1ea5t lu\u00f4n \u0111\u01b0\u1ee3c \u0111\u00e1p \u1ee9ng.<\/p>\n<p>Ngo\u00e0i ch\u1ee9c n\u0103ng gi\u00e1m s\u00e1t k\u1ef9 thu\u1eadt s\u1ed1, b\u1ed9 \u0111i\u1ec1u ch\u1ec9nh n\u00e0y th\u01b0\u1eddng bao g\u1ed3m c\u00e1c c\u01a1 ch\u1ebf b\u1ea3o v\u1ec7 qu\u00e1 t\u1ea3i, r\u1ea5t c\u1ea7n thi\u1ebft \u0111\u1ec3 b\u1ea3o v\u1ec7 c\u00e1c th\u00e0nh ph\u1ea7n \u0111\u1ed9ng c\u01a1 kh\u1ecfi h\u01b0 h\u1ecfng ti\u1ec1m \u1ea9n do \u0111i\u1ec7n \u00e1p qu\u00e1 m\u1ee9c. C\u00e1c t\u00ednh n\u0103ng b\u1ea3o v\u1ec7 nh\u01b0 v\u1eady tr\u00e1i ng\u01b0\u1ee3c v\u1edbi c\u00e1c m\u00f4 h\u00ecnh t\u01b0\u01a1ng t\u1ef1 truy\u1ec1n th\u1ed1ng thi\u1ebfu kh\u1ea3 n\u0103ng ph\u1ea3n h\u1ed3i v\u00e0 \u0111\u1ed9 ch\u00ednh x\u00e1c c\u1ea7n thi\u1ebft trong c\u00e1c \u0111\u1ed9ng c\u01a1 hi\u1ec7n \u0111\u1ea1i. Hi\u1ec7u su\u1ea5t n\u00e2ng cao do b\u1ed9 \u0111i\u1ec1u ch\u1ec9nh \u0111i\u1ec7n \u00e1p k\u1ef9 thu\u1eadt s\u1ed1 8kW cung c\u1ea5p c\u0169ng chuy\u1ec3n th\u00e0nh m\u1ee9c ti\u00eau th\u1ee5 nhi\u00ean li\u1ec7u th\u1ea5p h\u01a1n v\u00e0 l\u01b0\u1ee3ng kh\u00ed th\u1ea3i th\u1ea5p h\u01a1n, ph\u00f9 h\u1ee3p v\u1edbi xu h\u01b0\u1edbng hi\u1ec7n \u0111\u1ea1i h\u01b0\u1edbng t\u1edbi t\u00ednh b\u1ec1n v\u1eefng v\u00e0 tr\u00e1ch nhi\u1ec7m v\u1edbi m\u00f4i tr\u01b0\u1eddng.<\/p>\n<p>B\u1eb1ng c\u00e1ch s\u1eed d\u1ee5ng b\u1ed9 \u0111i\u1ec1u ch\u1ec9nh \u0111i\u1ec7n \u00e1p k\u1ef9 thu\u1eadt s\u1ed1, ng\u01b0\u1eddi v\u1eadn h\u00e0nh \u0111\u1ed9ng c\u01a1 c\u00f3 th\u1ec3 mong \u0111\u1ee3i \u0111\u1ed9 ch\u00ednh x\u00e1c \u0111\u01b0\u1ee3c c\u1ea3i thi\u1ec7n trong vi\u1ec7c cung c\u1ea5p \u0111i\u1ec7n \u00e1p, cho ph\u00e9p \u0111\u1ed9ng c\u01a1 x\u0103ng nh\u1ecf c\u1ee7a h\u1ecd ho\u1ea1t \u0111\u1ed9ng \u0111\u00e1ng tin c\u1eady v\u00e0 hi\u1ec7u qu\u1ea3 h\u01a1n. T\u00f3m l\u1ea1i, vi\u1ec7c t\u00edch h\u1ee3p b\u1ed9 \u0111i\u1ec1u ch\u1ec9nh \u0111i\u1ec7n \u00e1p k\u1ef9 thu\u1eadt s\u1ed1 8kW th\u1ec3 hi\u1ec7n s\u1ef1 ti\u1ebfn b\u1ed9 quan tr\u1ecdng trong l\u0129nh v\u1ef1c \u0111\u1ed9ng c\u01a1 x\u0103ng nh\u1ecf, th\u00fac \u0111\u1ea9y hi\u1ec7u su\u1ea5t v\u00e0 hi\u1ec7u qu\u1ea3 ho\u1ea1t \u0111\u1ed9ng \u0111\u01b0\u1ee3c n\u00e2ng cao.<\/p>\n<h2>\u1ee8ng d\u1ee5ng v\u00e0 l\u1ee3i \u00edch c\u1ee7a vi\u1ec7c s\u1eed d\u1ee5ng b\u1ed9 \u0111i\u1ec1u ch\u1ec9nh \u0111i\u1ec7n \u00e1p k\u1ef9 thu\u1eadt s\u1ed1 8kW<\/h2>\n<p>B\u1ed9 \u0111i\u1ec1u ch\u1ec9nh \u0111i\u1ec7n \u00e1p k\u1ef9 thu\u1eadt s\u1ed1 8kW \u0111\u00e3 tr\u1edf th\u00e0nh m\u1ed9t th\u00e0nh ph\u1ea7n quan tr\u1ecdng trong nhi\u1ec1u \u1ee9ng d\u1ee5ng li\u00ean quan \u0111\u1ebfn \u0111\u1ed9ng c\u01a1 x\u0103ng nh\u1ecf. M\u1ed9t trong nh\u1eefng \u1ee9ng d\u1ee5ng ph\u1ed5 bi\u1ebfn nh\u1ea5t l\u00e0 trong h\u1ec7 th\u1ed1ng m\u00e1y ph\u00e1t \u0111i\u1ec7n, n\u01a1i c\u00f4ng su\u1ea5t \u0111\u1ea7u ra \u1ed5n \u0111\u1ecbnh l\u00e0 r\u1ea5t quan tr\u1ecdng \u0111\u1ec3 v\u1eadn h\u00e0nh \u1ed5n \u0111\u1ecbnh. B\u1ed9 \u0111i\u1ec1u ch\u1ec9nh n\u00e0y \u0111\u1ea3m b\u1ea3o r\u1eb1ng m\u1ee9c \u0111i\u1ec7n \u00e1p v\u1eabn kh\u00f4ng \u0111\u1ed5i ngay c\u1ea3 trong \u0111i\u1ec1u ki\u1ec7n t\u1ea3i dao \u0111\u1ed9ng, do \u0111\u00f3 ng\u0103n ng\u1eeba h\u01b0 h\u1ecfng cho c\u00e1c thi\u1ebft b\u1ecb \u0111i\u1ec7n t\u1eed nh\u1ea1y c\u1ea3m \u0111\u1ed3ng th\u1eddi t\u0103ng c\u01b0\u1eddng hi\u1ec7u qu\u1ea3 t\u1ed5ng th\u1ec3.<\/p>\n<p>Ngo\u00e0i m\u00e1y ph\u00e1t \u0111i\u1ec7n, b\u1ed9 \u0111i\u1ec1u ch\u1ec9nh \u0111i\u1ec7n \u00e1p k\u1ef9 thu\u1eadt s\u1ed1 n\u00e0y c\u00f2n h\u1eefu \u00edch trong m\u00e1y c\u1eaft c\u1ecf v\u00e0 c\u00e1c thi\u1ebft b\u1ecb \u0111i\u1ec7n ngo\u00e0i tr\u1eddi kh\u00e1c. C\u00e1c chuy\u00ean gia ch\u0103m s\u00f3c b\u00e3i c\u1ecf v\u00e0 doanh nghi\u1ec7p c\u1ea3nh quan c\u00f3 th\u1ec3 h\u01b0\u1edfng l\u1ee3i \u0111\u00e1ng k\u1ec3 t\u1eeb hi\u1ec7u su\u1ea5t n\u00e2ng cao do B\u1ed9 \u0111i\u1ec1u ch\u1ec9nh \u0111i\u1ec7n \u00e1p cung c\u1ea5p. Kh\u1ea3 n\u0103ng duy tr\u00ec \u0111i\u1ec7n \u00e1p \u0111\u1ea7u ra \u1ed5n \u0111\u1ecbnh c\u1ee7a b\u1ed9 \u0111i\u1ec1u ch\u1ec9nh d\u1eabn \u0111\u1ebfn hi\u1ec7u qu\u1ea3 nhi\u00ean li\u1ec7u \u0111\u01b0\u1ee3c c\u1ea3i thi\u1ec7n, gi\u1ea3m chi ph\u00ed v\u1eadn h\u00e0nh trong khi t\u1ed1i \u0111a h\u00f3a th\u1eddi gian ch\u1ea1y. H\u01a1n n\u1eefa, n\u00f3 g\u00f3p ph\u1ea7n gi\u1ea3m l\u01b0\u1ee3ng kh\u00ed th\u1ea3i, ph\u00f9 h\u1ee3p v\u1edbi c\u00e1c ti\u00eau chu\u1ea9n v\u00e0 quy \u0111\u1ecbnh v\u1ec1 m\u00f4i tr\u01b0\u1eddng ng\u00e0y c\u00e0ng t\u0103ng.<\/p>\n<p>M\u1ed9t l\u1ee3i \u00edch \u0111\u00e1ng ch\u00fa \u00fd kh\u00e1c c\u1ee7a vi\u1ec7c t\u00edch h\u1ee3p b\u1ed9 \u0111i\u1ec1u ch\u1ec9nh \u0111i\u1ec7n \u00e1p k\u1ef9 thu\u1eadt s\u1ed1 8kW l\u00e0 kh\u1ea3 n\u0103ng k\u00e9o d\u00e0i tu\u1ed5i th\u1ecd c\u1ee7a c\u00e1c b\u1ed9 ph\u1eadn \u0111\u1ed9ng c\u01a1. B\u1eb1ng c\u00e1ch \u1ed5n \u0111\u1ecbnh m\u1ee9c \u0111i\u1ec7n \u00e1p, b\u1ed9 \u0111i\u1ec1u ch\u1ec9nh l\u00e0m gi\u1ea3m s\u1ef1 hao m\u00f2n tr\u00ean c\u00e1c h\u1ec7 th\u1ed1ng \u0111i\u1ec7n v\u00e0 c\u00e1c b\u1ed9 ph\u1eadn c\u01a1 kh\u00ed, cu\u1ed1i c\u00f9ng d\u1eabn \u0111\u1ebfn \u00edt y\u00eau c\u1ea7u b\u1ea3o tr\u00ec h\u01a1n v\u00e0 k\u00e9o d\u00e0i th\u1eddi gian tr\u01b0\u1edbc khi c\u1ea7n thay th\u1ebf. \u0110\u1ed9 tin c\u1eady n\u00e0y \u0111\u1eb7c bi\u1ec7t \u0111\u01b0\u1ee3c coi tr\u1ecdng trong c\u00e1c \u1ee9ng d\u1ee5ng th\u01b0\u01a1ng m\u1ea1i, n\u01a1i th\u1eddi gian ch\u1ebft c\u00f3 th\u1ec3 t\u01b0\u01a1ng \u0111\u01b0\u01a1ng v\u1edbi t\u1ed5n th\u1ea5t t\u00e0i ch\u00ednh \u0111\u00e1ng k\u1ec3.<\/p>\n<p>C\u00e1c v\u00ed d\u1ee5 th\u1ef1c t\u1ebf cho th\u1ea5y vi\u1ec7c t\u00edch h\u1ee3p b\u1ed9 \u0111i\u1ec1u ch\u1ec9nh \u0111i\u1ec7n \u00e1p k\u1ef9 thu\u1eadt s\u1ed1 8kW \u0111\u00e3 d\u1eabn \u0111\u1ebfn nh\u1eefng c\u1ea3i ti\u1ebfn \u0111\u00e1ng k\u1ec3 v\u1ec1 hi\u1ec7u su\u1ea5t v\u00e0 \u0111\u1ed9 tin c\u1eady. C\u00e1c nghi\u00ean c\u1ee9u \u0111i\u1ec3n h\u00ecnh cho th\u1ea5y ng\u01b0\u1eddi d\u00f9ng c\u00f4ng ngh\u1ec7 n\u00e0y b\u00e1o c\u00e1o r\u1eb1ng c\u00e1c s\u1ef1 c\u1ed1 h\u1ecfng h\u00f3c \u0111\u1ed9ng c\u01a1 gi\u1ea3m \u0111\u00e1ng k\u1ec3 v\u00e0 tu\u1ed5i th\u1ecd chung c\u1ee7a m\u00e1y m\u00f3c \u0111\u01b0\u1ee3c n\u00e2ng cao. Th\u00f4ng qua c\u00e1c \u1ee9ng d\u1ee5ng n\u00e0y, r\u00f5 r\u00e0ng l\u00e0 b\u1ed9 \u0111i\u1ec1u ch\u1ec9nh \u0111i\u1ec7n \u00e1p k\u1ef9 thu\u1eadt s\u1ed1 8kW kh\u00f4ng ch\u1ec9 \u0111\u00f3ng vai tr\u00f2 l\u00e0 m\u1ed9t ph\u1ee5 ki\u1ec7n m\u00e0 c\u00f2n l\u00e0 m\u1ed9t th\u00e0nh ph\u1ea7n thi\u1ebft y\u1ebfu gi\u00fap t\u0103ng c\u01b0\u1eddng c\u1ea3 ch\u1ee9c n\u0103ng v\u00e0 hi\u1ec7u qu\u1ea3 tr\u00ean nhi\u1ec1u \u1ee9ng d\u1ee5ng \u0111\u1ed9ng c\u01a1 x\u0103ng nh\u1ecf kh\u00e1c nhau.<\/p>","protected":false},"excerpt":{"rendered":"<p>What is an 8kW Digital Voltage Regulator? An 8kW digital voltage regulator is a sophisticated electronic component tailored for small gasoline engines, playing a crucial role in maintaining a stable voltage output. The primary purpose of a voltage regulator is to ensure that the electrical system receives a consistent voltage, irrespective of fluctuations that may&#8230;<\/p>","protected":false},"featured_media":4792,"template":"","meta":{"_kad_post_transparent":"default","_kad_post_title":"","_kad_post_layout":"default","_kad_post_sidebar_id":"","_kad_post_content_style":"default","_kad_post_vertical_padding":"default","_kad_post_feature":"","_kad_post_feature_position":"","_kad_post_header":false,"_kad_post_footer":false,"powered_cache_disable_cache":false,"powered_cache_disable_lazyload":false},"product_brand":[],"product_cat":[20,97],"product_tag":[],"class_list":{"0":"post-4804","1":"product","2":"type-product","3":"status-publish","4":"has-post-thumbnail","6":"product_cat-gasoline-engine-parts","7":"product_cat-regulator","9":"first","10":"instock","11":"shipping-taxable","12":"product-type-simple","13":"entry","14":"content-bg","15":"loop-entry"},"yoast_head":"<!-- This site is optimized with the Yoast SEO Premium plugin v23.5 (Yoast SEO v24.4) - https:\/\/yoast.com\/wordpress\/plugins\/seo\/ -->\n<title>8KW digital voltage regulator For Small gasoline engine - Small Engine \/ Power Equipment &amp; Parts supply chains EnerChains<\/title>\n<meta name=\"description\" content=\"- Small Engine \/ Power Equipment &amp; Parts supply chains EnerChains\" \/>\n<meta name=\"robots\" content=\"index, follow, max-snippet:-1, max-image-preview:large, max-video-preview:-1\" \/>\n<link rel=\"canonical\" href=\"https:\/\/enerchains.com\/vi\/san-pham\/8kw-digital-voltage-regulator\/\" \/>\n<meta property=\"og:locale\" content=\"vi_VN\" \/>\n<meta property=\"og:type\" content=\"article\" \/>\n<meta property=\"og:title\" content=\"8KW digital voltage regulator For Small gasoline engine\" \/>\n<meta property=\"og:description\" content=\"- Small Engine \/ Power Equipment &amp; Parts supply chains EnerChains\" \/>\n<meta property=\"og:url\" content=\"https:\/\/enerchains.com\/vi\/san-pham\/8kw-digital-voltage-regulator\/\" \/>\n<meta property=\"og:site_name\" content=\"Small Engine \/ Power Equipment &amp; Parts supply chains EnerChains\" \/>\n<meta property=\"article:modified_time\" content=\"2025-01-15T15:50:30+00:00\" \/>\n<meta property=\"og:image\" content=\"https:\/\/enerchains.com\/wp-content\/uploads\/2024\/11\/8KW-digital-voltage-regulator.png\" \/>\n\t<meta property=\"og:image:width\" content=\"800\" \/>\n\t<meta property=\"og:image:height\" content=\"800\" \/>\n\t<meta property=\"og:image:type\" content=\"image\/png\" \/>\n<meta name=\"twitter:card\" content=\"summary_large_image\" \/>\n<meta name=\"twitter:label1\" content=\"Gi\u00e1\" \/>\n\t<meta name=\"twitter:data1\" content=\"\" \/>\n\t<meta name=\"twitter:label2\" content=\"Kh\u1ea3 d\u1ee5ng\" \/>\n\t<meta name=\"twitter:data2\" content=\"Trong kho\" \/>\n<script type=\"application\/ld+json\" class=\"yoast-schema-graph\">{\"@context\":\"https:\/\/schema.org\",\"@graph\":[{\"@type\":[\"WebPage\",\"ItemPage\"],\"@id\":\"https:\/\/enerchains.com\/product\/8kw-digital-voltage-regulator\/\",\"url\":\"https:\/\/enerchains.com\/product\/8kw-digital-voltage-regulator\/\",\"name\":\"8KW digital voltage regulator For Small gasoline engine - Small Engine \/ Power Equipment &amp; Parts supply chains EnerChains\",\"isPartOf\":{\"@id\":\"https:\/\/enerchains.com\/#website\"},\"primaryImageOfPage\":{\"@id\":\"https:\/\/enerchains.com\/product\/8kw-digital-voltage-regulator\/#primaryimage\"},\"image\":{\"@id\":\"https:\/\/enerchains.com\/product\/8kw-digital-voltage-regulator\/#primaryimage\"},\"thumbnailUrl\":\"https:\/\/enerchains.com\/wp-content\/uploads\/2024\/11\/8KW-digital-voltage-regulator.png\",\"datePublished\":\"2024-11-08T03:18:10+00:00\",\"dateModified\":\"2025-01-15T15:50:30+00:00\",\"description\":\"- Small Engine \/ Power Equipment &amp; Parts supply chains EnerChains\",\"breadcrumb\":{\"@id\":\"https:\/\/enerchains.com\/product\/8kw-digital-voltage-regulator\/#breadcrumb\"},\"inLanguage\":\"vi\",\"potentialAction\":[{\"@type\":\"ReadAction\",\"target\":[\"https:\/\/enerchains.com\/product\/8kw-digital-voltage-regulator\/\"]}]},{\"@type\":\"ImageObject\",\"inLanguage\":\"vi\",\"@id\":\"https:\/\/enerchains.com\/product\/8kw-digital-voltage-regulator\/#primaryimage\",\"url\":\"https:\/\/enerchains.com\/wp-content\/uploads\/2024\/11\/8KW-digital-voltage-regulator.png\",\"contentUrl\":\"https:\/\/enerchains.com\/wp-content\/uploads\/2024\/11\/8KW-digital-voltage-regulator.png\",\"width\":800,\"height\":800,\"caption\":\"5KW shock absobing feet\"},{\"@type\":\"BreadcrumbList\",\"@id\":\"https:\/\/enerchains.com\/product\/8kw-digital-voltage-regulator\/#breadcrumb\",\"itemListElement\":[{\"@type\":\"ListItem\",\"position\":1,\"name\":\"\u9996\u9875\",\"item\":\"https:\/\/enerchains.com\/\"},{\"@type\":\"ListItem\",\"position\":2,\"name\":\"Products\",\"item\":\"https:\/\/enerchains.com\/products\/\"},{\"@type\":\"ListItem\",\"position\":3,\"name\":\"8KW digital voltage regulator For Small gasoline engine\"}]},{\"@type\":\"WebSite\",\"@id\":\"https:\/\/enerchains.com\/#website\",\"url\":\"https:\/\/enerchains.com\/\",\"name\":\"Small Engines & Power Equipment Supplier - EnerChains\",\"description\":\"China manufacturer of gasoline engines, diesel engines, power equipment\",\"publisher\":{\"@id\":\"https:\/\/enerchains.com\/#organization\"},\"alternateName\":\"Gasolin Power Engine \/ Diesel Engline & Spare Parts Factory\",\"potentialAction\":[{\"@type\":\"SearchAction\",\"target\":{\"@type\":\"EntryPoint\",\"urlTemplate\":\"https:\/\/enerchains.com\/?s={search_term_string}\"},\"query-input\":{\"@type\":\"PropertyValueSpecification\",\"valueRequired\":true,\"valueName\":\"search_term_string\"}}],\"inLanguage\":\"vi\"},{\"@type\":\"Organization\",\"@id\":\"https:\/\/enerchains.com\/#organization\",\"name\":\"Enerchains (Chongqing) General Machinery Equipment Co., Ltd\",\"url\":\"https:\/\/enerchains.com\/\",\"logo\":{\"@type\":\"ImageObject\",\"inLanguage\":\"vi\",\"@id\":\"https:\/\/enerchains.com\/#\/schema\/logo\/image\/\",\"url\":\"https:\/\/enerchains.com\/wp-content\/uploads\/2024\/08\/EnerChains-Chongqing-e1724030883863.png\",\"contentUrl\":\"https:\/\/enerchains.com\/wp-content\/uploads\/2024\/08\/EnerChains-Chongqing-e1724030883863.png\",\"width\":2439,\"height\":694,\"caption\":\"Enerchains (Chongqing) General Machinery Equipment Co., Ltd\"},\"image\":{\"@id\":\"https:\/\/enerchains.com\/#\/schema\/logo\/image\/\"}}]}<\/script>\n<meta property=\"product:price:amount\" content=\"0.00\" \/>\n<meta property=\"product:price:currency\" content=\"CNY\" \/>\n<meta property=\"og:availability\" content=\"instock\" \/>\n<meta property=\"product:availability\" content=\"instock\" \/>\n<meta property=\"product:condition\" content=\"new\" \/>\n<!-- \/ Yoast SEO Premium plugin. -->","yoast_head_json":{"title":"8KW digital voltage regulator For Small gasoline engine - Small Engine \/ Power Equipment &amp; Parts supply chains EnerChains","description":"- Small Engine \/ Power Equipment &amp; Parts supply chains EnerChains","robots":{"index":"index","follow":"follow","max-snippet":"max-snippet:-1","max-image-preview":"max-image-preview:large","max-video-preview":"max-video-preview:-1"},"canonical":"https:\/\/enerchains.com\/vi\/san-pham\/8kw-digital-voltage-regulator\/","og_locale":"vi_VN","og_type":"article","og_title":"8KW digital voltage regulator For Small gasoline engine","og_description":"- Small Engine \/ Power Equipment &amp; Parts supply chains EnerChains","og_url":"https:\/\/enerchains.com\/vi\/san-pham\/8kw-digital-voltage-regulator\/","og_site_name":"Small Engine \/ Power Equipment &amp; Parts supply chains EnerChains","article_modified_time":"2025-01-15T15:50:30+00:00","og_image":[{"width":800,"height":800,"url":"https:\/\/enerchains.com\/wp-content\/uploads\/2024\/11\/8KW-digital-voltage-regulator.png","type":"image\/png"}],"twitter_card":"summary_large_image","twitter_misc":{"Gi\u00e1":"","Kh\u1ea3 d\u1ee5ng":"Trong kho"},"schema":{"@context":"https:\/\/schema.org","@graph":[{"@type":["WebPage","ItemPage"],"@id":"https:\/\/enerchains.com\/product\/8kw-digital-voltage-regulator\/","url":"https:\/\/enerchains.com\/product\/8kw-digital-voltage-regulator\/","name":"8KW digital voltage regulator For Small gasoline engine - Small Engine \/ Power Equipment &amp; Parts supply chains EnerChains","isPartOf":{"@id":"https:\/\/enerchains.com\/#website"},"primaryImageOfPage":{"@id":"https:\/\/enerchains.com\/product\/8kw-digital-voltage-regulator\/#primaryimage"},"image":{"@id":"https:\/\/enerchains.com\/product\/8kw-digital-voltage-regulator\/#primaryimage"},"thumbnailUrl":"https:\/\/enerchains.com\/wp-content\/uploads\/2024\/11\/8KW-digital-voltage-regulator.png","datePublished":"2024-11-08T03:18:10+00:00","dateModified":"2025-01-15T15:50:30+00:00","description":"- Small Engine \/ Power Equipment &amp; Parts supply chains EnerChains","breadcrumb":{"@id":"https:\/\/enerchains.com\/product\/8kw-digital-voltage-regulator\/#breadcrumb"},"inLanguage":"vi","potentialAction":[{"@type":"ReadAction","target":["https:\/\/enerchains.com\/product\/8kw-digital-voltage-regulator\/"]}]},{"@type":"ImageObject","inLanguage":"vi","@id":"https:\/\/enerchains.com\/product\/8kw-digital-voltage-regulator\/#primaryimage","url":"https:\/\/enerchains.com\/wp-content\/uploads\/2024\/11\/8KW-digital-voltage-regulator.png","contentUrl":"https:\/\/enerchains.com\/wp-content\/uploads\/2024\/11\/8KW-digital-voltage-regulator.png","width":800,"height":800,"caption":"5KW shock absobing feet"},{"@type":"BreadcrumbList","@id":"https:\/\/enerchains.com\/product\/8kw-digital-voltage-regulator\/#breadcrumb","itemListElement":[{"@type":"ListItem","position":1,"name":"\u9996\u9875","item":"https:\/\/enerchains.com\/"},{"@type":"ListItem","position":2,"name":"Products","item":"https:\/\/enerchains.com\/products\/"},{"@type":"ListItem","position":3,"name":"8KW digital voltage regulator For Small gasoline engine"}]},{"@type":"WebSite","@id":"https:\/\/enerchains.com\/#website","url":"https:\/\/enerchains.com\/","name":"Small Engines & Power Equipment Supplier - EnerChains","description":"China manufacturer of gasoline engines, diesel engines, power equipment","publisher":{"@id":"https:\/\/enerchains.com\/#organization"},"alternateName":"Gasolin Power Engine \/ Diesel Engline & Spare Parts Factory","potentialAction":[{"@type":"SearchAction","target":{"@type":"EntryPoint","urlTemplate":"https:\/\/enerchains.com\/?s={search_term_string}"},"query-input":{"@type":"PropertyValueSpecification","valueRequired":true,"valueName":"search_term_string"}}],"inLanguage":"vi"},{"@type":"Organization","@id":"https:\/\/enerchains.com\/#organization","name":"Enerchains (Chongqing) General Machinery Equipment Co., Ltd","url":"https:\/\/enerchains.com\/","logo":{"@type":"ImageObject","inLanguage":"vi","@id":"https:\/\/enerchains.com\/#\/schema\/logo\/image\/","url":"https:\/\/enerchains.com\/wp-content\/uploads\/2024\/08\/EnerChains-Chongqing-e1724030883863.png","contentUrl":"https:\/\/enerchains.com\/wp-content\/uploads\/2024\/08\/EnerChains-Chongqing-e1724030883863.png","width":2439,"height":694,"caption":"Enerchains (Chongqing) General Machinery Equipment Co., Ltd"},"image":{"@id":"https:\/\/enerchains.com\/#\/schema\/logo\/image\/"}}]},"product_price_amount":"0.00","product_price_currency":"CNY","og_availability":"instock","product_availability":"instock","product_condition":"new"},"_links":{"self":[{"href":"https:\/\/enerchains.com\/vi\/wp-json\/wp\/v2\/product\/4804","targetHints":{"allow":["GET"]}}],"collection":[{"href":"https:\/\/enerchains.com\/vi\/wp-json\/wp\/v2\/product"}],"about":[{"href":"https:\/\/enerchains.com\/vi\/wp-json\/wp\/v2\/types\/product"}],"wp:featuredmedia":[{"embeddable":true,"href":"https:\/\/enerchains.com\/vi\/wp-json\/wp\/v2\/media\/4792"}],"wp:attachment":[{"href":"https:\/\/enerchains.com\/vi\/wp-json\/wp\/v2\/media?parent=4804"}],"wp:term":[{"taxonomy":"product_brand","embeddable":true,"href":"https:\/\/enerchains.com\/vi\/wp-json\/wp\/v2\/product_brand?post=4804"},{"taxonomy":"product_cat","embeddable":true,"href":"https:\/\/enerchains.com\/vi\/wp-json\/wp\/v2\/product_cat?post=4804"},{"taxonomy":"product_tag","embeddable":true,"href":"https:\/\/enerchains.com\/vi\/wp-json\/wp\/v2\/product_tag?post=4804"}],"curies":[{"name":"wp","href":"https:\/\/api.w.org\/{rel}","templated":true}]}}