{"id":2472,"date":"2024-08-19T04:30:19","date_gmt":"2024-08-19T04:30:19","guid":{"rendered":"https:\/\/enerchains.com\/?page_id=2472"},"modified":"2025-08-25T14:11:29","modified_gmt":"2025-08-25T14:11:29","slug":"resources","status":"publish","type":"page","link":"https:\/\/enerchains.com\/vi\/resources\/","title":{"rendered":"T\u00e0i nguy\u00ean"},"content":{"rendered":"<div data-elementor-type=\"wp-page\" data-elementor-id=\"2472\" class=\"elementor elementor-2472\">\n\t\t\t\t<div class=\"elementor-element elementor-element-5f5fbdc3 e-flex e-con-boxed e-con e-parent\" data-id=\"5f5fbdc3\" data-element_type=\"container\" data-settings=\"{&quot;background_background&quot;:&quot;classic&quot;}\">\n\t\t\t\t\t<div class=\"e-con-inner\">\n\t\t\t\t<div class=\"elementor-element elementor-element-516d09f5 elementor-widget elementor-widget-heading\" data-id=\"516d09f5\" data-element_type=\"widget\" data-widget_type=\"heading.default\">\n\t\t\t\t<div class=\"elementor-widget-container\">\n\t\t\t<style>\/*! elementor - v3.23.0 - 05-08-2024 *\/\n.elementor-heading-title{padding:0;margin:0;line-height:1}.elementor-widget-heading .elementor-heading-title[class*=elementor-size-]>a{color:inherit;font-size:inherit;line-height:inherit}.elementor-widget-heading .elementor-heading-title.elementor-size-small{font-size:15px}.elementor-widget-heading .elementor-heading-title.elementor-size-medium{font-size:19px}.elementor-widget-heading .elementor-heading-title.elementor-size-large{font-size:29px}.elementor-widget-heading .elementor-heading-title.elementor-size-xl{font-size:39px}.elementor-widget-heading .elementor-heading-title.elementor-size-xxl{font-size:59px}<\/style><h2 class=\"elementor-heading-title elementor-size-default\">T\u00e0i nguy\u00ean<\/h2>\t\t<\/div>\n\t\t\t\t<\/div>\n\t\t\t\t\t<\/div>\n\t\t\t\t<\/div>\n\t\t<div class=\"elementor-element elementor-element-30e5dcfd e-flex e-con-boxed e-con e-parent\" data-id=\"30e5dcfd\" data-element_type=\"container\" data-settings=\"{&quot;background_background&quot;:&quot;classic&quot;}\">\n\t\t\t\t\t<div class=\"e-con-inner\">\n\t\t\t\t<div class=\"elementor-element elementor-element-38c4e9a6 elementor-widget elementor-widget-shortcode\" data-id=\"38c4e9a6\" data-element_type=\"widget\" data-widget_type=\"shortcode.default\">\n\t\t\t\t<div class=\"elementor-widget-container\">\n\t\t\t\t\t<div class=\"elementor-shortcode\"><span><span><a href=\"https:\/\/enerchains.com\/vi\/\">M\u00e0u s\u1eafc<\/a><\/span><\/span><\/div>\n\t\t\t\t<\/div>\n\t\t\t\t<\/div>\n\t\t\t\t\t<\/div>\n\t\t\t\t<\/div>\n\t\t<div class=\"elementor-element elementor-element-dcadca3 e-flex e-con-boxed e-con e-parent\" data-id=\"dcadca3\" data-element_type=\"container\">\n\t\t\t\t\t<div class=\"e-con-inner\">\n\t\t<div class=\"elementor-element elementor-element-ccbb68e e-con-full e-flex e-con e-child\" data-id=\"ccbb68e\" data-element_type=\"container\">\n\t\t\t\t<div class=\"elementor-element elementor-element-e9f02a5 elementor-widget elementor-widget-heading\" data-id=\"e9f02a5\" data-element_type=\"widget\" data-widget_type=\"heading.default\">\n\t\t\t\t<div class=\"elementor-widget-container\">\n\t\t\t<h3 class=\"elementor-heading-title elementor-size-default\">T\u00e0i nguy\u00ean v\u00f4 h\u1ea1n<\/h3>\t\t<\/div>\n\t\t\t\t<\/div>\n\t\t\t\t<div class=\"elementor-element elementor-element-085697b elementor-widget-divider--view-line elementor-widget elementor-widget-divider\" data-id=\"085697b\" data-element_type=\"widget\" data-widget_type=\"divider.default\">\n\t\t\t\t<div class=\"elementor-widget-container\">\n\t\t\t<style>\/*! elementor - v3.23.0 - 05-08-2024 *\/\n.elementor-widget-divider{--divider-border-style:none;--divider-border-width:1px;--divider-color:#0c0d0e;--divider-icon-size:20px;--divider-element-spacing:10px;--divider-pattern-height:24px;--divider-pattern-size:20px;--divider-pattern-url:none;--divider-pattern-repeat:repeat-x}.elementor-widget-divider .elementor-divider{display:flex}.elementor-widget-divider .elementor-divider__text{font-size:15px;line-height:1;max-width:95%}.elementor-widget-divider .elementor-divider__element{margin:0 var(--divider-element-spacing);flex-shrink:0}.elementor-widget-divider .elementor-icon{font-size:var(--divider-icon-size)}.elementor-widget-divider .elementor-divider-separator{display:flex;margin:0;direction:ltr}.elementor-widget-divider--view-line_icon .elementor-divider-separator,.elementor-widget-divider--view-line_text .elementor-divider-separator{align-items:center}.elementor-widget-divider--view-line_icon .elementor-divider-separator:after,.elementor-widget-divider--view-line_icon .elementor-divider-separator:before,.elementor-widget-divider--view-line_text .elementor-divider-separator:after,.elementor-widget-divider--view-line_text .elementor-divider-separator:before{display:block;content:\"\";border-block-end:0;flex-grow:1;border-block-start:var(--divider-border-width) var(--divider-border-style) var(--divider-color)}.elementor-widget-divider--element-align-left .elementor-divider .elementor-divider-separator>.elementor-divider__svg:first-of-type{flex-grow:0;flex-shrink:100}.elementor-widget-divider--element-align-left .elementor-divider-separator:before{content:none}.elementor-widget-divider--element-align-left .elementor-divider__element{margin-left:0}.elementor-widget-divider--element-align-right .elementor-divider .elementor-divider-separator>.elementor-divider__svg:last-of-type{flex-grow:0;flex-shrink:100}.elementor-widget-divider--element-align-right .elementor-divider-separator:after{content:none}.elementor-widget-divider--element-align-right .elementor-divider__element{margin-right:0}.elementor-widget-divider--element-align-start .elementor-divider .elementor-divider-separator>.elementor-divider__svg:first-of-type{flex-grow:0;flex-shrink:100}.elementor-widget-divider--element-align-start .elementor-divider-separator:before{content:none}.elementor-widget-divider--element-align-start .elementor-divider__element{margin-inline-start:0}.elementor-widget-divider--element-align-end .elementor-divider .elementor-divider-separator>.elementor-divider__svg:last-of-type{flex-grow:0;flex-shrink:100}.elementor-widget-divider--element-align-end .elementor-divider-separator:after{content:none}.elementor-widget-divider--element-align-end .elementor-divider__element{margin-inline-end:0}.elementor-widget-divider:not(.elementor-widget-divider--view-line_text):not(.elementor-widget-divider--view-line_icon) .elementor-divider-separator{border-block-start:var(--divider-border-width) var(--divider-border-style) var(--divider-color)}.elementor-widget-divider--separator-type-pattern{--divider-border-style:none}.elementor-widget-divider--separator-type-pattern.elementor-widget-divider--view-line .elementor-divider-separator,.elementor-widget-divider--separator-type-pattern:not(.elementor-widget-divider--view-line) .elementor-divider-separator:after,.elementor-widget-divider--separator-type-pattern:not(.elementor-widget-divider--view-line) .elementor-divider-separator:before,.elementor-widget-divider--separator-type-pattern:not([class*=elementor-widget-divider--view]) .elementor-divider-separator{width:100%;min-height:var(--divider-pattern-height);-webkit-mask-size:var(--divider-pattern-size) 100%;mask-size:var(--divider-pattern-size) 100%;-webkit-mask-repeat:var(--divider-pattern-repeat);mask-repeat:var(--divider-pattern-repeat);background-color:var(--divider-color);-webkit-mask-image:var(--divider-pattern-url);mask-image:var(--divider-pattern-url)}.elementor-widget-divider--no-spacing{--divider-pattern-size:auto}.elementor-widget-divider--bg-round{--divider-pattern-repeat:round}.rtl .elementor-widget-divider .elementor-divider__text{direction:rtl}.e-con-inner>.elementor-widget-divider,.e-con>.elementor-widget-divider{width:var(--container-widget-width,100%);--flex-grow:var(--container-widget-flex-grow)}<\/style>\t\t<div class=\"elementor-divider\">\n\t\t\t<span class=\"elementor-divider-separator\">\n\t\t\t\t\t\t<\/span>\n\t\t<\/div>\n\t\t\t\t<\/div>\n\t\t\t\t<\/div>\n\t\t\t\t<div class=\"elementor-element elementor-element-3ab967b elementor-widget__width-initial elementor-widget elementor-widget-text-editor\" data-id=\"3ab967b\" data-element_type=\"widget\" data-widget_type=\"text-editor.default\">\n\t\t\t\t<div class=\"elementor-widget-container\">\n\t\t\t<style>\/*! elementor - v3.23.0 - 05-08-2024 *\/\n.elementor-widget-text-editor.elementor-drop-cap-view-stacked .elementor-drop-cap{background-color:#69727d;color:#fff}.elementor-widget-text-editor.elementor-drop-cap-view-framed .elementor-drop-cap{color:#69727d;border:3px solid;background-color:transparent}.elementor-widget-text-editor:not(.elementor-drop-cap-view-default) .elementor-drop-cap{margin-top:8px}.elementor-widget-text-editor:not(.elementor-drop-cap-view-default) .elementor-drop-cap-letter{width:1em;height:1em}.elementor-widget-text-editor .elementor-drop-cap{float:left;text-align:center;line-height:1;font-size:50px}.elementor-widget-text-editor .elementor-drop-cap-letter{display:inline-block}<\/style>\t\t\t\t<p>EnerChains l\u00e0 nh\u00e0 cung c\u1ea5p to\u00e0n c\u1ea7u chuy\u00ean v\u1ec1 c\u00e1c th\u00e0nh ph\u1ea7n \u0111\u1ed9ng c\u01a1 \u0111\u1ed1t trong nh\u1ecf, cam k\u1ebft cung c\u1ea5p c\u00e1c gi\u1ea3i ph\u00e1p n\u0103ng l\u01b0\u1ee3ng \u0111\u00e1ng tin c\u1eady v\u00e0 hi\u1ec7u qu\u1ea3 cho nhi\u1ec1u lo\u1ea1i m\u00e1y m\u00f3c. C\u00f4ng ty t\u1eadp trung v\u00e0o t\u00edch h\u1ee3p chu\u1ed7i cung \u1ee9ng m\u1ea1nh m\u1ebd, t\u1eadp h\u1ee3p c\u00e1c ngu\u1ed3n l\u1ef1c cao c\u1ea5p t\u1eeb kh\u1eafp n\u01a1i tr\u00ean th\u1ebf gi\u1edbi \u0111\u1ec3 cung c\u1ea5p c\u00e1c s\u1ea3n ph\u1ea9m v\u00e0 d\u1ecbch v\u1ee5 to\u00e0n di\u1ec7n, bao g\u1ed3m \u0111\u1ed9ng c\u01a1 x\u0103ng v\u00e0 diesel, m\u00e1y ph\u00e1t \u0111i\u1ec7n, m\u00e1y b\u01a1m n\u01b0\u1edbc v\u00e0 c\u00e1c th\u00e0nh ph\u1ea7n \u0111\u1ed9ng c\u01a1 \u0111\u1ed1t trong nh\u1ecf kh\u00e1c.<\/p>\t\t\t\t\t\t<\/div>\n\t\t\t\t<\/div>\n\t\t\t\t<\/div>\n\t\t\t\t\t<\/div>\n\t\t\t\t<\/div>\n\t\t<div class=\"elementor-element elementor-element-32e916d e-flex e-con-boxed e-con e-parent\" data-id=\"32e916d\" data-element_type=\"container\">\n\t\t\t\t\t<div class=\"e-con-inner\">\n\t\t<div class=\"elementor-element elementor-element-ee0c3f7 e-con-full e-flex e-con e-child\" data-id=\"ee0c3f7\" data-element_type=\"container\">\n\t\t\t\t<div class=\"elementor-element elementor-element-ea3d1c6 elementor-widget elementor-widget-image\" data-id=\"ea3d1c6\" data-element_type=\"widget\" data-widget_type=\"image.default\">\n\t\t\t\t<div class=\"elementor-widget-container\">\n\t\t\t<style>\/*! elementor - v3.23.0 - 05-08-2024 *\/\n.elementor-widget-image{text-align:center}.elementor-widget-image a{display:inline-block}.elementor-widget-image a img[src$=\".svg\"]{width:48px}.elementor-widget-image img{vertical-align:middle;display:inline-block}<\/style>\t\t\t\t\t\t\t\t\t\t\t<a href=\"https:\/\/enerchains.com\/vi\/category\/konwledge\/\">\n\t\t\t\t\t\t\t<img fetchpriority=\"high\" decoding=\"async\" width=\"800\" height=\"532\" src=\"https:\/\/enerchains.com\/wp-content\/uploads\/2024\/08\/Blog.jpg\" class=\"elementor-animation-float attachment-large size-large wp-image-2908\" alt=\"Trang ch\u1ee7\" srcset=\"https:\/\/enerchains.com\/wp-content\/uploads\/2024\/08\/Blog.jpg 800w, https:\/\/enerchains.com\/wp-content\/uploads\/2024\/08\/Blog-300x200.jpg 300w, https:\/\/enerchains.com\/wp-content\/uploads\/2024\/08\/Blog-768x511.jpg 768w, https:\/\/enerchains.com\/wp-content\/uploads\/2024\/08\/Blog-600x399.jpg 600w\" sizes=\"(max-width: 800px) 100vw, 800px\" \/>\t\t\t\t\t\t\t\t<\/a>\n\t\t\t\t\t\t\t\t\t\t\t\t\t<\/div>\n\t\t\t\t<\/div>\n\t\t\t\t<div class=\"elementor-element elementor-element-d06f23a e-transform elementor-widget elementor-widget-heading\" data-id=\"d06f23a\" data-element_type=\"widget\" data-settings=\"{&quot;_transform_scale_effect_hover&quot;:{&quot;unit&quot;:&quot;px&quot;,&quot;size&quot;:1.2,&quot;sizes&quot;:[]},&quot;_transform_scale_effect_hover_tablet&quot;:{&quot;unit&quot;:&quot;px&quot;,&quot;size&quot;:&quot;&quot;,&quot;sizes&quot;:[]},&quot;_transform_scale_effect_hover_mobile&quot;:{&quot;unit&quot;:&quot;px&quot;,&quot;size&quot;:&quot;&quot;,&quot;sizes&quot;:[]}}\" data-widget_type=\"heading.default\">\n\t\t\t\t<div class=\"elementor-widget-container\">\n\t\t\t<h5 class=\"elementor-heading-title elementor-size-default\"><a href=\"https:\/\/enerchains.com\/vi\/category\/konwledge\/\">Konwledge<\/a><\/h5>\t\t<\/div>\n\t\t\t\t<\/div>\n\t\t\t\t<\/div>\n\t\t<div class=\"elementor-element elementor-element-e66a69b e-con-full e-flex e-con e-child\" data-id=\"e66a69b\" data-element_type=\"container\">\n\t\t\t\t<div class=\"elementor-element elementor-element-bcbddf1 elementor-widget elementor-widget-image\" data-id=\"bcbddf1\" data-element_type=\"widget\" data-widget_type=\"image.default\">\n\t\t\t\t<div class=\"elementor-widget-container\">\n\t\t\t\t\t\t\t\t\t\t\t\t\t\t<a href=\"https:\/\/enerchains.com\/vi\/resources\/videos\/\">\n\t\t\t\t\t\t\t<img decoding=\"async\" width=\"800\" height=\"532\" src=\"https:\/\/enerchains.com\/wp-content\/uploads\/2024\/08\/Videos.jpg\" class=\"elementor-animation-float attachment-large size-large wp-image-2914\" alt=\"Trang ch\u1ee7\" srcset=\"https:\/\/enerchains.com\/wp-content\/uploads\/2024\/08\/Videos.jpg 800w, https:\/\/enerchains.com\/wp-content\/uploads\/2024\/08\/Videos-300x200.jpg 300w, https:\/\/enerchains.com\/wp-content\/uploads\/2024\/08\/Videos-768x511.jpg 768w, https:\/\/enerchains.com\/wp-content\/uploads\/2024\/08\/Videos-600x399.jpg 600w\" sizes=\"(max-width: 800px) 100vw, 800px\" \/>\t\t\t\t\t\t\t\t<\/a>\n\t\t\t\t\t\t\t\t\t\t\t\t\t<\/div>\n\t\t\t\t<\/div>\n\t\t\t\t<div class=\"elementor-element elementor-element-cc6c9f2 e-transform elementor-widget elementor-widget-heading\" data-id=\"cc6c9f2\" data-element_type=\"widget\" data-settings=\"{&quot;_transform_scale_effect_hover&quot;:{&quot;unit&quot;:&quot;px&quot;,&quot;size&quot;:1.2,&quot;sizes&quot;:[]},&quot;_transform_scale_effect_hover_tablet&quot;:{&quot;unit&quot;:&quot;px&quot;,&quot;size&quot;:&quot;&quot;,&quot;sizes&quot;:[]},&quot;_transform_scale_effect_hover_mobile&quot;:{&quot;unit&quot;:&quot;px&quot;,&quot;size&quot;:&quot;&quot;,&quot;sizes&quot;:[]}}\" data-widget_type=\"heading.default\">\n\t\t\t\t<div class=\"elementor-widget-container\">\n\t\t\t<h5 class=\"elementor-heading-title elementor-size-default\"><a href=\"https:\/\/enerchains.com\/vi\/resources\/videos\/\">Video<\/a><\/h5>\t\t<\/div>\n\t\t\t\t<\/div>\n\t\t\t\t<\/div>\n\t\t<div class=\"elementor-element elementor-element-e3f2800 e-con-full e-flex e-con e-child\" data-id=\"e3f2800\" data-element_type=\"container\">\n\t\t\t\t<div class=\"elementor-element elementor-element-a088376 elementor-widget elementor-widget-image\" data-id=\"a088376\" data-element_type=\"widget\" data-widget_type=\"image.default\">\n\t\t\t\t<div class=\"elementor-widget-container\">\n\t\t\t\t\t\t\t\t\t\t\t\t\t\t<a href=\"https:\/\/enerchains.com\/vi\/resources\/faqs\/\">\n\t\t\t\t\t\t\t<img decoding=\"async\" width=\"800\" height=\"532\" src=\"https:\/\/enerchains.com\/wp-content\/uploads\/2024\/08\/FAQ.jpg\" class=\"elementor-animation-float attachment-large size-large wp-image-2912\" alt=\"Trang ch\u1ee7\" srcset=\"https:\/\/enerchains.com\/wp-content\/uploads\/2024\/08\/FAQ.jpg 800w, https:\/\/enerchains.com\/wp-content\/uploads\/2024\/08\/FAQ-300x200.jpg 300w, https:\/\/enerchains.com\/wp-content\/uploads\/2024\/08\/FAQ-768x511.jpg 768w, https:\/\/enerchains.com\/wp-content\/uploads\/2024\/08\/FAQ-600x399.jpg 600w\" sizes=\"(max-width: 800px) 100vw, 800px\" \/>\t\t\t\t\t\t\t\t<\/a>\n\t\t\t\t\t\t\t\t\t\t\t\t\t<\/div>\n\t\t\t\t<\/div>\n\t\t\t\t<div class=\"elementor-element elementor-element-edb86f5 e-transform elementor-widget elementor-widget-heading\" data-id=\"edb86f5\" data-element_type=\"widget\" data-settings=\"{&quot;_transform_scale_effect_hover&quot;:{&quot;unit&quot;:&quot;px&quot;,&quot;size&quot;:1.2,&quot;sizes&quot;:[]},&quot;_transform_scale_effect_hover_tablet&quot;:{&quot;unit&quot;:&quot;px&quot;,&quot;size&quot;:&quot;&quot;,&quot;sizes&quot;:[]},&quot;_transform_scale_effect_hover_mobile&quot;:{&quot;unit&quot;:&quot;px&quot;,&quot;size&quot;:&quot;&quot;,&quot;sizes&quot;:[]}}\" data-widget_type=\"heading.default\">\n\t\t\t\t<div class=\"elementor-widget-container\">\n\t\t\t<h5 class=\"elementor-heading-title elementor-size-default\"><a href=\"https:\/\/enerchains.com\/vi\/resources\/faqs\/\">C\u00e2u h\u1ecfi th\u01b0\u1eddng g\u1eb7p<\/a><\/h5>\t\t<\/div>\n\t\t\t\t<\/div>\n\t\t\t\t<\/div>\n\t\t\t\t\t<\/div>\n\t\t\t\t<\/div>\n\t\t\t\t<\/div>","protected":false},"excerpt":{"rendered":"<p>Resources Unlimited Resources EnerChains l\u00e0 nh\u00e0 cung c\u1ea5p to\u00e0n c\u1ea7u chuy\u00ean v\u1ec1 c\u00e1c th\u00e0nh ph\u1ea7n \u0111\u1ed9ng c\u01a1 \u0111\u1ed1t trong nh\u1ecf, cam k\u1ebft cung c\u1ea5p c\u00e1c gi\u1ea3i ph\u00e1p n\u0103ng l\u01b0\u1ee3ng \u0111\u00e1ng tin c\u1eady v\u00e0 hi\u1ec7u qu\u1ea3 cho nhi\u1ec1u lo\u1ea1i m\u00e1y m\u00f3c. C\u00f4ng ty t\u1eadp trung v\u00e0o t\u00edch h\u1ee3p chu\u1ed7i cung \u1ee9ng m\u1ea1nh m\u1ebd, t\u1eadp h\u1ee3p c\u00e1c ngu\u1ed3n l\u1ef1c cao c\u1ea5p t\u1eeb kh\u1eafp n\u01a1i tr\u00ean th\u1ebf gi\u1edbi \u0111\u1ec3 cung c\u1ea5p c\u00e1c s\u1ea3n ph\u1ea9m v\u00e0 d\u1ecbch v\u1ee5 to\u00e0n di\u1ec7n, bao g\u1ed3m \u0111\u1ed9ng c\u01a1 x\u0103ng v\u00e0 diesel, m\u00e1y ph\u00e1t \u0111i\u1ec7n, n\u01b0\u1edbc\u2026<\/p>","protected":false},"author":1,"featured_media":0,"parent":0,"menu_order":0,"comment_status":"closed","ping_status":"closed","template":"","meta":{"_kad_post_transparent":"default","_kad_post_title":"hide","_kad_post_layout":"fullwidth","_kad_post_sidebar_id":"","_kad_post_content_style":"unboxed","_kad_post_vertical_padding":"hide","_kad_post_feature":"hide","_kad_post_feature_position":"","_kad_post_header":false,"_kad_post_footer":false,"powered_cache_disable_cache":false,"powered_cache_disable_lazyload":false,"footnotes":""},"class_list":["post-2472","page","type-page","status-publish","hentry"],"yoast_head":"<!-- This site is optimized with the Yoast SEO Premium plugin v23.5 (Yoast SEO v24.4) - https:\/\/yoast.com\/wordpress\/plugins\/seo\/ -->\n<title>Resources - Small Engine \/ Power Equipment &amp; Parts supply chains EnerChains<\/title>\n<meta name=\"description\" content=\"- Small Engine \/ Power Equipment &amp; Parts supply chains EnerChains\" \/>\n<meta name=\"robots\" content=\"index, follow, max-snippet:-1, max-image-preview:large, max-video-preview:-1\" \/>\n<link rel=\"canonical\" href=\"https:\/\/enerchains.com\/vi\/resources\/\" \/>\n<meta property=\"og:locale\" content=\"vi_VN\" \/>\n<meta property=\"og:type\" content=\"article\" \/>\n<meta property=\"og:title\" content=\"Resources\" \/>\n<meta property=\"og:description\" content=\"- Small Engine \/ Power Equipment &amp; Parts supply chains EnerChains\" \/>\n<meta property=\"og:url\" content=\"https:\/\/enerchains.com\/vi\/resources\/\" \/>\n<meta property=\"og:site_name\" content=\"Small Engine \/ Power Equipment &amp; Parts supply chains EnerChains\" \/>\n<meta property=\"article:modified_time\" content=\"2025-08-25T14:11:29+00:00\" \/>\n<meta property=\"og:image\" content=\"https:\/\/enerchains.com\/wp-content\/uploads\/2024\/08\/Blog.jpg\" \/>\n\t<meta property=\"og:image:width\" content=\"800\" \/>\n\t<meta property=\"og:image:height\" content=\"532\" \/>\n\t<meta property=\"og:image:type\" content=\"image\/jpeg\" \/>\n<meta name=\"twitter:card\" content=\"summary_large_image\" \/>\n<meta name=\"twitter:label1\" content=\"\u01af\u1edbc t\u00ednh th\u1eddi gian \u0111\u1ecdc\" \/>\n\t<meta name=\"twitter:data1\" content=\"1 ph\u00fat\" \/>\n<script type=\"application\/ld+json\" class=\"yoast-schema-graph\">{\"@context\":\"https:\/\/schema.org\",\"@graph\":[{\"@type\":\"WebPage\",\"@id\":\"https:\/\/enerchains.com\/resources\/\",\"url\":\"https:\/\/enerchains.com\/resources\/\",\"name\":\"Resources - Small Engine \/ Power Equipment &amp; Parts supply chains EnerChains\",\"isPartOf\":{\"@id\":\"https:\/\/enerchains.com\/#website\"},\"primaryImageOfPage\":{\"@id\":\"https:\/\/enerchains.com\/resources\/#primaryimage\"},\"image\":{\"@id\":\"https:\/\/enerchains.com\/resources\/#primaryimage\"},\"thumbnailUrl\":\"https:\/\/enerchains.com\/wp-content\/uploads\/2024\/08\/Blog.jpg\",\"datePublished\":\"2024-08-19T04:30:19+00:00\",\"dateModified\":\"2025-08-25T14:11:29+00:00\",\"description\":\"- Small Engine \/ Power Equipment &amp; Parts supply chains EnerChains\",\"breadcrumb\":{\"@id\":\"https:\/\/enerchains.com\/resources\/#breadcrumb\"},\"inLanguage\":\"vi\",\"potentialAction\":[{\"@type\":\"ReadAction\",\"target\":[\"https:\/\/enerchains.com\/resources\/\"]}]},{\"@type\":\"ImageObject\",\"inLanguage\":\"vi\",\"@id\":\"https:\/\/enerchains.com\/resources\/#primaryimage\",\"url\":\"https:\/\/enerchains.com\/wp-content\/uploads\/2024\/08\/Blog.jpg\",\"contentUrl\":\"https:\/\/enerchains.com\/wp-content\/uploads\/2024\/08\/Blog.jpg\"},{\"@type\":\"BreadcrumbList\",\"@id\":\"https:\/\/enerchains.com\/resources\/#breadcrumb\",\"itemListElement\":[{\"@type\":\"ListItem\",\"position\":1,\"name\":\"\u9996\u9875\",\"item\":\"https:\/\/enerchains.com\/\"},{\"@type\":\"ListItem\",\"position\":2,\"name\":\"Resources\"}]},{\"@type\":\"WebSite\",\"@id\":\"https:\/\/enerchains.com\/#website\",\"url\":\"https:\/\/enerchains.com\/\",\"name\":\"Small Engines & Power Equipment Supplier - EnerChains\",\"description\":\"China manufacturer of gasoline engines, diesel engines, power equipment\",\"publisher\":{\"@id\":\"https:\/\/enerchains.com\/#organization\"},\"alternateName\":\"Gasolin Power Engine \/ Diesel Engline & Spare Parts Factory\",\"potentialAction\":[{\"@type\":\"SearchAction\",\"target\":{\"@type\":\"EntryPoint\",\"urlTemplate\":\"https:\/\/enerchains.com\/?s={search_term_string}\"},\"query-input\":{\"@type\":\"PropertyValueSpecification\",\"valueRequired\":true,\"valueName\":\"search_term_string\"}}],\"inLanguage\":\"vi\"},{\"@type\":\"Organization\",\"@id\":\"https:\/\/enerchains.com\/#organization\",\"name\":\"Enerchains (Chongqing) General Machinery Equipment Co., Ltd\",\"url\":\"https:\/\/enerchains.com\/\",\"logo\":{\"@type\":\"ImageObject\",\"inLanguage\":\"vi\",\"@id\":\"https:\/\/enerchains.com\/#\/schema\/logo\/image\/\",\"url\":\"https:\/\/enerchains.com\/wp-content\/uploads\/2024\/08\/EnerChains-Chongqing-e1724030883863.png\",\"contentUrl\":\"https:\/\/enerchains.com\/wp-content\/uploads\/2024\/08\/EnerChains-Chongqing-e1724030883863.png\",\"width\":2439,\"height\":694,\"caption\":\"Enerchains (Chongqing) General Machinery Equipment Co., Ltd\"},\"image\":{\"@id\":\"https:\/\/enerchains.com\/#\/schema\/logo\/image\/\"}}]}<\/script>\n<!-- \/ Yoast SEO Premium plugin. -->","yoast_head_json":{"title":"Resources - Small Engine \/ Power Equipment &amp; Parts supply chains EnerChains","description":"- Small Engine \/ Power Equipment &amp; Parts supply chains EnerChains","robots":{"index":"index","follow":"follow","max-snippet":"max-snippet:-1","max-image-preview":"max-image-preview:large","max-video-preview":"max-video-preview:-1"},"canonical":"https:\/\/enerchains.com\/vi\/resources\/","og_locale":"vi_VN","og_type":"article","og_title":"Resources","og_description":"- Small Engine \/ Power Equipment &amp; Parts supply chains EnerChains","og_url":"https:\/\/enerchains.com\/vi\/resources\/","og_site_name":"Small Engine \/ Power Equipment &amp; Parts supply chains EnerChains","article_modified_time":"2025-08-25T14:11:29+00:00","og_image":[{"width":800,"height":532,"url":"https:\/\/enerchains.com\/wp-content\/uploads\/2024\/08\/Blog.jpg","type":"image\/jpeg"}],"twitter_card":"summary_large_image","twitter_misc":{"\u01af\u1edbc t\u00ednh th\u1eddi gian \u0111\u1ecdc":"1 ph\u00fat"},"schema":{"@context":"https:\/\/schema.org","@graph":[{"@type":"WebPage","@id":"https:\/\/enerchains.com\/resources\/","url":"https:\/\/enerchains.com\/resources\/","name":"Resources - Small Engine \/ Power Equipment &amp; Parts supply chains EnerChains","isPartOf":{"@id":"https:\/\/enerchains.com\/#website"},"primaryImageOfPage":{"@id":"https:\/\/enerchains.com\/resources\/#primaryimage"},"image":{"@id":"https:\/\/enerchains.com\/resources\/#primaryimage"},"thumbnailUrl":"https:\/\/enerchains.com\/wp-content\/uploads\/2024\/08\/Blog.jpg","datePublished":"2024-08-19T04:30:19+00:00","dateModified":"2025-08-25T14:11:29+00:00","description":"- Small Engine \/ Power Equipment &amp; Parts supply chains EnerChains","breadcrumb":{"@id":"https:\/\/enerchains.com\/resources\/#breadcrumb"},"inLanguage":"vi","potentialAction":[{"@type":"ReadAction","target":["https:\/\/enerchains.com\/resources\/"]}]},{"@type":"ImageObject","inLanguage":"vi","@id":"https:\/\/enerchains.com\/resources\/#primaryimage","url":"https:\/\/enerchains.com\/wp-content\/uploads\/2024\/08\/Blog.jpg","contentUrl":"https:\/\/enerchains.com\/wp-content\/uploads\/2024\/08\/Blog.jpg"},{"@type":"BreadcrumbList","@id":"https:\/\/enerchains.com\/resources\/#breadcrumb","itemListElement":[{"@type":"ListItem","position":1,"name":"\u9996\u9875","item":"https:\/\/enerchains.com\/"},{"@type":"ListItem","position":2,"name":"Resources"}]},{"@type":"WebSite","@id":"https:\/\/enerchains.com\/#website","url":"https:\/\/enerchains.com\/","name":"Small Engines & Power Equipment Supplier - EnerChains","description":"China manufacturer of gasoline engines, diesel engines, power equipment","publisher":{"@id":"https:\/\/enerchains.com\/#organization"},"alternateName":"Gasolin Power Engine \/ Diesel Engline & Spare Parts Factory","potentialAction":[{"@type":"SearchAction","target":{"@type":"EntryPoint","urlTemplate":"https:\/\/enerchains.com\/?s={search_term_string}"},"query-input":{"@type":"PropertyValueSpecification","valueRequired":true,"valueName":"search_term_string"}}],"inLanguage":"vi"},{"@type":"Organization","@id":"https:\/\/enerchains.com\/#organization","name":"Enerchains (Chongqing) General Machinery Equipment Co., Ltd","url":"https:\/\/enerchains.com\/","logo":{"@type":"ImageObject","inLanguage":"vi","@id":"https:\/\/enerchains.com\/#\/schema\/logo\/image\/","url":"https:\/\/enerchains.com\/wp-content\/uploads\/2024\/08\/EnerChains-Chongqing-e1724030883863.png","contentUrl":"https:\/\/enerchains.com\/wp-content\/uploads\/2024\/08\/EnerChains-Chongqing-e1724030883863.png","width":2439,"height":694,"caption":"Enerchains (Chongqing) General Machinery Equipment Co., Ltd"},"image":{"@id":"https:\/\/enerchains.com\/#\/schema\/logo\/image\/"}}]}},"_links":{"self":[{"href":"https:\/\/enerchains.com\/vi\/wp-json\/wp\/v2\/pages\/2472","targetHints":{"allow":["GET"]}}],"collection":[{"href":"https:\/\/enerchains.com\/vi\/wp-json\/wp\/v2\/pages"}],"about":[{"href":"https:\/\/enerchains.com\/vi\/wp-json\/wp\/v2\/types\/page"}],"author":[{"embeddable":true,"href":"https:\/\/enerchains.com\/vi\/wp-json\/wp\/v2\/users\/1"}],"replies":[{"embeddable":true,"href":"https:\/\/enerchains.com\/vi\/wp-json\/wp\/v2\/comments?post=2472"}],"version-history":[{"count":7,"href":"https:\/\/enerchains.com\/vi\/wp-json\/wp\/v2\/pages\/2472\/revisions"}],"predecessor-version":[{"id":5028,"href":"https:\/\/enerchains.com\/vi\/wp-json\/wp\/v2\/pages\/2472\/revisions\/5028"}],"wp:attachment":[{"href":"https:\/\/enerchains.com\/vi\/wp-json\/wp\/v2\/media?parent=2472"}],"curies":[{"name":"wp","href":"https:\/\/api.w.org\/{rel}","templated":true}]}}