{"id":4811,"date":"2024-11-08T03:21:52","date_gmt":"2024-11-08T03:21:52","guid":{"rendered":"https:\/\/enerchains.com\/?post_type=product&#038;p=4811"},"modified":"2025-01-15T14:41:00","modified_gmt":"2025-01-15T14:41:00","slug":"high-lift-water-out-of-the-seat","status":"publish","type":"product","link":"https:\/\/enerchains.com\/tr\/urun\/yuksek-kaldirma-suyu-koltuktan-disari\/","title":{"rendered":"Y\u00fcksek kald\u0131rma suyu koltuktan d\u0131\u015far\u0131 K\u00fc\u00e7\u00fck benzinli motor i\u00e7in"},"content":{"rendered":"<h2>Verimli Su Giderimi<\/h2>\n<p>Y\u00fcksek kald\u0131rmal\u0131 su \u00e7\u0131karma aleti, k\u00fc\u00e7\u00fck benzinli motorlar i\u00e7in tasarlanm\u0131\u015ft\u0131r ve istenmeyen suyu motor yuvas\u0131ndan \u00e7\u0131karmak i\u00e7in etkili bir \u00e7\u00f6z\u00fcm sunar. Bu yenilik\u00e7i alet, motorun \u00e7al\u0131\u015fmas\u0131n\u0131 engelleyebilecek fazla suyu ortadan kald\u0131rarak optimum performans sa\u011flar.<\/p>\n<h2>G\u00fc\u00e7l\u00fc Performans<\/h2>\n<p>Sa\u011flam bir yap\u0131ya ve g\u00fc\u00e7l\u00fc bir mekanizmaya sahip olan bu cihaz, suyu etkili bir \u015fekilde d\u0131\u015far\u0131 \u00e7\u0131kararak motorun d\u00fczg\u00fcn \u00e7al\u0131\u015fma ko\u015fullar\u0131n\u0131 geri kazand\u0131r\u0131r. Kullan\u0131c\u0131 dostu tasar\u0131m\u0131 sayesinde, operat\u00f6rler su \u00e7\u0131karma g\u00f6revlerini sorunsuz bir \u015fekilde kolayca y\u00f6netebilir.<\/p>\n<h2>Geli\u015ftirilmi\u015f Motor Uzun \u00d6m\u00fcrl\u00fcl\u00fc\u011f\u00fc<\/h2>\n<p>Kullan\u0131c\u0131lar bu y\u00fcksek kald\u0131rma aletini d\u00fczenli olarak kullanarak zararl\u0131 su birikimini \u00f6nleyebilir ve sonu\u00e7ta k\u00fc\u00e7\u00fck benzinli motorlar\u0131n uzun \u00f6m\u00fcrl\u00fcl\u00fc\u011f\u00fcn\u00fc ve g\u00fcvenilirli\u011fini art\u0131rabilir. Bu temel su \u00e7\u0131karma \u00e7\u00f6z\u00fcm\u00fc ile motorunuzun sa\u011fl\u0131\u011f\u0131n\u0131 korumaya yat\u0131r\u0131m yap\u0131n.<\/p>","protected":false},"excerpt":{"rendered":"<p>K\u00fc\u00e7\u00fck benzinli motorlar i\u00e7in suyu do\u011frudan koltuktan daha y\u00fcksek bir seviyeye \u00e7\u0131karmak etkili ve verimli bir y\u00f6ntemdir. Bu i\u015flem, suyun kald\u0131r\u0131lmas\u0131na yard\u0131mc\u0131 olmak i\u00e7in motorun g\u00fcc\u00fcn\u00fc kullanarak optimum performans ve \u00fcretkenlik sa\u011flar.<\/p>","protected":false},"featured_media":4802,"template":"","meta":{"_kad_post_transparent":"default","_kad_post_title":"","_kad_post_layout":"default","_kad_post_sidebar_id":"","_kad_post_content_style":"default","_kad_post_vertical_padding":"default","_kad_post_feature":"","_kad_post_feature_position":"","_kad_post_header":false,"_kad_post_footer":false,"powered_cache_disable_cache":false,"powered_cache_disable_lazyload":false},"product_brand":[],"product_cat":[20,101],"product_tag":[],"class_list":{"0":"post-4811","1":"product","2":"type-product","3":"status-publish","4":"has-post-thumbnail","6":"product_cat-gasoline-engine-parts","7":"product_cat-high-lift-parts","9":"first","10":"instock","11":"shipping-taxable","12":"product-type-simple","13":"entry","14":"content-bg","15":"loop-entry"},"yoast_head":"<!-- This site is optimized with the Yoast SEO Premium plugin v23.5 (Yoast SEO v24.4) - https:\/\/yoast.com\/wordpress\/plugins\/seo\/ -->\n<title>High-lift water out of the seat For Small gasoline engine - Small Engine \/ Power Equipment &amp; Parts supply chains EnerChains<\/title>\n<meta name=\"description\" content=\"- Small Engine \/ Power Equipment &amp; Parts supply chains EnerChains\" \/>\n<meta name=\"robots\" content=\"index, follow, max-snippet:-1, max-image-preview:large, max-video-preview:-1\" \/>\n<link rel=\"canonical\" href=\"https:\/\/enerchains.com\/tr\/urun\/yuksek-kaldirma-suyu-koltuktan-disari\/\" \/>\n<meta property=\"og:locale\" content=\"tr_TR\" \/>\n<meta property=\"og:type\" content=\"article\" \/>\n<meta property=\"og:title\" content=\"High-lift water out of the seat For Small gasoline engine\" \/>\n<meta property=\"og:description\" content=\"- Small Engine \/ Power Equipment &amp; Parts supply chains EnerChains\" \/>\n<meta property=\"og:url\" content=\"https:\/\/enerchains.com\/tr\/urun\/yuksek-kaldirma-suyu-koltuktan-disari\/\" \/>\n<meta property=\"og:site_name\" content=\"Small Engine \/ Power Equipment &amp; Parts supply chains EnerChains\" \/>\n<meta property=\"article:modified_time\" content=\"2025-01-15T14:41:00+00:00\" \/>\n<meta property=\"og:image\" content=\"https:\/\/enerchains.com\/wp-content\/uploads\/2024\/11\/High-lift-water-out-of-the-seat.png\" \/>\n\t<meta property=\"og:image:width\" content=\"800\" \/>\n\t<meta property=\"og:image:height\" content=\"800\" \/>\n\t<meta property=\"og:image:type\" content=\"image\/png\" \/>\n<meta name=\"twitter:card\" content=\"summary_large_image\" \/>\n<meta name=\"twitter:label1\" content=\"Fiyat\" \/>\n\t<meta name=\"twitter:data1\" content=\"\" \/>\n\t<meta name=\"twitter:label2\" content=\"Durumu\" \/>\n\t<meta name=\"twitter:data2\" content=\"Stokta var\" \/>\n<script type=\"application\/ld+json\" class=\"yoast-schema-graph\">{\"@context\":\"https:\/\/schema.org\",\"@graph\":[{\"@type\":[\"WebPage\",\"ItemPage\"],\"@id\":\"https:\/\/enerchains.com\/product\/high-lift-water-out-of-the-seat\/\",\"url\":\"https:\/\/enerchains.com\/product\/high-lift-water-out-of-the-seat\/\",\"name\":\"High-lift water out of the seat For Small gasoline engine - Small Engine \/ Power Equipment &amp; Parts supply chains EnerChains\",\"isPartOf\":{\"@id\":\"https:\/\/enerchains.com\/#website\"},\"primaryImageOfPage\":{\"@id\":\"https:\/\/enerchains.com\/product\/high-lift-water-out-of-the-seat\/#primaryimage\"},\"image\":{\"@id\":\"https:\/\/enerchains.com\/product\/high-lift-water-out-of-the-seat\/#primaryimage\"},\"thumbnailUrl\":\"https:\/\/enerchains.com\/wp-content\/uploads\/2024\/11\/High-lift-water-out-of-the-seat.png\",\"datePublished\":\"2024-11-08T03:21:52+00:00\",\"dateModified\":\"2025-01-15T14:41:00+00:00\",\"description\":\"- Small Engine \/ Power Equipment &amp; Parts supply chains EnerChains\",\"breadcrumb\":{\"@id\":\"https:\/\/enerchains.com\/product\/high-lift-water-out-of-the-seat\/#breadcrumb\"},\"inLanguage\":\"tr\",\"potentialAction\":[{\"@type\":\"ReadAction\",\"target\":[\"https:\/\/enerchains.com\/product\/high-lift-water-out-of-the-seat\/\"]}]},{\"@type\":\"ImageObject\",\"inLanguage\":\"tr\",\"@id\":\"https:\/\/enerchains.com\/product\/high-lift-water-out-of-the-seat\/#primaryimage\",\"url\":\"https:\/\/enerchains.com\/wp-content\/uploads\/2024\/11\/High-lift-water-out-of-the-seat.png\",\"contentUrl\":\"https:\/\/enerchains.com\/wp-content\/uploads\/2024\/11\/High-lift-water-out-of-the-seat.png\",\"width\":800,\"height\":800,\"caption\":\"5KW shock absobing feet\"},{\"@type\":\"BreadcrumbList\",\"@id\":\"https:\/\/enerchains.com\/product\/high-lift-water-out-of-the-seat\/#breadcrumb\",\"itemListElement\":[{\"@type\":\"ListItem\",\"position\":1,\"name\":\"\u9996\u9875\",\"item\":\"https:\/\/enerchains.com\/\"},{\"@type\":\"ListItem\",\"position\":2,\"name\":\"Products\",\"item\":\"https:\/\/enerchains.com\/products\/\"},{\"@type\":\"ListItem\",\"position\":3,\"name\":\"High-lift water out of the seat For Small gasoline engine\"}]},{\"@type\":\"WebSite\",\"@id\":\"https:\/\/enerchains.com\/#website\",\"url\":\"https:\/\/enerchains.com\/\",\"name\":\"Small Engines & Power Equipment Supplier - EnerChains\",\"description\":\"China manufacturer of gasoline engines, diesel engines, power equipment\",\"publisher\":{\"@id\":\"https:\/\/enerchains.com\/#organization\"},\"alternateName\":\"Gasolin Power Engine \/ Diesel Engline & Spare Parts Factory\",\"potentialAction\":[{\"@type\":\"SearchAction\",\"target\":{\"@type\":\"EntryPoint\",\"urlTemplate\":\"https:\/\/enerchains.com\/?s={search_term_string}\"},\"query-input\":{\"@type\":\"PropertyValueSpecification\",\"valueRequired\":true,\"valueName\":\"search_term_string\"}}],\"inLanguage\":\"tr\"},{\"@type\":\"Organization\",\"@id\":\"https:\/\/enerchains.com\/#organization\",\"name\":\"Enerchains (Chongqing) General Machinery Equipment Co., Ltd\",\"url\":\"https:\/\/enerchains.com\/\",\"logo\":{\"@type\":\"ImageObject\",\"inLanguage\":\"tr\",\"@id\":\"https:\/\/enerchains.com\/#\/schema\/logo\/image\/\",\"url\":\"https:\/\/enerchains.com\/wp-content\/uploads\/2024\/08\/EnerChains-Chongqing-e1724030883863.png\",\"contentUrl\":\"https:\/\/enerchains.com\/wp-content\/uploads\/2024\/08\/EnerChains-Chongqing-e1724030883863.png\",\"width\":2439,\"height\":694,\"caption\":\"Enerchains (Chongqing) General Machinery Equipment Co., Ltd\"},\"image\":{\"@id\":\"https:\/\/enerchains.com\/#\/schema\/logo\/image\/\"}}]}<\/script>\n<meta property=\"product:price:amount\" content=\"0.00\" \/>\n<meta property=\"product:price:currency\" content=\"CNY\" \/>\n<meta property=\"og:availability\" content=\"instock\" \/>\n<meta property=\"product:availability\" content=\"instock\" \/>\n<meta property=\"product:condition\" content=\"new\" \/>\n<!-- \/ Yoast SEO Premium plugin. -->","yoast_head_json":{"title":"High-lift water out of the seat For Small gasoline engine - Small Engine \/ Power Equipment &amp; Parts supply chains EnerChains","description":"- Small Engine \/ Power Equipment &amp; Parts supply chains EnerChains","robots":{"index":"index","follow":"follow","max-snippet":"max-snippet:-1","max-image-preview":"max-image-preview:large","max-video-preview":"max-video-preview:-1"},"canonical":"https:\/\/enerchains.com\/tr\/urun\/yuksek-kaldirma-suyu-koltuktan-disari\/","og_locale":"tr_TR","og_type":"article","og_title":"High-lift water out of the seat For Small gasoline engine","og_description":"- Small Engine \/ Power Equipment &amp; Parts supply chains EnerChains","og_url":"https:\/\/enerchains.com\/tr\/urun\/yuksek-kaldirma-suyu-koltuktan-disari\/","og_site_name":"Small Engine \/ Power Equipment &amp; Parts supply chains EnerChains","article_modified_time":"2025-01-15T14:41:00+00:00","og_image":[{"width":800,"height":800,"url":"https:\/\/enerchains.com\/wp-content\/uploads\/2024\/11\/High-lift-water-out-of-the-seat.png","type":"image\/png"}],"twitter_card":"summary_large_image","twitter_misc":{"Fiyat":"","Durumu":"Stokta var"},"schema":{"@context":"https:\/\/schema.org","@graph":[{"@type":["WebPage","ItemPage"],"@id":"https:\/\/enerchains.com\/product\/high-lift-water-out-of-the-seat\/","url":"https:\/\/enerchains.com\/product\/high-lift-water-out-of-the-seat\/","name":"High-lift water out of the seat For Small gasoline engine - Small Engine \/ Power Equipment &amp; Parts supply chains EnerChains","isPartOf":{"@id":"https:\/\/enerchains.com\/#website"},"primaryImageOfPage":{"@id":"https:\/\/enerchains.com\/product\/high-lift-water-out-of-the-seat\/#primaryimage"},"image":{"@id":"https:\/\/enerchains.com\/product\/high-lift-water-out-of-the-seat\/#primaryimage"},"thumbnailUrl":"https:\/\/enerchains.com\/wp-content\/uploads\/2024\/11\/High-lift-water-out-of-the-seat.png","datePublished":"2024-11-08T03:21:52+00:00","dateModified":"2025-01-15T14:41:00+00:00","description":"- Small Engine \/ Power Equipment &amp; Parts supply chains EnerChains","breadcrumb":{"@id":"https:\/\/enerchains.com\/product\/high-lift-water-out-of-the-seat\/#breadcrumb"},"inLanguage":"tr","potentialAction":[{"@type":"ReadAction","target":["https:\/\/enerchains.com\/product\/high-lift-water-out-of-the-seat\/"]}]},{"@type":"ImageObject","inLanguage":"tr","@id":"https:\/\/enerchains.com\/product\/high-lift-water-out-of-the-seat\/#primaryimage","url":"https:\/\/enerchains.com\/wp-content\/uploads\/2024\/11\/High-lift-water-out-of-the-seat.png","contentUrl":"https:\/\/enerchains.com\/wp-content\/uploads\/2024\/11\/High-lift-water-out-of-the-seat.png","width":800,"height":800,"caption":"5KW shock absobing feet"},{"@type":"BreadcrumbList","@id":"https:\/\/enerchains.com\/product\/high-lift-water-out-of-the-seat\/#breadcrumb","itemListElement":[{"@type":"ListItem","position":1,"name":"\u9996\u9875","item":"https:\/\/enerchains.com\/"},{"@type":"ListItem","position":2,"name":"Products","item":"https:\/\/enerchains.com\/products\/"},{"@type":"ListItem","position":3,"name":"High-lift water out of the seat For Small gasoline engine"}]},{"@type":"WebSite","@id":"https:\/\/enerchains.com\/#website","url":"https:\/\/enerchains.com\/","name":"Small Engines & Power Equipment Supplier - EnerChains","description":"China manufacturer of gasoline engines, diesel engines, power equipment","publisher":{"@id":"https:\/\/enerchains.com\/#organization"},"alternateName":"Gasolin Power Engine \/ Diesel Engline & Spare Parts Factory","potentialAction":[{"@type":"SearchAction","target":{"@type":"EntryPoint","urlTemplate":"https:\/\/enerchains.com\/?s={search_term_string}"},"query-input":{"@type":"PropertyValueSpecification","valueRequired":true,"valueName":"search_term_string"}}],"inLanguage":"tr"},{"@type":"Organization","@id":"https:\/\/enerchains.com\/#organization","name":"Enerchains (Chongqing) General Machinery Equipment Co., Ltd","url":"https:\/\/enerchains.com\/","logo":{"@type":"ImageObject","inLanguage":"tr","@id":"https:\/\/enerchains.com\/#\/schema\/logo\/image\/","url":"https:\/\/enerchains.com\/wp-content\/uploads\/2024\/08\/EnerChains-Chongqing-e1724030883863.png","contentUrl":"https:\/\/enerchains.com\/wp-content\/uploads\/2024\/08\/EnerChains-Chongqing-e1724030883863.png","width":2439,"height":694,"caption":"Enerchains (Chongqing) General Machinery Equipment Co., Ltd"},"image":{"@id":"https:\/\/enerchains.com\/#\/schema\/logo\/image\/"}}]},"product_price_amount":"0.00","product_price_currency":"CNY","og_availability":"instock","product_availability":"instock","product_condition":"new"},"_links":{"self":[{"href":"https:\/\/enerchains.com\/tr\/wp-json\/wp\/v2\/product\/4811","targetHints":{"allow":["GET"]}}],"collection":[{"href":"https:\/\/enerchains.com\/tr\/wp-json\/wp\/v2\/product"}],"about":[{"href":"https:\/\/enerchains.com\/tr\/wp-json\/wp\/v2\/types\/product"}],"wp:featuredmedia":[{"embeddable":true,"href":"https:\/\/enerchains.com\/tr\/wp-json\/wp\/v2\/media\/4802"}],"wp:attachment":[{"href":"https:\/\/enerchains.com\/tr\/wp-json\/wp\/v2\/media?parent=4811"}],"wp:term":[{"taxonomy":"product_brand","embeddable":true,"href":"https:\/\/enerchains.com\/tr\/wp-json\/wp\/v2\/product_brand?post=4811"},{"taxonomy":"product_cat","embeddable":true,"href":"https:\/\/enerchains.com\/tr\/wp-json\/wp\/v2\/product_cat?post=4811"},{"taxonomy":"product_tag","embeddable":true,"href":"https:\/\/enerchains.com\/tr\/wp-json\/wp\/v2\/product_tag?post=4811"}],"curies":[{"name":"wp","href":"https:\/\/api.w.org\/{rel}","templated":true}]}}