{"id":4804,"date":"2024-11-08T03:18:10","date_gmt":"2024-11-08T03:18:10","guid":{"rendered":"https:\/\/enerchains.com\/?post_type=product&#038;p=4804"},"modified":"2025-01-15T15:50:30","modified_gmt":"2025-01-15T15:50:30","slug":"8kw-digital-voltage-regulator","status":"publish","type":"product","link":"https:\/\/enerchains.com\/tr\/urun\/8kw-dijital-voltaj-regulatoru\/","title":{"rendered":"K\u00fc\u00e7\u00fck benzinli motor i\u00e7in 8KW dijital voltaj reg\u00fclat\u00f6r\u00fc"},"content":{"rendered":"<h2>8kW Dijital Voltaj Reg\u00fclat\u00f6r\u00fc nedir?<\/h2>\n<p>8kW dijital voltaj reg\u00fclat\u00f6r\u00fc, k\u00fc\u00e7\u00fck benzinli motorlar i\u00e7in \u00f6zel olarak tasarlanm\u0131\u015f sofistike bir elektronik bile\u015fendir ve sabit bir voltaj \u00e7\u0131k\u0131\u015f\u0131n\u0131n korunmas\u0131nda \u00e7ok \u00f6nemli bir rol oynar. Bir voltaj reg\u00fclat\u00f6r\u00fcn\u00fcn temel amac\u0131, motorun g\u00fc\u00e7 \u00fcretiminde meydana gelebilecek dalgalanmalardan ba\u011f\u0131ms\u0131z olarak elektrik sisteminin tutarl\u0131 bir voltaj almas\u0131n\u0131 sa\u011flamakt\u0131r. Bu istikrar, ate\u015fleme sistemi, yak\u0131t enjekt\u00f6rleri ve motordaki di\u011fer hassas elektronikler gibi \u00e7e\u015fitli bile\u015fenlerin optimum performans\u0131 i\u00e7in hayati \u00f6nem ta\u015f\u0131r.<\/p>\n<p>Temelde dijital voltaj reg\u00fclat\u00f6r\u00fc, motorun elektrik sistemindeki voltaj seviyelerini s\u00fcrekli olarak izleyerek \u00e7al\u0131\u015f\u0131r. Dalgalanmalar tespit edildi\u011finde, reg\u00fclat\u00f6r \u00e7\u0131k\u0131\u015f voltaj\u0131n\u0131 buna g\u00f6re ayarlamak i\u00e7in derhal d\u00fczeltici \u00f6nlemler al\u0131r. Bu dinamik d\u00fczenleme sadece sabit bir voltaj sa\u011flamaya yard\u0131mc\u0131 olmakla kalmaz, ayn\u0131 zamanda motorun verimlili\u011fini de art\u0131r\u0131r. 8kW dijital voltaj reg\u00fclat\u00f6r\u00fc kullanman\u0131n \u00f6nemli bir avantaj\u0131, geli\u015fmi\u015f dijital izleme yeteneklerine sahip olmas\u0131d\u0131r. Bu \u00f6zellik, ger\u00e7ek zamanl\u0131 analiz ve ayarlamalara olanak tan\u0131yarak performans \u00f6l\u00e7\u00fctlerinin tutarl\u0131 bir \u015fekilde kar\u015f\u0131lanmas\u0131n\u0131 sa\u011flar.<\/p>\n<p>Dijital izlemeye ek olarak, bu reg\u00fclat\u00f6r genellikle motor bile\u015fenlerini a\u015f\u0131r\u0131 voltaj\u0131n neden oldu\u011fu potansiyel hasara kar\u015f\u0131 korumak i\u00e7in gerekli olan a\u015f\u0131r\u0131 y\u00fck koruma mekanizmalar\u0131n\u0131 i\u00e7erir. Bu t\u00fcr koruyucu \u00f6zellikler, modern motorlarda gerekli olan tepkisellik ve hassasiyetten yoksun geleneksel analog modellerin aksine durmaktad\u0131r. 8kW dijital voltaj reg\u00fclat\u00f6r\u00fc taraf\u0131ndan sa\u011flanan geli\u015fmi\u015f verimlilik ayn\u0131 zamanda daha d\u00fc\u015f\u00fck yak\u0131t t\u00fcketimi ve daha d\u00fc\u015f\u00fck emisyon anlam\u0131na gelir ve s\u00fcrd\u00fcr\u00fclebilirlik ve \u00e7evresel sorumlulu\u011fa y\u00f6nelik \u00e7a\u011fda\u015f trendlerle uyumludur.<\/p>\n<p>Motor operat\u00f6rleri, dijital voltaj reg\u00fclat\u00f6r\u00fc kullanarak voltaj da\u011f\u0131t\u0131m\u0131nda daha y\u00fcksek do\u011fruluk bekleyebilir ve k\u00fc\u00e7\u00fck benzinli motorlar\u0131n\u0131n daha g\u00fcvenilir ve etkili bir \u015fekilde \u00e7al\u0131\u015fmas\u0131n\u0131 sa\u011flayabilir. \u00d6zetle, 8kW dijital voltaj reg\u00fclat\u00f6r\u00fcn\u00fcn entegrasyonu, k\u00fc\u00e7\u00fck benzinli motorlar alan\u0131nda kritik bir ilerlemeyi temsil etmekte ve geli\u015fmi\u015f performans ve operasyonel verimlili\u011fi te\u015fvik etmektedir.<\/p>\n<h2>8kW Dijital Voltaj Reg\u00fclat\u00f6r\u00fc Kullanman\u0131n Uygulamalar\u0131 ve Faydalar\u0131<\/h2>\n<p>8kW dijital voltaj reg\u00fclat\u00f6r\u00fc, k\u00fc\u00e7\u00fck benzinli motorlar\u0131 i\u00e7eren \u00e7e\u015fitli uygulamalarda \u00e7ok \u00f6nemli bir bile\u015fen haline gelmi\u015ftir. En yayg\u0131n kullan\u0131m alanlar\u0131ndan biri, istikrarl\u0131 g\u00fc\u00e7 \u00e7\u0131k\u0131\u015f\u0131n\u0131n tutarl\u0131 \u00e7al\u0131\u015fma i\u00e7in \u00e7ok \u00f6nemli oldu\u011fu jenerat\u00f6r sistemleridir. Bu reg\u00fclat\u00f6r, voltaj seviyelerinin dalgal\u0131 y\u00fck ko\u015fullar\u0131nda bile sabit kalmas\u0131n\u0131 sa\u011flar, b\u00f6ylece genel verimlili\u011fi art\u0131r\u0131rken hassas elektronik cihazlar\u0131n hasar g\u00f6rmesini \u00f6nler.<\/p>\n<p>Bu dijital voltaj reg\u00fclat\u00f6r\u00fc, jenerat\u00f6rlerin yan\u0131 s\u0131ra \u00e7im bi\u00e7me makineleri ve di\u011fer d\u0131\u015f mekan g\u00fc\u00e7 ekipmanlar\u0131nda da kullan\u0131l\u0131r. \u00c7im bak\u0131m\u0131 uygulay\u0131c\u0131lar\u0131 ve peyzaj i\u015fletmeleri, bir Voltaj Reg\u00fclat\u00f6r\u00fc taraf\u0131ndan sa\u011flanan geli\u015fmi\u015f performanstan \u00f6nemli \u00f6l\u00e7\u00fcde yararlanabilir. Reg\u00fclat\u00f6r\u00fcn sabit bir voltaj \u00e7\u0131k\u0131\u015f\u0131 sa\u011flama yetene\u011fi, yak\u0131t verimlili\u011fini art\u0131rarak \u00e7al\u0131\u015fma s\u00fcresini en \u00fcst d\u00fczeye \u00e7\u0131kar\u0131rken i\u015fletme maliyetlerini azalt\u0131r. Ayr\u0131ca, artan \u00e7evre standartlar\u0131 ve d\u00fczenlemeleriyle uyumlu olarak daha d\u00fc\u015f\u00fck emisyonlara katk\u0131da bulunur.<\/p>\n<p>8kW dijital voltaj reg\u00fclat\u00f6r\u00fcn\u00fcn entegre edilmesinin bir di\u011fer \u00f6nemli faydas\u0131 da motor bile\u015fenlerinin \u00f6mr\u00fcn\u00fc uzatma potansiyelidir. Reg\u00fclat\u00f6r, voltaj seviyelerini dengeleyerek elektrik sistemlerindeki ve mekanik par\u00e7alardaki a\u015f\u0131nma ve y\u0131pranmay\u0131 azalt\u0131r, sonu\u00e7ta daha az bak\u0131m gereksinimi ortaya \u00e7\u0131kar\u0131r ve de\u011fi\u015ftirme gerekmeden \u00f6nceki s\u00fcreyi uzat\u0131r. Bu g\u00fcvenilirlik, ar\u0131za s\u00fcresinin \u00f6nemli mali kay\u0131plara yol a\u00e7abilece\u011fi ticari uygulamalarda \u00f6zellikle de\u011ferlidir.<\/p>\n<p>Ger\u00e7ek d\u00fcnya \u00f6rnekleri, 8kW dijital voltaj reg\u00fclat\u00f6r\u00fcn\u00fcn entegre edilmesinin performans ve g\u00fcvenilirlikte nas\u0131l \u00f6nemli geli\u015fmeler sa\u011flad\u0131\u011f\u0131n\u0131 g\u00f6stermektedir. \u00d6rnek olay incelemeleri, bu teknolojiyi kullananlar\u0131n motor ar\u0131zas\u0131 vakalar\u0131nda belirgin bir azalma ve makinelerinin genel hizmet \u00f6mr\u00fcnde art\u0131\u015f bildirdiklerini ortaya koymaktad\u0131r. Bu uygulamalar sayesinde, 8kW dijital voltaj reg\u00fclat\u00f6r\u00fcn\u00fcn yaln\u0131zca bir aksesuar olarak de\u011fil, \u00e7e\u015fitli k\u00fc\u00e7\u00fck benzinli motor uygulamalar\u0131nda hem i\u015flevselli\u011fi hem de verimlili\u011fi art\u0131ran temel bir bile\u015fen olarak hizmet etti\u011fi a\u00e7\u0131kt\u0131r.<\/p>","protected":false},"excerpt":{"rendered":"<p>8 kW Dijital Voltaj Reg\u00fclat\u00f6r\u00fc Nedir? 8 kW dijital voltaj reg\u00fclat\u00f6r\u00fc, k\u00fc\u00e7\u00fck benzinli motorlar i\u00e7in tasarlanm\u0131\u015f, kararl\u0131 bir voltaj \u00e7\u0131k\u0131\u015f\u0131 sa\u011flamada \u00f6nemli bir rol oynayan sofistike bir elektronik bile\u015fendir. Voltaj reg\u00fclat\u00f6r\u00fcn\u00fcn temel amac\u0131, elektrik sisteminin, dalgalanmalardan ba\u011f\u0131ms\u0131z olarak tutarl\u0131 bir voltaj almas\u0131n\u0131 sa\u011flamakt\u0131r\u2026<\/p>","protected":false},"featured_media":4792,"template":"","meta":{"_kad_post_transparent":"default","_kad_post_title":"","_kad_post_layout":"default","_kad_post_sidebar_id":"","_kad_post_content_style":"default","_kad_post_vertical_padding":"default","_kad_post_feature":"","_kad_post_feature_position":"","_kad_post_header":false,"_kad_post_footer":false,"powered_cache_disable_cache":false,"powered_cache_disable_lazyload":false},"product_brand":[],"product_cat":[20,97],"product_tag":[],"class_list":{"0":"post-4804","1":"product","2":"type-product","3":"status-publish","4":"has-post-thumbnail","6":"product_cat-gasoline-engine-parts","7":"product_cat-regulator","9":"first","10":"instock","11":"shipping-taxable","12":"product-type-simple","13":"entry","14":"content-bg","15":"loop-entry"},"yoast_head":"<!-- This site is optimized with the Yoast SEO Premium plugin v23.5 (Yoast SEO v24.4) - https:\/\/yoast.com\/wordpress\/plugins\/seo\/ -->\n<title>8KW digital voltage regulator For Small gasoline engine - Small Engine \/ Power Equipment &amp; Parts supply chains EnerChains<\/title>\n<meta name=\"description\" content=\"- Small Engine \/ Power Equipment &amp; Parts supply chains EnerChains\" \/>\n<meta name=\"robots\" content=\"index, follow, max-snippet:-1, max-image-preview:large, max-video-preview:-1\" \/>\n<link rel=\"canonical\" href=\"https:\/\/enerchains.com\/tr\/urun\/8kw-dijital-voltaj-regulatoru\/\" \/>\n<meta property=\"og:locale\" content=\"tr_TR\" \/>\n<meta property=\"og:type\" content=\"article\" \/>\n<meta property=\"og:title\" content=\"8KW digital voltage regulator For Small gasoline engine\" \/>\n<meta property=\"og:description\" content=\"- Small Engine \/ Power Equipment &amp; Parts supply chains EnerChains\" \/>\n<meta property=\"og:url\" content=\"https:\/\/enerchains.com\/tr\/urun\/8kw-dijital-voltaj-regulatoru\/\" \/>\n<meta property=\"og:site_name\" content=\"Small Engine \/ Power Equipment &amp; Parts supply chains EnerChains\" \/>\n<meta property=\"article:modified_time\" content=\"2025-01-15T15:50:30+00:00\" \/>\n<meta property=\"og:image\" content=\"https:\/\/enerchains.com\/wp-content\/uploads\/2024\/11\/8KW-digital-voltage-regulator.png\" \/>\n\t<meta property=\"og:image:width\" content=\"800\" \/>\n\t<meta property=\"og:image:height\" content=\"800\" \/>\n\t<meta property=\"og:image:type\" content=\"image\/png\" \/>\n<meta name=\"twitter:card\" content=\"summary_large_image\" \/>\n<meta name=\"twitter:label1\" content=\"Fiyat\" \/>\n\t<meta name=\"twitter:data1\" content=\"\" \/>\n\t<meta name=\"twitter:label2\" content=\"Durumu\" \/>\n\t<meta name=\"twitter:data2\" content=\"Stokta var\" \/>\n<script type=\"application\/ld+json\" class=\"yoast-schema-graph\">{\"@context\":\"https:\/\/schema.org\",\"@graph\":[{\"@type\":[\"WebPage\",\"ItemPage\"],\"@id\":\"https:\/\/enerchains.com\/product\/8kw-digital-voltage-regulator\/\",\"url\":\"https:\/\/enerchains.com\/product\/8kw-digital-voltage-regulator\/\",\"name\":\"8KW digital voltage regulator For Small gasoline engine - Small Engine \/ Power Equipment &amp; Parts supply chains EnerChains\",\"isPartOf\":{\"@id\":\"https:\/\/enerchains.com\/#website\"},\"primaryImageOfPage\":{\"@id\":\"https:\/\/enerchains.com\/product\/8kw-digital-voltage-regulator\/#primaryimage\"},\"image\":{\"@id\":\"https:\/\/enerchains.com\/product\/8kw-digital-voltage-regulator\/#primaryimage\"},\"thumbnailUrl\":\"https:\/\/enerchains.com\/wp-content\/uploads\/2024\/11\/8KW-digital-voltage-regulator.png\",\"datePublished\":\"2024-11-08T03:18:10+00:00\",\"dateModified\":\"2025-01-15T15:50:30+00:00\",\"description\":\"- Small Engine \/ Power Equipment &amp; Parts supply chains EnerChains\",\"breadcrumb\":{\"@id\":\"https:\/\/enerchains.com\/product\/8kw-digital-voltage-regulator\/#breadcrumb\"},\"inLanguage\":\"tr\",\"potentialAction\":[{\"@type\":\"ReadAction\",\"target\":[\"https:\/\/enerchains.com\/product\/8kw-digital-voltage-regulator\/\"]}]},{\"@type\":\"ImageObject\",\"inLanguage\":\"tr\",\"@id\":\"https:\/\/enerchains.com\/product\/8kw-digital-voltage-regulator\/#primaryimage\",\"url\":\"https:\/\/enerchains.com\/wp-content\/uploads\/2024\/11\/8KW-digital-voltage-regulator.png\",\"contentUrl\":\"https:\/\/enerchains.com\/wp-content\/uploads\/2024\/11\/8KW-digital-voltage-regulator.png\",\"width\":800,\"height\":800,\"caption\":\"5KW shock absobing feet\"},{\"@type\":\"BreadcrumbList\",\"@id\":\"https:\/\/enerchains.com\/product\/8kw-digital-voltage-regulator\/#breadcrumb\",\"itemListElement\":[{\"@type\":\"ListItem\",\"position\":1,\"name\":\"\u9996\u9875\",\"item\":\"https:\/\/enerchains.com\/\"},{\"@type\":\"ListItem\",\"position\":2,\"name\":\"Products\",\"item\":\"https:\/\/enerchains.com\/products\/\"},{\"@type\":\"ListItem\",\"position\":3,\"name\":\"8KW digital voltage regulator For Small gasoline engine\"}]},{\"@type\":\"WebSite\",\"@id\":\"https:\/\/enerchains.com\/#website\",\"url\":\"https:\/\/enerchains.com\/\",\"name\":\"Small Engines & Power Equipment Supplier - EnerChains\",\"description\":\"China manufacturer of gasoline engines, diesel engines, power equipment\",\"publisher\":{\"@id\":\"https:\/\/enerchains.com\/#organization\"},\"alternateName\":\"Gasolin Power Engine \/ Diesel Engline & Spare Parts Factory\",\"potentialAction\":[{\"@type\":\"SearchAction\",\"target\":{\"@type\":\"EntryPoint\",\"urlTemplate\":\"https:\/\/enerchains.com\/?s={search_term_string}\"},\"query-input\":{\"@type\":\"PropertyValueSpecification\",\"valueRequired\":true,\"valueName\":\"search_term_string\"}}],\"inLanguage\":\"tr\"},{\"@type\":\"Organization\",\"@id\":\"https:\/\/enerchains.com\/#organization\",\"name\":\"Enerchains (Chongqing) General Machinery Equipment Co., Ltd\",\"url\":\"https:\/\/enerchains.com\/\",\"logo\":{\"@type\":\"ImageObject\",\"inLanguage\":\"tr\",\"@id\":\"https:\/\/enerchains.com\/#\/schema\/logo\/image\/\",\"url\":\"https:\/\/enerchains.com\/wp-content\/uploads\/2024\/08\/EnerChains-Chongqing-e1724030883863.png\",\"contentUrl\":\"https:\/\/enerchains.com\/wp-content\/uploads\/2024\/08\/EnerChains-Chongqing-e1724030883863.png\",\"width\":2439,\"height\":694,\"caption\":\"Enerchains (Chongqing) General Machinery Equipment Co., Ltd\"},\"image\":{\"@id\":\"https:\/\/enerchains.com\/#\/schema\/logo\/image\/\"}}]}<\/script>\n<meta property=\"product:price:amount\" content=\"0.00\" \/>\n<meta property=\"product:price:currency\" content=\"CNY\" \/>\n<meta property=\"og:availability\" content=\"instock\" \/>\n<meta property=\"product:availability\" content=\"instock\" \/>\n<meta property=\"product:condition\" content=\"new\" \/>\n<!-- \/ Yoast SEO Premium plugin. -->","yoast_head_json":{"title":"8KW digital voltage regulator For Small gasoline engine - Small Engine \/ Power Equipment &amp; Parts supply chains EnerChains","description":"- Small Engine \/ Power Equipment &amp; Parts supply chains EnerChains","robots":{"index":"index","follow":"follow","max-snippet":"max-snippet:-1","max-image-preview":"max-image-preview:large","max-video-preview":"max-video-preview:-1"},"canonical":"https:\/\/enerchains.com\/tr\/urun\/8kw-dijital-voltaj-regulatoru\/","og_locale":"tr_TR","og_type":"article","og_title":"8KW digital voltage regulator For Small gasoline engine","og_description":"- Small Engine \/ Power Equipment &amp; Parts supply chains EnerChains","og_url":"https:\/\/enerchains.com\/tr\/urun\/8kw-dijital-voltaj-regulatoru\/","og_site_name":"Small Engine \/ Power Equipment &amp; Parts supply chains EnerChains","article_modified_time":"2025-01-15T15:50:30+00:00","og_image":[{"width":800,"height":800,"url":"https:\/\/enerchains.com\/wp-content\/uploads\/2024\/11\/8KW-digital-voltage-regulator.png","type":"image\/png"}],"twitter_card":"summary_large_image","twitter_misc":{"Fiyat":"","Durumu":"Stokta var"},"schema":{"@context":"https:\/\/schema.org","@graph":[{"@type":["WebPage","ItemPage"],"@id":"https:\/\/enerchains.com\/product\/8kw-digital-voltage-regulator\/","url":"https:\/\/enerchains.com\/product\/8kw-digital-voltage-regulator\/","name":"8KW digital voltage regulator For Small gasoline engine - Small Engine \/ Power Equipment &amp; Parts supply chains EnerChains","isPartOf":{"@id":"https:\/\/enerchains.com\/#website"},"primaryImageOfPage":{"@id":"https:\/\/enerchains.com\/product\/8kw-digital-voltage-regulator\/#primaryimage"},"image":{"@id":"https:\/\/enerchains.com\/product\/8kw-digital-voltage-regulator\/#primaryimage"},"thumbnailUrl":"https:\/\/enerchains.com\/wp-content\/uploads\/2024\/11\/8KW-digital-voltage-regulator.png","datePublished":"2024-11-08T03:18:10+00:00","dateModified":"2025-01-15T15:50:30+00:00","description":"- Small Engine \/ Power Equipment &amp; Parts supply chains EnerChains","breadcrumb":{"@id":"https:\/\/enerchains.com\/product\/8kw-digital-voltage-regulator\/#breadcrumb"},"inLanguage":"tr","potentialAction":[{"@type":"ReadAction","target":["https:\/\/enerchains.com\/product\/8kw-digital-voltage-regulator\/"]}]},{"@type":"ImageObject","inLanguage":"tr","@id":"https:\/\/enerchains.com\/product\/8kw-digital-voltage-regulator\/#primaryimage","url":"https:\/\/enerchains.com\/wp-content\/uploads\/2024\/11\/8KW-digital-voltage-regulator.png","contentUrl":"https:\/\/enerchains.com\/wp-content\/uploads\/2024\/11\/8KW-digital-voltage-regulator.png","width":800,"height":800,"caption":"5KW shock absobing feet"},{"@type":"BreadcrumbList","@id":"https:\/\/enerchains.com\/product\/8kw-digital-voltage-regulator\/#breadcrumb","itemListElement":[{"@type":"ListItem","position":1,"name":"\u9996\u9875","item":"https:\/\/enerchains.com\/"},{"@type":"ListItem","position":2,"name":"Products","item":"https:\/\/enerchains.com\/products\/"},{"@type":"ListItem","position":3,"name":"8KW digital voltage regulator For Small gasoline engine"}]},{"@type":"WebSite","@id":"https:\/\/enerchains.com\/#website","url":"https:\/\/enerchains.com\/","name":"Small Engines & Power Equipment Supplier - EnerChains","description":"China manufacturer of gasoline engines, diesel engines, power equipment","publisher":{"@id":"https:\/\/enerchains.com\/#organization"},"alternateName":"Gasolin Power Engine \/ Diesel Engline & Spare Parts Factory","potentialAction":[{"@type":"SearchAction","target":{"@type":"EntryPoint","urlTemplate":"https:\/\/enerchains.com\/?s={search_term_string}"},"query-input":{"@type":"PropertyValueSpecification","valueRequired":true,"valueName":"search_term_string"}}],"inLanguage":"tr"},{"@type":"Organization","@id":"https:\/\/enerchains.com\/#organization","name":"Enerchains (Chongqing) General Machinery Equipment Co., Ltd","url":"https:\/\/enerchains.com\/","logo":{"@type":"ImageObject","inLanguage":"tr","@id":"https:\/\/enerchains.com\/#\/schema\/logo\/image\/","url":"https:\/\/enerchains.com\/wp-content\/uploads\/2024\/08\/EnerChains-Chongqing-e1724030883863.png","contentUrl":"https:\/\/enerchains.com\/wp-content\/uploads\/2024\/08\/EnerChains-Chongqing-e1724030883863.png","width":2439,"height":694,"caption":"Enerchains (Chongqing) General Machinery Equipment Co., Ltd"},"image":{"@id":"https:\/\/enerchains.com\/#\/schema\/logo\/image\/"}}]},"product_price_amount":"0.00","product_price_currency":"CNY","og_availability":"instock","product_availability":"instock","product_condition":"new"},"_links":{"self":[{"href":"https:\/\/enerchains.com\/tr\/wp-json\/wp\/v2\/product\/4804","targetHints":{"allow":["GET"]}}],"collection":[{"href":"https:\/\/enerchains.com\/tr\/wp-json\/wp\/v2\/product"}],"about":[{"href":"https:\/\/enerchains.com\/tr\/wp-json\/wp\/v2\/types\/product"}],"wp:featuredmedia":[{"embeddable":true,"href":"https:\/\/enerchains.com\/tr\/wp-json\/wp\/v2\/media\/4792"}],"wp:attachment":[{"href":"https:\/\/enerchains.com\/tr\/wp-json\/wp\/v2\/media?parent=4804"}],"wp:term":[{"taxonomy":"product_brand","embeddable":true,"href":"https:\/\/enerchains.com\/tr\/wp-json\/wp\/v2\/product_brand?post=4804"},{"taxonomy":"product_cat","embeddable":true,"href":"https:\/\/enerchains.com\/tr\/wp-json\/wp\/v2\/product_cat?post=4804"},{"taxonomy":"product_tag","embeddable":true,"href":"https:\/\/enerchains.com\/tr\/wp-json\/wp\/v2\/product_tag?post=4804"}],"curies":[{"name":"wp","href":"https:\/\/api.w.org\/{rel}","templated":true}]}}