{"id":4719,"date":"2024-11-04T08:00:31","date_gmt":"2024-11-04T08:00:31","guid":{"rendered":"https:\/\/enerchains.com\/?post_type=product&#038;p=4719"},"modified":"2025-01-15T15:34:46","modified_gmt":"2025-01-15T15:34:46","slug":"carburetor-11-2","status":"publish","type":"product","link":"https:\/\/enerchains.com\/tr\/urun\/karburator-11-2\/","title":{"rendered":"Karb\u00fcrat\u00f6r 11 K\u00fc\u00e7\u00fck benzinli motor i\u00e7in"},"content":{"rendered":"<p>K\u00fc\u00e7\u00fck Benzinli Motorlar i\u00e7in Karb\u00fcrat\u00f6r 11, k\u00fc\u00e7\u00fck motorunuzun i\u015flevselli\u011fini ve verimlili\u011fini optimize etmek i\u00e7in tasarlanm\u0131\u015f y\u00fcksek performansl\u0131, hassas m\u00fchendislik \u00fcr\u00fcn\u00fc bir bile\u015fendir. Dayan\u0131kl\u0131l\u0131k ve g\u00fcvenilirlik g\u00f6z \u00f6n\u00fcnde bulundurularak \u00fcretilen bu karb\u00fcrat\u00f6r, \u00e7im bi\u00e7me makineleri, jenerat\u00f6rler, bas\u0131n\u00e7l\u0131 y\u0131kama makineleri ve daha fazlas\u0131 dahil olmak \u00fczere benzinle \u00e7al\u0131\u015fan \u00e7ok \u00e7e\u015fitli k\u00fc\u00e7\u00fck ekipmanlarla uyumludur.<\/p>\n<p>Birinci s\u0131n\u0131f malzemelerden \u00fcretilen Karb\u00fcrat\u00f6r 11, zorlu ko\u015fullar alt\u0131nda bile uzun \u00f6m\u00fcrl\u00fc performans sa\u011flar. Geli\u015fmi\u015f yak\u0131t kar\u0131\u015ft\u0131rma teknolojisi, m\u00fckemmel bir hava-yak\u0131t oran\u0131 sunarak motorun daha sorunsuz \u00e7al\u0131\u015fmas\u0131n\u0131, yak\u0131t verimlili\u011finin artmas\u0131n\u0131 ve emisyonlar\u0131n azalmas\u0131n\u0131 sa\u011flar. Bu, yaln\u0131zca ekipman\u0131n\u0131z\u0131n genel performans\u0131n\u0131 art\u0131rmakla kalmaz, ayn\u0131 zamanda zaman i\u00e7inde yak\u0131t maliyetlerinden tasarruf etmenize de yard\u0131mc\u0131 olur.<\/p>\n<p>Karb\u00fcrat\u00f6r 11, montaj\u0131 kolay bir tasar\u0131ma sahiptir ve mevcut karb\u00fcrat\u00f6r\u00fcn\u00fcz i\u00e7in sorunsuz bir de\u011fi\u015ftirme veya y\u00fckseltme sa\u011flar. Hassas i\u015flenmi\u015f bile\u015fenleri motorunuza tam oturmas\u0131n\u0131 ve sorunsuz entegrasyonunu sa\u011flarken, korozyona dayan\u0131kl\u0131 kaplama a\u015f\u0131nma ve y\u0131pranmaya kar\u015f\u0131 koruma sa\u011flayarak \u00fcr\u00fcn\u00fcn kullan\u0131m \u00f6mr\u00fcn\u00fc uzat\u0131r. Ayr\u0131ca karb\u00fcrat\u00f6r, belirli operasyonel ihtiya\u00e7lar\u0131 kar\u015f\u0131lamak i\u00e7in performansa ince ayar yapman\u0131za olanak tan\u0131yan ayarlanabilir ayarlar i\u00e7erir.<\/p>\n<p>\u0130ster profesyonel bir peyzajc\u0131, ister kendin yap merakl\u0131s\u0131 ya da sadece g\u00fcvenilir ekipmana de\u011fer veren biri olun, Karb\u00fcrat\u00f6r 11 ola\u011fan\u00fcst\u00fc bir de\u011fer sunar. Motorunuzun en y\u00fcksek performans\u0131n\u0131 geri kazand\u0131rarak ar\u0131za s\u00fcresini en aza indirir ve \u00fcretkenli\u011fi en \u00fcst d\u00fczeye \u00e7\u0131kar\u0131r, b\u00f6ylece ihtiya\u00e7 duydu\u011funuzda aletlerinizin her zaman haz\u0131r olmas\u0131n\u0131 sa\u011flar. \u00dcst\u00fcn i\u015f\u00e7ilik, geli\u015fmi\u015f verimlilik ve kullan\u0131c\u0131 dostu tasar\u0131m\u0131n birle\u015fimiyle Karb\u00fcrat\u00f6r 11, k\u00fc\u00e7\u00fck benzinli motorunuzun g\u00fcc\u00fcn\u00fc ve g\u00fcvenilirli\u011fini korumak i\u00e7in nihai \u00e7\u00f6z\u00fcmd\u00fcr.<\/p>","protected":false},"excerpt":{"rendered":"<p>K\u00fc\u00e7\u00fck Benzinli Motorlar i\u00e7in Karb\u00fcrat\u00f6r 11, motorun verimli \u00e7al\u0131\u015fmas\u0131 i\u00e7in yak\u0131t-hava kar\u0131\u015f\u0131m\u0131n\u0131 optimize etmek \u00fczere tasarlanm\u0131\u015f y\u00fcksek performansl\u0131, dayan\u0131kl\u0131 bir bile\u015fendir. Temel \u00f6zellikleri aras\u0131nda geli\u015fmi\u015f yak\u0131t verimlili\u011fi i\u00e7in hassas m\u00fchendislik, \u00e7e\u015fitli k\u00fc\u00e7\u00fck motor modelleriyle uyumluluk ve uzun \u00f6m\u00fcrl\u00fc g\u00fcvenilirlik i\u00e7in korozyona dayan\u0131kl\u0131 malzemeler yer al\u0131r. Kolay kurulumu ve bak\u0131m\u0131 kullan\u0131c\u0131 rahatl\u0131\u011f\u0131n\u0131 art\u0131r\u0131rken, motor performans\u0131n\u0131 art\u0131rma ve emisyonlar\u0131 azaltma yetene\u011fi onu k\u00fc\u00e7\u00fck motor uygulamalar\u0131 i\u00e7in ideal bir se\u00e7im haline getirir.<\/p>","protected":false},"featured_media":3725,"template":"","meta":{"_kad_post_transparent":"default","_kad_post_title":"","_kad_post_layout":"default","_kad_post_sidebar_id":"","_kad_post_content_style":"default","_kad_post_vertical_padding":"default","_kad_post_feature":"","_kad_post_feature_position":"","_kad_post_header":false,"_kad_post_footer":false,"powered_cache_disable_cache":false,"powered_cache_disable_lazyload":false},"product_brand":[],"product_cat":[20,27],"product_tag":[],"class_list":{"0":"post-4719","1":"product","2":"type-product","3":"status-publish","4":"has-post-thumbnail","6":"product_cat-gasoline-engine-parts","7":"product_cat-carburetors","9":"first","10":"instock","11":"shipping-taxable","12":"product-type-simple","13":"entry","14":"content-bg","15":"loop-entry"},"yoast_head":"<!-- This site is optimized with the Yoast SEO Premium plugin v23.5 (Yoast SEO v24.4) - https:\/\/yoast.com\/wordpress\/plugins\/seo\/ -->\n<title>Carburetor 11 For Small gasoline engine - Small Engine \/ Power Equipment &amp; Parts supply chains EnerChains<\/title>\n<meta name=\"description\" content=\"High-quality Carburetor 11 for small gasoline engines. Ensures optimal fuel-air mix, improved performance, and durability. Perfect for lawnmowers &amp; generators.- Small Engine \/ Power Equipment &amp; Parts supply chains EnerChains\" \/>\n<meta name=\"robots\" content=\"index, follow, max-snippet:-1, max-image-preview:large, max-video-preview:-1\" \/>\n<link rel=\"canonical\" href=\"https:\/\/enerchains.com\/tr\/urun\/karburator-11-2\/\" \/>\n<meta property=\"og:locale\" content=\"tr_TR\" \/>\n<meta property=\"og:type\" content=\"article\" \/>\n<meta property=\"og:title\" content=\"Carburetor 11 For Small gasoline engine\" \/>\n<meta property=\"og:description\" content=\"High-quality Carburetor 11 for small gasoline engines. Ensures optimal fuel-air mix, improved performance, and durability. Perfect for lawnmowers &amp; generators.- Small Engine \/ Power Equipment &amp; Parts supply chains EnerChains\" \/>\n<meta property=\"og:url\" content=\"https:\/\/enerchains.com\/tr\/urun\/karburator-11-2\/\" \/>\n<meta property=\"og:site_name\" content=\"Small Engine \/ Power Equipment &amp; Parts supply chains EnerChains\" \/>\n<meta property=\"article:modified_time\" content=\"2025-01-15T15:34:46+00:00\" \/>\n<meta property=\"og:image\" content=\"https:\/\/enerchains.com\/wp-content\/uploads\/2024\/09\/Carburetor-11.png\" \/>\n\t<meta property=\"og:image:width\" content=\"800\" \/>\n\t<meta property=\"og:image:height\" content=\"800\" \/>\n\t<meta property=\"og:image:type\" content=\"image\/png\" \/>\n<meta name=\"twitter:card\" content=\"summary_large_image\" \/>\n<meta name=\"twitter:label1\" content=\"Fiyat\" \/>\n\t<meta name=\"twitter:data1\" content=\"\" \/>\n\t<meta name=\"twitter:label2\" content=\"Durumu\" \/>\n\t<meta name=\"twitter:data2\" content=\"Stokta var\" \/>\n<script type=\"application\/ld+json\" class=\"yoast-schema-graph\">{\"@context\":\"https:\/\/schema.org\",\"@graph\":[{\"@type\":[\"WebPage\",\"ItemPage\"],\"@id\":\"https:\/\/enerchains.com\/product\/carburetor-11-2\/\",\"url\":\"https:\/\/enerchains.com\/product\/carburetor-11-2\/\",\"name\":\"Carburetor 11 For Small gasoline engine - Small Engine \/ Power Equipment &amp; Parts supply chains EnerChains\",\"isPartOf\":{\"@id\":\"https:\/\/enerchains.com\/#website\"},\"primaryImageOfPage\":{\"@id\":\"https:\/\/enerchains.com\/product\/carburetor-11-2\/#primaryimage\"},\"image\":{\"@id\":\"https:\/\/enerchains.com\/product\/carburetor-11-2\/#primaryimage\"},\"thumbnailUrl\":\"https:\/\/enerchains.com\/wp-content\/uploads\/2024\/09\/Carburetor-11.png\",\"datePublished\":\"2024-11-04T08:00:31+00:00\",\"dateModified\":\"2025-01-15T15:34:46+00:00\",\"description\":\"High-quality Carburetor 11 for small gasoline engines. Ensures optimal fuel-air mix, improved performance, and durability. Perfect for lawnmowers & generators.- Small Engine \/ Power Equipment &amp; Parts supply chains EnerChains\",\"breadcrumb\":{\"@id\":\"https:\/\/enerchains.com\/product\/carburetor-11-2\/#breadcrumb\"},\"inLanguage\":\"tr\",\"potentialAction\":[{\"@type\":\"ReadAction\",\"target\":[\"https:\/\/enerchains.com\/product\/carburetor-11-2\/\"]}]},{\"@type\":\"ImageObject\",\"inLanguage\":\"tr\",\"@id\":\"https:\/\/enerchains.com\/product\/carburetor-11-2\/#primaryimage\",\"url\":\"https:\/\/enerchains.com\/wp-content\/uploads\/2024\/09\/Carburetor-11.png\",\"contentUrl\":\"https:\/\/enerchains.com\/wp-content\/uploads\/2024\/09\/Carburetor-11.png\",\"width\":800,\"height\":800,\"caption\":\"Carburetor (1)\"},{\"@type\":\"BreadcrumbList\",\"@id\":\"https:\/\/enerchains.com\/product\/carburetor-11-2\/#breadcrumb\",\"itemListElement\":[{\"@type\":\"ListItem\",\"position\":1,\"name\":\"\u9996\u9875\",\"item\":\"https:\/\/enerchains.com\/\"},{\"@type\":\"ListItem\",\"position\":2,\"name\":\"Products\",\"item\":\"https:\/\/enerchains.com\/products\/\"},{\"@type\":\"ListItem\",\"position\":3,\"name\":\"Carburetor 11 For Small gasoline engine\"}]},{\"@type\":\"WebSite\",\"@id\":\"https:\/\/enerchains.com\/#website\",\"url\":\"https:\/\/enerchains.com\/\",\"name\":\"Small Engines & Power Equipment Supplier - EnerChains\",\"description\":\"China manufacturer of gasoline engines, diesel engines, power equipment\",\"publisher\":{\"@id\":\"https:\/\/enerchains.com\/#organization\"},\"alternateName\":\"Gasolin Power Engine \/ Diesel Engline & Spare Parts Factory\",\"potentialAction\":[{\"@type\":\"SearchAction\",\"target\":{\"@type\":\"EntryPoint\",\"urlTemplate\":\"https:\/\/enerchains.com\/?s={search_term_string}\"},\"query-input\":{\"@type\":\"PropertyValueSpecification\",\"valueRequired\":true,\"valueName\":\"search_term_string\"}}],\"inLanguage\":\"tr\"},{\"@type\":\"Organization\",\"@id\":\"https:\/\/enerchains.com\/#organization\",\"name\":\"Enerchains (Chongqing) General Machinery Equipment Co., Ltd\",\"url\":\"https:\/\/enerchains.com\/\",\"logo\":{\"@type\":\"ImageObject\",\"inLanguage\":\"tr\",\"@id\":\"https:\/\/enerchains.com\/#\/schema\/logo\/image\/\",\"url\":\"https:\/\/enerchains.com\/wp-content\/uploads\/2024\/08\/EnerChains-Chongqing-e1724030883863.png\",\"contentUrl\":\"https:\/\/enerchains.com\/wp-content\/uploads\/2024\/08\/EnerChains-Chongqing-e1724030883863.png\",\"width\":2439,\"height\":694,\"caption\":\"Enerchains (Chongqing) General Machinery Equipment Co., Ltd\"},\"image\":{\"@id\":\"https:\/\/enerchains.com\/#\/schema\/logo\/image\/\"}}]}<\/script>\n<meta property=\"product:price:amount\" content=\"0.00\" \/>\n<meta property=\"product:price:currency\" content=\"CNY\" \/>\n<meta property=\"og:availability\" content=\"instock\" \/>\n<meta property=\"product:availability\" content=\"instock\" \/>\n<meta property=\"product:condition\" content=\"new\" \/>\n<!-- \/ Yoast SEO Premium plugin. -->","yoast_head_json":{"title":"Carburetor 11 For Small gasoline engine - Small Engine \/ Power Equipment &amp; Parts supply chains EnerChains","description":"High-quality Carburetor 11 for small gasoline engines. Ensures optimal fuel-air mix, improved performance, and durability. Perfect for lawnmowers & generators.- Small Engine \/ Power Equipment &amp; Parts supply chains EnerChains","robots":{"index":"index","follow":"follow","max-snippet":"max-snippet:-1","max-image-preview":"max-image-preview:large","max-video-preview":"max-video-preview:-1"},"canonical":"https:\/\/enerchains.com\/tr\/urun\/karburator-11-2\/","og_locale":"tr_TR","og_type":"article","og_title":"Carburetor 11 For Small gasoline engine","og_description":"High-quality Carburetor 11 for small gasoline engines. Ensures optimal fuel-air mix, improved performance, and durability. Perfect for lawnmowers & generators.- Small Engine \/ Power Equipment &amp; Parts supply chains EnerChains","og_url":"https:\/\/enerchains.com\/tr\/urun\/karburator-11-2\/","og_site_name":"Small Engine \/ Power Equipment &amp; Parts supply chains EnerChains","article_modified_time":"2025-01-15T15:34:46+00:00","og_image":[{"width":800,"height":800,"url":"https:\/\/enerchains.com\/wp-content\/uploads\/2024\/09\/Carburetor-11.png","type":"image\/png"}],"twitter_card":"summary_large_image","twitter_misc":{"Fiyat":"","Durumu":"Stokta var"},"schema":{"@context":"https:\/\/schema.org","@graph":[{"@type":["WebPage","ItemPage"],"@id":"https:\/\/enerchains.com\/product\/carburetor-11-2\/","url":"https:\/\/enerchains.com\/product\/carburetor-11-2\/","name":"Carburetor 11 For Small gasoline engine - Small Engine \/ Power Equipment &amp; Parts supply chains EnerChains","isPartOf":{"@id":"https:\/\/enerchains.com\/#website"},"primaryImageOfPage":{"@id":"https:\/\/enerchains.com\/product\/carburetor-11-2\/#primaryimage"},"image":{"@id":"https:\/\/enerchains.com\/product\/carburetor-11-2\/#primaryimage"},"thumbnailUrl":"https:\/\/enerchains.com\/wp-content\/uploads\/2024\/09\/Carburetor-11.png","datePublished":"2024-11-04T08:00:31+00:00","dateModified":"2025-01-15T15:34:46+00:00","description":"High-quality Carburetor 11 for small gasoline engines. Ensures optimal fuel-air mix, improved performance, and durability. Perfect for lawnmowers & generators.- Small Engine \/ Power Equipment &amp; Parts supply chains EnerChains","breadcrumb":{"@id":"https:\/\/enerchains.com\/product\/carburetor-11-2\/#breadcrumb"},"inLanguage":"tr","potentialAction":[{"@type":"ReadAction","target":["https:\/\/enerchains.com\/product\/carburetor-11-2\/"]}]},{"@type":"ImageObject","inLanguage":"tr","@id":"https:\/\/enerchains.com\/product\/carburetor-11-2\/#primaryimage","url":"https:\/\/enerchains.com\/wp-content\/uploads\/2024\/09\/Carburetor-11.png","contentUrl":"https:\/\/enerchains.com\/wp-content\/uploads\/2024\/09\/Carburetor-11.png","width":800,"height":800,"caption":"Carburetor (1)"},{"@type":"BreadcrumbList","@id":"https:\/\/enerchains.com\/product\/carburetor-11-2\/#breadcrumb","itemListElement":[{"@type":"ListItem","position":1,"name":"\u9996\u9875","item":"https:\/\/enerchains.com\/"},{"@type":"ListItem","position":2,"name":"Products","item":"https:\/\/enerchains.com\/products\/"},{"@type":"ListItem","position":3,"name":"Carburetor 11 For Small gasoline engine"}]},{"@type":"WebSite","@id":"https:\/\/enerchains.com\/#website","url":"https:\/\/enerchains.com\/","name":"Small Engines & Power Equipment Supplier - EnerChains","description":"China manufacturer of gasoline engines, diesel engines, power equipment","publisher":{"@id":"https:\/\/enerchains.com\/#organization"},"alternateName":"Gasolin Power Engine \/ Diesel Engline & Spare Parts Factory","potentialAction":[{"@type":"SearchAction","target":{"@type":"EntryPoint","urlTemplate":"https:\/\/enerchains.com\/?s={search_term_string}"},"query-input":{"@type":"PropertyValueSpecification","valueRequired":true,"valueName":"search_term_string"}}],"inLanguage":"tr"},{"@type":"Organization","@id":"https:\/\/enerchains.com\/#organization","name":"Enerchains (Chongqing) General Machinery Equipment Co., Ltd","url":"https:\/\/enerchains.com\/","logo":{"@type":"ImageObject","inLanguage":"tr","@id":"https:\/\/enerchains.com\/#\/schema\/logo\/image\/","url":"https:\/\/enerchains.com\/wp-content\/uploads\/2024\/08\/EnerChains-Chongqing-e1724030883863.png","contentUrl":"https:\/\/enerchains.com\/wp-content\/uploads\/2024\/08\/EnerChains-Chongqing-e1724030883863.png","width":2439,"height":694,"caption":"Enerchains (Chongqing) General Machinery Equipment Co., Ltd"},"image":{"@id":"https:\/\/enerchains.com\/#\/schema\/logo\/image\/"}}]},"product_price_amount":"0.00","product_price_currency":"CNY","og_availability":"instock","product_availability":"instock","product_condition":"new"},"_links":{"self":[{"href":"https:\/\/enerchains.com\/tr\/wp-json\/wp\/v2\/product\/4719","targetHints":{"allow":["GET"]}}],"collection":[{"href":"https:\/\/enerchains.com\/tr\/wp-json\/wp\/v2\/product"}],"about":[{"href":"https:\/\/enerchains.com\/tr\/wp-json\/wp\/v2\/types\/product"}],"wp:featuredmedia":[{"embeddable":true,"href":"https:\/\/enerchains.com\/tr\/wp-json\/wp\/v2\/media\/3725"}],"wp:attachment":[{"href":"https:\/\/enerchains.com\/tr\/wp-json\/wp\/v2\/media?parent=4719"}],"wp:term":[{"taxonomy":"product_brand","embeddable":true,"href":"https:\/\/enerchains.com\/tr\/wp-json\/wp\/v2\/product_brand?post=4719"},{"taxonomy":"product_cat","embeddable":true,"href":"https:\/\/enerchains.com\/tr\/wp-json\/wp\/v2\/product_cat?post=4719"},{"taxonomy":"product_tag","embeddable":true,"href":"https:\/\/enerchains.com\/tr\/wp-json\/wp\/v2\/product_tag?post=4719"}],"curies":[{"name":"wp","href":"https:\/\/api.w.org\/{rel}","templated":true}]}}