{"id":4809,"date":"2024-11-08T03:21:03","date_gmt":"2024-11-08T03:21:03","guid":{"rendered":"https:\/\/enerchains.com\/?post_type=product&#038;p=4809"},"modified":"2025-01-15T14:55:54","modified_gmt":"2025-01-15T14:55:54","slug":"high-lift-effluent-three-linls","status":"publish","type":"product","link":"https:\/\/enerchains.com\/pl\/produkt\/trzy-linie-wysokiego-podnoszenia-sciekow\/","title":{"rendered":"Wysokowydajne trzy linie do ma\u0142ych silnik\u00f3w benzynowych"},"content":{"rendered":"<p>Przedstawiamy High-Lift Effluent Three Links dla ma\u0142ych silnik\u00f3w benzynowych - precyzyjnie zaprojektowane rozwi\u0105zanie zaprojektowane w celu zwi\u0119kszenia wydajno\u015bci, trwa\u0142o\u015bci i efektywno\u015bci w zastosowaniach z ma\u0142ymi silnikami. Zbudowany, aby sprosta\u0107 wymaganiom nowoczesnych maszyn, ten innowacyjny komponent jest najlepszym wyborem dla tych, kt\u00f3rzy szukaj\u0105 niezawodnego i wydajnego zarz\u0105dzania \u015bciekami.<\/p>\n<p>**Kluczowe cechy:**<\/p>\n<p>1. **Wyj\u0105tkowa zdolno\u015b\u0107 wysokiego podnoszenia:** Zaprojektowany z my\u015bl\u0105 o \u0142atwej obs\u0142udze wysokiego nat\u0119\u017cenia przep\u0142ywu \u015bciek\u00f3w, komponent ten zapewnia optymaln\u0105 wydajno\u015b\u0107 nawet w wymagaj\u0105cych warunkach, dzi\u0119ki czemu idealnie nadaje si\u0119 do zastosowa\u0144 rolniczych, przemys\u0142owych i irygacyjnych.<\/p>\n<p>2. **Wytrzyma\u0142a konstrukcja z trzema ogniwami:** Zaawansowana konfiguracja z trzema ogniwami zapewnia doskona\u0142\u0105 stabilno\u015b\u0107 i lepsze roz\u0142o\u017cenie obci\u0105\u017cenia, zmniejszaj\u0105c zu\u017cycie silnika i zapewniaj\u0105c p\u0142ynn\u0105 i sta\u0142\u0105 prac\u0119.<\/p>\n<p>3. **Precyzyjna produkcja:** Wykonany z wysokiej jako\u015bci materia\u0142\u00f3w odpornych na korozj\u0119, produkt ten gwarantuje d\u0142ugotrwa\u0142\u0105 wytrzyma\u0142o\u015b\u0107 i odporno\u015b\u0107 na trudne warunki \u015brodowiskowe, zapewniaj\u0105c lata niezawodnej pracy.<\/p>\n<p>4. **Kompaktowy i lekki:** Zaprojektowany specjalnie dla ma\u0142ych silnik\u00f3w benzynowych, jego kompaktowa obudowa zapewnia \u0142atw\u0105 integracj\u0119 bez uszczerbku dla mocy i wydajno\u015bci.<\/p>\n<p>5. **Zwi\u0119kszona oszcz\u0119dno\u015b\u0107 paliwa:** Optymalizuj\u0105c przep\u0142yw i zmniejszaj\u0105c obci\u0105\u017cenie silnika, komponent ten przyczynia si\u0119 do poprawy oszcz\u0119dno\u015bci paliwa, oszcz\u0119dzaj\u0105c pieni\u0105dze w miar\u0119 up\u0142ywu czasu.<\/p>\n<p>6. **Uniwersalna kompatybilno\u015b\u0107:** Zaprojektowany, aby pasowa\u0107 do szerokiej gamy ma\u0142ych silnik\u00f3w benzynowych, produkt ten oferuje wszechstronno\u015b\u0107 i \u0142atwo\u015b\u0107 instalacji, dzi\u0119ki czemu jest wygodnym ulepszeniem dla r\u00f3\u017cnych zastosowa\u0144.<\/p>\n<p>**Korzy\u015bci:**.<\/p>\n<p>- Zwi\u0119kszona produktywno\u015b\u0107:** Mo\u017cliwo\u015b\u0107 wysokiego podnoszenia zapewnia szybszy i bardziej wydajny transfer \u015bciek\u00f3w, skracaj\u0105c czas przestoj\u00f3w i zwi\u0119kszaj\u0105c og\u00f3ln\u0105 produktywno\u015b\u0107.<br \/>\n- **Oszcz\u0119dne rozwi\u0105zanie:** Dzi\u0119ki trwa\u0142ej konstrukcji i konstrukcji oszcz\u0119dzaj\u0105cej paliwo, produkt ten zapewnia wyj\u0105tkow\u0105 warto\u015b\u0107, minimalizuj\u0105c koszty konserwacji i wydatki operacyjne.<br \/>\n- Wydajno\u015b\u0107 przyjazna dla \u015brodowiska:** Poprawiaj\u0105c wydajno\u015b\u0107 silnika i zmniejszaj\u0105c zu\u017cycie paliwa, wspiera dzia\u0142ania przyjazne dla \u015brodowiska.<br \/>\n- **Peace of Mind:** Wspierany przez rygorystyczne testy jako\u015bci, komponent ten oferuje niezawodn\u0105 wydajno\u015b\u0107, kt\u00f3rej mo\u017cna zaufa\u0107, nawet w najtrudniejszych warunkach.<\/p>\n<p>**Propozycja warto\u015bci:**.<\/p>\n<p>High-Lift Effluent Three Links for Small Gasoline Engines to co\u015b wi\u0119cej ni\u017c tylko komponent - to prze\u0142om dla ka\u017cdego, kto polega na ma\u0142ych silnikach w krytycznych zadaniach. Niezale\u017cnie od tego, czy jeste\u015b rolnikiem zarz\u0105dzaj\u0105cym systemami nawadniania, operatorem przemys\u0142owym zajmuj\u0105cym si\u0119 transportem \u015bciek\u00f3w, czy entuzjast\u0105 majsterkowania poszukuj\u0105cym najwy\u017cszej wydajno\u015bci, ten produkt zapewnia niezr\u00f3wnan\u0105 niezawodno\u015b\u0107, wydajno\u015b\u0107 i warto\u015b\u0107. Zmodernizuj sw\u00f3j silnik ju\u017c dzi\u015b i poczuj r\u00f3\u017cnic\u0119 w mocy, precyzji i spokoju ducha.<\/p>","protected":false},"excerpt":{"rendered":"<p>Trzyprzewodowy uk\u0142ad wydechowy High-Lift do ma\u0142ych silnik\u00f3w benzynowych to wytrzyma\u0142y, wysokowydajny element zaprojektowany w celu optymalizacji transferu p\u0142ynu w ma\u0142ych silnikach. Kluczowe cechy obejmuj\u0105 solidn\u0105 konstrukcj\u0119 zapewniaj\u0105c\u0105 d\u0142ugotrwa\u0142e u\u017cytkowanie, mo\u017cliwo\u015b\u0107 wysokiego podnoszenia dla wydajnego przep\u0142ywu p\u0142ynu oraz kompatybilno\u015b\u0107 z r\u00f3\u017cnymi ma\u0142ymi silnikami benzynowymi. Unikalna konstrukcja zapewnia niezawodne dzia\u0142anie w wymagaj\u0105cych warunkach, dzi\u0119ki czemu idealnie nadaje si\u0119 do zastosowa\u0144 rolniczych, przemys\u0142owych lub domowych. Produkt zwi\u0119ksza wydajno\u015b\u0107 silnika, zmniejsza potrzeby konserwacyjne i oferuje najwy\u017csz\u0105 warto\u015b\u0107 dzi\u0119ki precyzyjnej in\u017cynierii i wszechstronno\u015bci.<\/p>","protected":false},"featured_media":4800,"template":"","meta":{"_kad_post_transparent":"default","_kad_post_title":"","_kad_post_layout":"default","_kad_post_sidebar_id":"","_kad_post_content_style":"default","_kad_post_vertical_padding":"default","_kad_post_feature":"","_kad_post_feature_position":"","_kad_post_header":false,"_kad_post_footer":false,"powered_cache_disable_cache":false,"powered_cache_disable_lazyload":false},"product_brand":[],"product_cat":[20,101],"product_tag":[],"class_list":{"0":"post-4809","1":"product","2":"type-product","3":"status-publish","4":"has-post-thumbnail","6":"product_cat-gasoline-engine-parts","7":"product_cat-high-lift-parts","9":"first","10":"instock","11":"shipping-taxable","12":"product-type-simple","13":"entry","14":"content-bg","15":"loop-entry"},"yoast_head":"<!-- This site is optimized with the Yoast SEO Premium plugin v23.5 (Yoast SEO v24.4) - https:\/\/yoast.com\/wordpress\/plugins\/seo\/ -->\n<title>High-lift effluent three linls For Small gasoline engine - Small Engine \/ Power Equipment &amp; Parts supply chains EnerChains<\/title>\n<meta name=\"description\" content=\"High-lift effluent three links for small gasoline engines ensure efficient fluid transfer, durability, and optimal performance in compact engine systems.- Small Engine \/ Power Equipment &amp; Parts supply chains EnerChains\" \/>\n<meta name=\"robots\" content=\"index, follow, max-snippet:-1, max-image-preview:large, max-video-preview:-1\" \/>\n<link rel=\"canonical\" href=\"https:\/\/enerchains.com\/pl\/produkt\/trzy-linie-wysokiego-podnoszenia-sciekow\/\" \/>\n<meta property=\"og:locale\" content=\"pl_PL\" \/>\n<meta property=\"og:type\" content=\"article\" \/>\n<meta property=\"og:title\" content=\"High-lift effluent three linls For Small gasoline engine\" \/>\n<meta property=\"og:description\" content=\"High-lift effluent three links for small gasoline engines ensure efficient fluid transfer, durability, and optimal performance in compact engine systems.- Small Engine \/ Power Equipment &amp; Parts supply chains EnerChains\" \/>\n<meta property=\"og:url\" content=\"https:\/\/enerchains.com\/pl\/produkt\/trzy-linie-wysokiego-podnoszenia-sciekow\/\" \/>\n<meta property=\"og:site_name\" content=\"Small Engine \/ Power Equipment &amp; Parts supply chains EnerChains\" \/>\n<meta property=\"article:modified_time\" content=\"2025-01-15T14:55:54+00:00\" \/>\n<meta property=\"og:image\" content=\"https:\/\/enerchains.com\/wp-content\/uploads\/2024\/11\/High-lift-effluent-three-linls.png\" \/>\n\t<meta property=\"og:image:width\" content=\"800\" \/>\n\t<meta property=\"og:image:height\" content=\"800\" \/>\n\t<meta property=\"og:image:type\" content=\"image\/png\" \/>\n<meta name=\"twitter:card\" content=\"summary_large_image\" \/>\n<meta name=\"twitter:label1\" content=\"Cena\" \/>\n\t<meta name=\"twitter:data1\" content=\"\" \/>\n\t<meta name=\"twitter:label2\" content=\"Dost\u0119pno\u015b\u0107\" \/>\n\t<meta name=\"twitter:data2\" content=\"Dost\u0119pny\" \/>\n<script type=\"application\/ld+json\" class=\"yoast-schema-graph\">{\"@context\":\"https:\/\/schema.org\",\"@graph\":[{\"@type\":[\"WebPage\",\"ItemPage\"],\"@id\":\"https:\/\/enerchains.com\/product\/high-lift-effluent-three-linls\/\",\"url\":\"https:\/\/enerchains.com\/product\/high-lift-effluent-three-linls\/\",\"name\":\"High-lift effluent three linls For Small gasoline engine - Small Engine \/ Power Equipment &amp; Parts supply chains EnerChains\",\"isPartOf\":{\"@id\":\"https:\/\/enerchains.com\/#website\"},\"primaryImageOfPage\":{\"@id\":\"https:\/\/enerchains.com\/product\/high-lift-effluent-three-linls\/#primaryimage\"},\"image\":{\"@id\":\"https:\/\/enerchains.com\/product\/high-lift-effluent-three-linls\/#primaryimage\"},\"thumbnailUrl\":\"https:\/\/enerchains.com\/wp-content\/uploads\/2024\/11\/High-lift-effluent-three-linls.png\",\"datePublished\":\"2024-11-08T03:21:03+00:00\",\"dateModified\":\"2025-01-15T14:55:54+00:00\",\"description\":\"High-lift effluent three links for small gasoline engines ensure efficient fluid transfer, durability, and optimal performance in compact engine systems.- Small Engine \/ Power Equipment &amp; Parts supply chains EnerChains\",\"breadcrumb\":{\"@id\":\"https:\/\/enerchains.com\/product\/high-lift-effluent-three-linls\/#breadcrumb\"},\"inLanguage\":\"pl-PL\",\"potentialAction\":[{\"@type\":\"ReadAction\",\"target\":[\"https:\/\/enerchains.com\/product\/high-lift-effluent-three-linls\/\"]}]},{\"@type\":\"ImageObject\",\"inLanguage\":\"pl-PL\",\"@id\":\"https:\/\/enerchains.com\/product\/high-lift-effluent-three-linls\/#primaryimage\",\"url\":\"https:\/\/enerchains.com\/wp-content\/uploads\/2024\/11\/High-lift-effluent-three-linls.png\",\"contentUrl\":\"https:\/\/enerchains.com\/wp-content\/uploads\/2024\/11\/High-lift-effluent-three-linls.png\",\"width\":800,\"height\":800,\"caption\":\"5KW shock absobing feet\"},{\"@type\":\"BreadcrumbList\",\"@id\":\"https:\/\/enerchains.com\/product\/high-lift-effluent-three-linls\/#breadcrumb\",\"itemListElement\":[{\"@type\":\"ListItem\",\"position\":1,\"name\":\"\u9996\u9875\",\"item\":\"https:\/\/enerchains.com\/\"},{\"@type\":\"ListItem\",\"position\":2,\"name\":\"Products\",\"item\":\"https:\/\/enerchains.com\/products\/\"},{\"@type\":\"ListItem\",\"position\":3,\"name\":\"High-lift effluent three linls For Small gasoline engine\"}]},{\"@type\":\"WebSite\",\"@id\":\"https:\/\/enerchains.com\/#website\",\"url\":\"https:\/\/enerchains.com\/\",\"name\":\"Small Engines & Power Equipment Supplier - EnerChains\",\"description\":\"China manufacturer of gasoline engines, diesel engines, power equipment\",\"publisher\":{\"@id\":\"https:\/\/enerchains.com\/#organization\"},\"alternateName\":\"Gasolin Power Engine \/ Diesel Engline & Spare Parts Factory\",\"potentialAction\":[{\"@type\":\"SearchAction\",\"target\":{\"@type\":\"EntryPoint\",\"urlTemplate\":\"https:\/\/enerchains.com\/?s={search_term_string}\"},\"query-input\":{\"@type\":\"PropertyValueSpecification\",\"valueRequired\":true,\"valueName\":\"search_term_string\"}}],\"inLanguage\":\"pl-PL\"},{\"@type\":\"Organization\",\"@id\":\"https:\/\/enerchains.com\/#organization\",\"name\":\"Enerchains (Chongqing) General Machinery Equipment Co., Ltd\",\"url\":\"https:\/\/enerchains.com\/\",\"logo\":{\"@type\":\"ImageObject\",\"inLanguage\":\"pl-PL\",\"@id\":\"https:\/\/enerchains.com\/#\/schema\/logo\/image\/\",\"url\":\"https:\/\/enerchains.com\/wp-content\/uploads\/2024\/08\/EnerChains-Chongqing-e1724030883863.png\",\"contentUrl\":\"https:\/\/enerchains.com\/wp-content\/uploads\/2024\/08\/EnerChains-Chongqing-e1724030883863.png\",\"width\":2439,\"height\":694,\"caption\":\"Enerchains (Chongqing) General Machinery Equipment Co., Ltd\"},\"image\":{\"@id\":\"https:\/\/enerchains.com\/#\/schema\/logo\/image\/\"}}]}<\/script>\n<meta property=\"product:price:amount\" content=\"0.00\" \/>\n<meta property=\"product:price:currency\" content=\"CNY\" \/>\n<meta property=\"og:availability\" content=\"instock\" \/>\n<meta property=\"product:availability\" content=\"instock\" \/>\n<meta property=\"product:condition\" content=\"new\" \/>\n<!-- \/ Yoast SEO Premium plugin. -->","yoast_head_json":{"title":"High-lift effluent three linls For Small gasoline engine - Small Engine \/ Power Equipment &amp; Parts supply chains EnerChains","description":"High-lift effluent three links for small gasoline engines ensure efficient fluid transfer, durability, and optimal performance in compact engine systems.- Small Engine \/ Power Equipment &amp; Parts supply chains EnerChains","robots":{"index":"index","follow":"follow","max-snippet":"max-snippet:-1","max-image-preview":"max-image-preview:large","max-video-preview":"max-video-preview:-1"},"canonical":"https:\/\/enerchains.com\/pl\/produkt\/trzy-linie-wysokiego-podnoszenia-sciekow\/","og_locale":"pl_PL","og_type":"article","og_title":"High-lift effluent three linls For Small gasoline engine","og_description":"High-lift effluent three links for small gasoline engines ensure efficient fluid transfer, durability, and optimal performance in compact engine systems.- Small Engine \/ Power Equipment &amp; Parts supply chains EnerChains","og_url":"https:\/\/enerchains.com\/pl\/produkt\/trzy-linie-wysokiego-podnoszenia-sciekow\/","og_site_name":"Small Engine \/ Power Equipment &amp; Parts supply chains EnerChains","article_modified_time":"2025-01-15T14:55:54+00:00","og_image":[{"width":800,"height":800,"url":"https:\/\/enerchains.com\/wp-content\/uploads\/2024\/11\/High-lift-effluent-three-linls.png","type":"image\/png"}],"twitter_card":"summary_large_image","twitter_misc":{"Cena":"","Dost\u0119pno\u015b\u0107":"Dost\u0119pny"},"schema":{"@context":"https:\/\/schema.org","@graph":[{"@type":["WebPage","ItemPage"],"@id":"https:\/\/enerchains.com\/product\/high-lift-effluent-three-linls\/","url":"https:\/\/enerchains.com\/product\/high-lift-effluent-three-linls\/","name":"High-lift effluent three linls For Small gasoline engine - Small Engine \/ Power Equipment &amp; Parts supply chains EnerChains","isPartOf":{"@id":"https:\/\/enerchains.com\/#website"},"primaryImageOfPage":{"@id":"https:\/\/enerchains.com\/product\/high-lift-effluent-three-linls\/#primaryimage"},"image":{"@id":"https:\/\/enerchains.com\/product\/high-lift-effluent-three-linls\/#primaryimage"},"thumbnailUrl":"https:\/\/enerchains.com\/wp-content\/uploads\/2024\/11\/High-lift-effluent-three-linls.png","datePublished":"2024-11-08T03:21:03+00:00","dateModified":"2025-01-15T14:55:54+00:00","description":"High-lift effluent three links for small gasoline engines ensure efficient fluid transfer, durability, and optimal performance in compact engine systems.- Small Engine \/ Power Equipment &amp; Parts supply chains EnerChains","breadcrumb":{"@id":"https:\/\/enerchains.com\/product\/high-lift-effluent-three-linls\/#breadcrumb"},"inLanguage":"pl-PL","potentialAction":[{"@type":"ReadAction","target":["https:\/\/enerchains.com\/product\/high-lift-effluent-three-linls\/"]}]},{"@type":"ImageObject","inLanguage":"pl-PL","@id":"https:\/\/enerchains.com\/product\/high-lift-effluent-three-linls\/#primaryimage","url":"https:\/\/enerchains.com\/wp-content\/uploads\/2024\/11\/High-lift-effluent-three-linls.png","contentUrl":"https:\/\/enerchains.com\/wp-content\/uploads\/2024\/11\/High-lift-effluent-three-linls.png","width":800,"height":800,"caption":"5KW shock absobing feet"},{"@type":"BreadcrumbList","@id":"https:\/\/enerchains.com\/product\/high-lift-effluent-three-linls\/#breadcrumb","itemListElement":[{"@type":"ListItem","position":1,"name":"\u9996\u9875","item":"https:\/\/enerchains.com\/"},{"@type":"ListItem","position":2,"name":"Products","item":"https:\/\/enerchains.com\/products\/"},{"@type":"ListItem","position":3,"name":"High-lift effluent three linls For Small gasoline engine"}]},{"@type":"WebSite","@id":"https:\/\/enerchains.com\/#website","url":"https:\/\/enerchains.com\/","name":"Small Engines & Power Equipment Supplier - EnerChains","description":"China manufacturer of gasoline engines, diesel engines, power equipment","publisher":{"@id":"https:\/\/enerchains.com\/#organization"},"alternateName":"Gasolin Power Engine \/ Diesel Engline & Spare Parts Factory","potentialAction":[{"@type":"SearchAction","target":{"@type":"EntryPoint","urlTemplate":"https:\/\/enerchains.com\/?s={search_term_string}"},"query-input":{"@type":"PropertyValueSpecification","valueRequired":true,"valueName":"search_term_string"}}],"inLanguage":"pl-PL"},{"@type":"Organization","@id":"https:\/\/enerchains.com\/#organization","name":"Enerchains (Chongqing) General Machinery Equipment Co., Ltd","url":"https:\/\/enerchains.com\/","logo":{"@type":"ImageObject","inLanguage":"pl-PL","@id":"https:\/\/enerchains.com\/#\/schema\/logo\/image\/","url":"https:\/\/enerchains.com\/wp-content\/uploads\/2024\/08\/EnerChains-Chongqing-e1724030883863.png","contentUrl":"https:\/\/enerchains.com\/wp-content\/uploads\/2024\/08\/EnerChains-Chongqing-e1724030883863.png","width":2439,"height":694,"caption":"Enerchains (Chongqing) General Machinery Equipment Co., Ltd"},"image":{"@id":"https:\/\/enerchains.com\/#\/schema\/logo\/image\/"}}]},"product_price_amount":"0.00","product_price_currency":"CNY","og_availability":"instock","product_availability":"instock","product_condition":"new"},"_links":{"self":[{"href":"https:\/\/enerchains.com\/pl\/wp-json\/wp\/v2\/product\/4809","targetHints":{"allow":["GET"]}}],"collection":[{"href":"https:\/\/enerchains.com\/pl\/wp-json\/wp\/v2\/product"}],"about":[{"href":"https:\/\/enerchains.com\/pl\/wp-json\/wp\/v2\/types\/product"}],"wp:featuredmedia":[{"embeddable":true,"href":"https:\/\/enerchains.com\/pl\/wp-json\/wp\/v2\/media\/4800"}],"wp:attachment":[{"href":"https:\/\/enerchains.com\/pl\/wp-json\/wp\/v2\/media?parent=4809"}],"wp:term":[{"taxonomy":"product_brand","embeddable":true,"href":"https:\/\/enerchains.com\/pl\/wp-json\/wp\/v2\/product_brand?post=4809"},{"taxonomy":"product_cat","embeddable":true,"href":"https:\/\/enerchains.com\/pl\/wp-json\/wp\/v2\/product_cat?post=4809"},{"taxonomy":"product_tag","embeddable":true,"href":"https:\/\/enerchains.com\/pl\/wp-json\/wp\/v2\/product_tag?post=4809"}],"curies":[{"name":"wp","href":"https:\/\/api.w.org\/{rel}","templated":true}]}}