{"id":4804,"date":"2024-11-08T03:18:10","date_gmt":"2024-11-08T03:18:10","guid":{"rendered":"https:\/\/enerchains.com\/?post_type=product&#038;p=4804"},"modified":"2025-01-15T15:50:30","modified_gmt":"2025-01-15T15:50:30","slug":"8kw-digital-voltage-regulator","status":"publish","type":"product","link":"https:\/\/enerchains.com\/pl\/produkt\/cyfrowy-regulator-napiecia-8kw\/","title":{"rendered":"Cyfrowy regulator napi\u0119cia 8KW do ma\u0142ych silnik\u00f3w benzynowych"},"content":{"rendered":"<h2>Czym jest cyfrowy regulator napi\u0119cia o mocy 8 kW?<\/h2>\n<p>Cyfrowy regulator napi\u0119cia o mocy 8 kW to zaawansowany podzesp\u00f3\u0142 elektroniczny dostosowany do ma\u0142ych silnik\u00f3w benzynowych, odgrywaj\u0105cy kluczow\u0105 rol\u0119 w utrzymywaniu stabilnego napi\u0119cia wyj\u015bciowego. Podstawowym zadaniem regulatora napi\u0119cia jest zapewnienie sta\u0142ego napi\u0119cia w uk\u0142adzie elektrycznym, niezale\u017cnie od waha\u0144, kt\u00f3re mog\u0105 wyst\u0105pi\u0107 podczas generowania mocy przez silnik. Stabilno\u015b\u0107 ta jest niezb\u0119dna dla optymalnego dzia\u0142ania r\u00f3\u017cnych komponent\u00f3w, takich jak uk\u0142ad zap\u0142onowy, wtryskiwacze paliwa i inne wra\u017cliwe uk\u0142ady elektroniczne w silniku.<\/p>\n<p>Zasadniczo cyfrowy regulator napi\u0119cia dzia\u0142a poprzez ci\u0105g\u0142e monitorowanie poziom\u00f3w napi\u0119cia w uk\u0142adzie elektrycznym silnika. W przypadku wykrycia waha\u0144, regulator podejmuje natychmiastowe dzia\u0142ania koryguj\u0105ce w celu odpowiedniego dostosowania napi\u0119cia wyj\u015bciowego. Ta dynamiczna regulacja nie tylko pomaga w zapewnieniu sta\u0142ego napi\u0119cia, ale tak\u017ce zwi\u0119ksza wydajno\u015b\u0107 silnika. Kluczow\u0105 zalet\u0105 cyfrowego regulatora napi\u0119cia o mocy 8 kW jest jego zdolno\u015b\u0107 do zaawansowanego cyfrowego monitorowania. Funkcja ta umo\u017cliwia analiz\u0119 i regulacj\u0119 w czasie rzeczywistym, zapewniaj\u0105c, \u017ce wska\u017aniki wydajno\u015bci s\u0105 konsekwentnie spe\u0142niane.<\/p>\n<p>Opr\u00f3cz cyfrowego monitorowania, regulator ten cz\u0119sto zawiera mechanizmy zabezpieczaj\u0105ce przed przeci\u0105\u017ceniem, kt\u00f3re s\u0105 niezb\u0119dne do ochrony komponent\u00f3w silnika przed potencjalnymi uszkodzeniami spowodowanymi nadmiernym napi\u0119ciem. Takie funkcje ochronne stoj\u0105 w opozycji do tradycyjnych modeli analogowych, kt\u00f3rym brakuje szybko\u015bci reakcji i precyzji wymaganej w nowoczesnych silnikach. Zwi\u0119kszona wydajno\u015b\u0107 zapewniana przez cyfrowy regulator napi\u0119cia o mocy 8 kW przek\u0142ada si\u0119 r\u00f3wnie\u017c na mniejsze zu\u017cycie paliwa i ni\u017csz\u0105 emisj\u0119 spalin, zgodnie ze wsp\u00f3\u0142czesnymi trendami w kierunku zr\u00f3wnowa\u017conego rozwoju i odpowiedzialno\u015bci za \u015brodowisko.<\/p>\n<p>Dzi\u0119ki zastosowaniu cyfrowego regulatora napi\u0119cia, operatorzy silnik\u00f3w mog\u0105 oczekiwa\u0107 wi\u0119kszej dok\u0142adno\u015bci w dostarczaniu napi\u0119cia, umo\u017cliwiaj\u0105c ma\u0142ym silnikom benzynowym bardziej niezawodn\u0105 i efektywn\u0105 prac\u0119. Podsumowuj\u0105c, integracja cyfrowego regulatora napi\u0119cia o mocy 8 kW stanowi krytyczny post\u0119p w dziedzinie ma\u0142ych silnik\u00f3w benzynowych, sprzyjaj\u0105c zwi\u0119kszonej wydajno\u015bci i efektywno\u015bci operacyjnej.<\/p>\n<h2>Zastosowania i zalety cyfrowego regulatora napi\u0119cia 8 kW<\/h2>\n<p>Cyfrowy regulator napi\u0119cia o mocy 8 kW sta\u0142 si\u0119 kluczowym elementem w r\u00f3\u017cnych zastosowaniach obejmuj\u0105cych ma\u0142e silniki benzynowe. Jednym z najbardziej rozpowszechnionych zastosowa\u0144 s\u0105 systemy generator\u00f3w, w kt\u00f3rych stabilna moc wyj\u015bciowa ma kluczowe znaczenie dla sp\u00f3jnego dzia\u0142ania. Regulator ten zapewnia, \u017ce poziomy napi\u0119cia pozostaj\u0105 sta\u0142e nawet w warunkach zmiennego obci\u0105\u017cenia, zapobiegaj\u0105c w ten spos\u00f3b uszkodzeniom wra\u017cliwych urz\u0105dze\u0144 elektronicznych przy jednoczesnym zwi\u0119kszeniu og\u00f3lnej wydajno\u015bci.<\/p>\n<p>Opr\u00f3cz generator\u00f3w, ten cyfrowy regulator napi\u0119cia znajduje zastosowanie w kosiarkach do trawy i innych zewn\u0119trznych urz\u0105dzeniach zasilaj\u0105cych. Firmy zajmuj\u0105ce si\u0119 piel\u0119gnacj\u0105 trawnik\u00f3w i kszta\u0142towaniem krajobrazu mog\u0105 znacznie skorzysta\u0107 na zwi\u0119kszonej wydajno\u015bci zapewnianej przez regulator napi\u0119cia. Zdolno\u015b\u0107 regulatora do utrzymywania sta\u0142ego napi\u0119cia wyj\u015bciowego prowadzi do poprawy efektywno\u015bci paliwowej, zmniejszaj\u0105c koszty operacyjne przy jednoczesnej maksymalizacji czasu pracy. Co wi\u0119cej, przyczynia si\u0119 do obni\u017cenia emisji spalin, dostosowuj\u0105c si\u0119 do rosn\u0105cych norm i przepis\u00f3w \u015brodowiskowych.<\/p>\n<p>Kolejn\u0105 istotn\u0105 korzy\u015bci\u0105 p\u0142yn\u0105c\u0105 z integracji cyfrowego regulatora napi\u0119cia o mocy 8 kW jest mo\u017cliwo\u015b\u0107 wyd\u0142u\u017cenia \u017cywotno\u015bci podzespo\u0142\u00f3w silnika. Stabilizuj\u0105c poziomy napi\u0119cia, regulator zmniejsza zu\u017cycie uk\u0142ad\u00f3w elektrycznych i cz\u0119\u015bci mechanicznych, co ostatecznie skutkuje mniejszymi wymaganiami w zakresie konserwacji i wyd\u0142u\u017ca czas przed konieczno\u015bci\u0105 wymiany. Niezawodno\u015b\u0107 ta jest szczeg\u00f3lnie ceniona w zastosowaniach komercyjnych, gdzie przestoje mog\u0105 oznacza\u0107 znaczne straty finansowe.<\/p>\n<p>Rzeczywiste przyk\u0142ady pokazuj\u0105, w jaki spos\u00f3b integracja cyfrowego regulatora napi\u0119cia o mocy 8 kW doprowadzi\u0142a do znacznej poprawy wydajno\u015bci i niezawodno\u015bci. Studia przypadk\u00f3w pokazuj\u0105, \u017ce u\u017cytkownicy tej technologii zg\u0142aszaj\u0105 znaczny spadek liczby awarii silnika i wyd\u0142u\u017cenie og\u00f3lnej \u017cywotno\u015bci swoich maszyn. Dzi\u0119ki tym zastosowaniom oczywiste jest, \u017ce cyfrowy regulator napi\u0119cia 8 kW s\u0142u\u017cy nie tylko jako akcesorium, ale jako niezb\u0119dny komponent, kt\u00f3ry zwi\u0119ksza zar\u00f3wno funkcjonalno\u015b\u0107, jak i wydajno\u015b\u0107 w r\u00f3\u017cnych zastosowaniach zwi\u0105zanych z ma\u0142ymi silnikami benzynowymi.<\/p>","protected":false},"excerpt":{"rendered":"<p>Czym jest cyfrowy regulator napi\u0119cia 8kW? Cyfrowy regulator napi\u0119cia o mocy 8 kW to zaawansowany podzesp\u00f3\u0142 elektroniczny dostosowany do ma\u0142ych silnik\u00f3w benzynowych, odgrywaj\u0105cy kluczow\u0105 rol\u0119 w utrzymywaniu stabilnego napi\u0119cia wyj\u015bciowego. Podstawowym celem regulatora napi\u0119cia jest zapewnienie, \u017ce uk\u0142ad elektryczny otrzymuje sta\u0142e napi\u0119cie, niezale\u017cnie od waha\u0144, kt\u00f3re mog\u0105...<\/p>","protected":false},"featured_media":4792,"template":"","meta":{"_kad_post_transparent":"default","_kad_post_title":"","_kad_post_layout":"default","_kad_post_sidebar_id":"","_kad_post_content_style":"default","_kad_post_vertical_padding":"default","_kad_post_feature":"","_kad_post_feature_position":"","_kad_post_header":false,"_kad_post_footer":false,"powered_cache_disable_cache":false,"powered_cache_disable_lazyload":false},"product_brand":[],"product_cat":[20,97],"product_tag":[],"class_list":{"0":"post-4804","1":"product","2":"type-product","3":"status-publish","4":"has-post-thumbnail","6":"product_cat-gasoline-engine-parts","7":"product_cat-regulator","9":"first","10":"instock","11":"shipping-taxable","12":"product-type-simple","13":"entry","14":"content-bg","15":"loop-entry"},"yoast_head":"<!-- This site is optimized with the Yoast SEO Premium plugin v23.5 (Yoast SEO v24.4) - https:\/\/yoast.com\/wordpress\/plugins\/seo\/ -->\n<title>8KW digital voltage regulator For Small gasoline engine - Small Engine \/ Power Equipment &amp; Parts supply chains EnerChains<\/title>\n<meta name=\"description\" content=\"- Small Engine \/ Power Equipment &amp; Parts supply chains EnerChains\" \/>\n<meta name=\"robots\" content=\"index, follow, max-snippet:-1, max-image-preview:large, max-video-preview:-1\" \/>\n<link rel=\"canonical\" href=\"https:\/\/enerchains.com\/pl\/produkt\/cyfrowy-regulator-napiecia-8kw\/\" \/>\n<meta property=\"og:locale\" content=\"pl_PL\" \/>\n<meta property=\"og:type\" content=\"article\" \/>\n<meta property=\"og:title\" content=\"8KW digital voltage regulator For Small gasoline engine\" \/>\n<meta property=\"og:description\" content=\"- Small Engine \/ Power Equipment &amp; Parts supply chains EnerChains\" \/>\n<meta property=\"og:url\" content=\"https:\/\/enerchains.com\/pl\/produkt\/cyfrowy-regulator-napiecia-8kw\/\" \/>\n<meta property=\"og:site_name\" content=\"Small Engine \/ Power Equipment &amp; Parts supply chains EnerChains\" \/>\n<meta property=\"article:modified_time\" content=\"2025-01-15T15:50:30+00:00\" \/>\n<meta property=\"og:image\" content=\"https:\/\/enerchains.com\/wp-content\/uploads\/2024\/11\/8KW-digital-voltage-regulator.png\" \/>\n\t<meta property=\"og:image:width\" content=\"800\" \/>\n\t<meta property=\"og:image:height\" content=\"800\" \/>\n\t<meta property=\"og:image:type\" content=\"image\/png\" \/>\n<meta name=\"twitter:card\" content=\"summary_large_image\" \/>\n<meta name=\"twitter:label1\" content=\"Cena\" \/>\n\t<meta name=\"twitter:data1\" content=\"\" \/>\n\t<meta name=\"twitter:label2\" content=\"Dost\u0119pno\u015b\u0107\" \/>\n\t<meta name=\"twitter:data2\" content=\"Dost\u0119pny\" \/>\n<script type=\"application\/ld+json\" class=\"yoast-schema-graph\">{\"@context\":\"https:\/\/schema.org\",\"@graph\":[{\"@type\":[\"WebPage\",\"ItemPage\"],\"@id\":\"https:\/\/enerchains.com\/product\/8kw-digital-voltage-regulator\/\",\"url\":\"https:\/\/enerchains.com\/product\/8kw-digital-voltage-regulator\/\",\"name\":\"8KW digital voltage regulator For Small gasoline engine - Small Engine \/ Power Equipment &amp; Parts supply chains EnerChains\",\"isPartOf\":{\"@id\":\"https:\/\/enerchains.com\/#website\"},\"primaryImageOfPage\":{\"@id\":\"https:\/\/enerchains.com\/product\/8kw-digital-voltage-regulator\/#primaryimage\"},\"image\":{\"@id\":\"https:\/\/enerchains.com\/product\/8kw-digital-voltage-regulator\/#primaryimage\"},\"thumbnailUrl\":\"https:\/\/enerchains.com\/wp-content\/uploads\/2024\/11\/8KW-digital-voltage-regulator.png\",\"datePublished\":\"2024-11-08T03:18:10+00:00\",\"dateModified\":\"2025-01-15T15:50:30+00:00\",\"description\":\"- Small Engine \/ Power Equipment &amp; Parts supply chains EnerChains\",\"breadcrumb\":{\"@id\":\"https:\/\/enerchains.com\/product\/8kw-digital-voltage-regulator\/#breadcrumb\"},\"inLanguage\":\"pl-PL\",\"potentialAction\":[{\"@type\":\"ReadAction\",\"target\":[\"https:\/\/enerchains.com\/product\/8kw-digital-voltage-regulator\/\"]}]},{\"@type\":\"ImageObject\",\"inLanguage\":\"pl-PL\",\"@id\":\"https:\/\/enerchains.com\/product\/8kw-digital-voltage-regulator\/#primaryimage\",\"url\":\"https:\/\/enerchains.com\/wp-content\/uploads\/2024\/11\/8KW-digital-voltage-regulator.png\",\"contentUrl\":\"https:\/\/enerchains.com\/wp-content\/uploads\/2024\/11\/8KW-digital-voltage-regulator.png\",\"width\":800,\"height\":800,\"caption\":\"5KW shock absobing feet\"},{\"@type\":\"BreadcrumbList\",\"@id\":\"https:\/\/enerchains.com\/product\/8kw-digital-voltage-regulator\/#breadcrumb\",\"itemListElement\":[{\"@type\":\"ListItem\",\"position\":1,\"name\":\"\u9996\u9875\",\"item\":\"https:\/\/enerchains.com\/\"},{\"@type\":\"ListItem\",\"position\":2,\"name\":\"Products\",\"item\":\"https:\/\/enerchains.com\/products\/\"},{\"@type\":\"ListItem\",\"position\":3,\"name\":\"8KW digital voltage regulator For Small gasoline engine\"}]},{\"@type\":\"WebSite\",\"@id\":\"https:\/\/enerchains.com\/#website\",\"url\":\"https:\/\/enerchains.com\/\",\"name\":\"Small Engines & Power Equipment Supplier - EnerChains\",\"description\":\"China manufacturer of gasoline engines, diesel engines, power equipment\",\"publisher\":{\"@id\":\"https:\/\/enerchains.com\/#organization\"},\"alternateName\":\"Gasolin Power Engine \/ Diesel Engline & Spare Parts Factory\",\"potentialAction\":[{\"@type\":\"SearchAction\",\"target\":{\"@type\":\"EntryPoint\",\"urlTemplate\":\"https:\/\/enerchains.com\/?s={search_term_string}\"},\"query-input\":{\"@type\":\"PropertyValueSpecification\",\"valueRequired\":true,\"valueName\":\"search_term_string\"}}],\"inLanguage\":\"pl-PL\"},{\"@type\":\"Organization\",\"@id\":\"https:\/\/enerchains.com\/#organization\",\"name\":\"Enerchains (Chongqing) General Machinery Equipment Co., Ltd\",\"url\":\"https:\/\/enerchains.com\/\",\"logo\":{\"@type\":\"ImageObject\",\"inLanguage\":\"pl-PL\",\"@id\":\"https:\/\/enerchains.com\/#\/schema\/logo\/image\/\",\"url\":\"https:\/\/enerchains.com\/wp-content\/uploads\/2024\/08\/EnerChains-Chongqing-e1724030883863.png\",\"contentUrl\":\"https:\/\/enerchains.com\/wp-content\/uploads\/2024\/08\/EnerChains-Chongqing-e1724030883863.png\",\"width\":2439,\"height\":694,\"caption\":\"Enerchains (Chongqing) General Machinery Equipment Co., Ltd\"},\"image\":{\"@id\":\"https:\/\/enerchains.com\/#\/schema\/logo\/image\/\"}}]}<\/script>\n<meta property=\"product:price:amount\" content=\"0.00\" \/>\n<meta property=\"product:price:currency\" content=\"CNY\" \/>\n<meta property=\"og:availability\" content=\"instock\" \/>\n<meta property=\"product:availability\" content=\"instock\" \/>\n<meta property=\"product:condition\" content=\"new\" \/>\n<!-- \/ Yoast SEO Premium plugin. -->","yoast_head_json":{"title":"8KW digital voltage regulator For Small gasoline engine - Small Engine \/ Power Equipment &amp; Parts supply chains EnerChains","description":"- Small Engine \/ Power Equipment &amp; Parts supply chains EnerChains","robots":{"index":"index","follow":"follow","max-snippet":"max-snippet:-1","max-image-preview":"max-image-preview:large","max-video-preview":"max-video-preview:-1"},"canonical":"https:\/\/enerchains.com\/pl\/produkt\/cyfrowy-regulator-napiecia-8kw\/","og_locale":"pl_PL","og_type":"article","og_title":"8KW digital voltage regulator For Small gasoline engine","og_description":"- Small Engine \/ Power Equipment &amp; Parts supply chains EnerChains","og_url":"https:\/\/enerchains.com\/pl\/produkt\/cyfrowy-regulator-napiecia-8kw\/","og_site_name":"Small Engine \/ Power Equipment &amp; Parts supply chains EnerChains","article_modified_time":"2025-01-15T15:50:30+00:00","og_image":[{"width":800,"height":800,"url":"https:\/\/enerchains.com\/wp-content\/uploads\/2024\/11\/8KW-digital-voltage-regulator.png","type":"image\/png"}],"twitter_card":"summary_large_image","twitter_misc":{"Cena":"","Dost\u0119pno\u015b\u0107":"Dost\u0119pny"},"schema":{"@context":"https:\/\/schema.org","@graph":[{"@type":["WebPage","ItemPage"],"@id":"https:\/\/enerchains.com\/product\/8kw-digital-voltage-regulator\/","url":"https:\/\/enerchains.com\/product\/8kw-digital-voltage-regulator\/","name":"8KW digital voltage regulator For Small gasoline engine - Small Engine \/ Power Equipment &amp; Parts supply chains EnerChains","isPartOf":{"@id":"https:\/\/enerchains.com\/#website"},"primaryImageOfPage":{"@id":"https:\/\/enerchains.com\/product\/8kw-digital-voltage-regulator\/#primaryimage"},"image":{"@id":"https:\/\/enerchains.com\/product\/8kw-digital-voltage-regulator\/#primaryimage"},"thumbnailUrl":"https:\/\/enerchains.com\/wp-content\/uploads\/2024\/11\/8KW-digital-voltage-regulator.png","datePublished":"2024-11-08T03:18:10+00:00","dateModified":"2025-01-15T15:50:30+00:00","description":"- Small Engine \/ Power Equipment &amp; Parts supply chains EnerChains","breadcrumb":{"@id":"https:\/\/enerchains.com\/product\/8kw-digital-voltage-regulator\/#breadcrumb"},"inLanguage":"pl-PL","potentialAction":[{"@type":"ReadAction","target":["https:\/\/enerchains.com\/product\/8kw-digital-voltage-regulator\/"]}]},{"@type":"ImageObject","inLanguage":"pl-PL","@id":"https:\/\/enerchains.com\/product\/8kw-digital-voltage-regulator\/#primaryimage","url":"https:\/\/enerchains.com\/wp-content\/uploads\/2024\/11\/8KW-digital-voltage-regulator.png","contentUrl":"https:\/\/enerchains.com\/wp-content\/uploads\/2024\/11\/8KW-digital-voltage-regulator.png","width":800,"height":800,"caption":"5KW shock absobing feet"},{"@type":"BreadcrumbList","@id":"https:\/\/enerchains.com\/product\/8kw-digital-voltage-regulator\/#breadcrumb","itemListElement":[{"@type":"ListItem","position":1,"name":"\u9996\u9875","item":"https:\/\/enerchains.com\/"},{"@type":"ListItem","position":2,"name":"Products","item":"https:\/\/enerchains.com\/products\/"},{"@type":"ListItem","position":3,"name":"8KW digital voltage regulator For Small gasoline engine"}]},{"@type":"WebSite","@id":"https:\/\/enerchains.com\/#website","url":"https:\/\/enerchains.com\/","name":"Small Engines & Power Equipment Supplier - EnerChains","description":"China manufacturer of gasoline engines, diesel engines, power equipment","publisher":{"@id":"https:\/\/enerchains.com\/#organization"},"alternateName":"Gasolin Power Engine \/ Diesel Engline & Spare Parts Factory","potentialAction":[{"@type":"SearchAction","target":{"@type":"EntryPoint","urlTemplate":"https:\/\/enerchains.com\/?s={search_term_string}"},"query-input":{"@type":"PropertyValueSpecification","valueRequired":true,"valueName":"search_term_string"}}],"inLanguage":"pl-PL"},{"@type":"Organization","@id":"https:\/\/enerchains.com\/#organization","name":"Enerchains (Chongqing) General Machinery Equipment Co., Ltd","url":"https:\/\/enerchains.com\/","logo":{"@type":"ImageObject","inLanguage":"pl-PL","@id":"https:\/\/enerchains.com\/#\/schema\/logo\/image\/","url":"https:\/\/enerchains.com\/wp-content\/uploads\/2024\/08\/EnerChains-Chongqing-e1724030883863.png","contentUrl":"https:\/\/enerchains.com\/wp-content\/uploads\/2024\/08\/EnerChains-Chongqing-e1724030883863.png","width":2439,"height":694,"caption":"Enerchains (Chongqing) General Machinery Equipment Co., Ltd"},"image":{"@id":"https:\/\/enerchains.com\/#\/schema\/logo\/image\/"}}]},"product_price_amount":"0.00","product_price_currency":"CNY","og_availability":"instock","product_availability":"instock","product_condition":"new"},"_links":{"self":[{"href":"https:\/\/enerchains.com\/pl\/wp-json\/wp\/v2\/product\/4804","targetHints":{"allow":["GET"]}}],"collection":[{"href":"https:\/\/enerchains.com\/pl\/wp-json\/wp\/v2\/product"}],"about":[{"href":"https:\/\/enerchains.com\/pl\/wp-json\/wp\/v2\/types\/product"}],"wp:featuredmedia":[{"embeddable":true,"href":"https:\/\/enerchains.com\/pl\/wp-json\/wp\/v2\/media\/4792"}],"wp:attachment":[{"href":"https:\/\/enerchains.com\/pl\/wp-json\/wp\/v2\/media?parent=4804"}],"wp:term":[{"taxonomy":"product_brand","embeddable":true,"href":"https:\/\/enerchains.com\/pl\/wp-json\/wp\/v2\/product_brand?post=4804"},{"taxonomy":"product_cat","embeddable":true,"href":"https:\/\/enerchains.com\/pl\/wp-json\/wp\/v2\/product_cat?post=4804"},{"taxonomy":"product_tag","embeddable":true,"href":"https:\/\/enerchains.com\/pl\/wp-json\/wp\/v2\/product_tag?post=4804"}],"curies":[{"name":"wp","href":"https:\/\/api.w.org\/{rel}","templated":true}]}}