{"id":4804,"date":"2024-11-08T03:18:10","date_gmt":"2024-11-08T03:18:10","guid":{"rendered":"https:\/\/enerchains.com\/?post_type=product&#038;p=4804"},"modified":"2025-01-15T15:50:30","modified_gmt":"2025-01-15T15:50:30","slug":"8kw-digital-voltage-regulator","status":"publish","type":"product","link":"https:\/\/enerchains.com\/es_cl\/producto\/regulador-de-tension-digital-de-8-kw\/","title":{"rendered":"Regulador de voltaje digital 8KW Para motor de gasolina peque\u00f1o"},"content":{"rendered":"<h2>\u00bfQu\u00e9 es un regulador de tensi\u00f3n digital de 8 kW?<\/h2>\n<p>Un regulador de tensi\u00f3n digital de 8 kW es un sofisticado componente electr\u00f3nico adaptado a los peque\u00f1os motores de gasolina, que desempe\u00f1a un papel crucial en el mantenimiento de una salida de tensi\u00f3n estable. El objetivo principal de un regulador de tensi\u00f3n es garantizar que el sistema el\u00e9ctrico reciba una tensi\u00f3n constante, independientemente de las fluctuaciones que puedan producirse en la generaci\u00f3n de energ\u00eda del motor. Esta estabilidad es vital para el funcionamiento \u00f3ptimo de diversos componentes, como el sistema de encendido, los inyectores de combustible y otros componentes electr\u00f3nicos sensibles dentro del motor.<\/p>\n<p>En esencia, un regulador de tensi\u00f3n digital funciona supervisando continuamente los niveles de tensi\u00f3n dentro del sistema el\u00e9ctrico del motor. Cuando se detectan fluctuaciones, el regulador toma medidas correctivas inmediatas para ajustar la tensi\u00f3n de salida en consecuencia. Esta regulaci\u00f3n din\u00e1mica no s\u00f3lo ayuda a proporcionar una tensi\u00f3n constante, sino que tambi\u00e9n mejora la eficiencia del motor. Una ventaja clave del uso de un regulador de tensi\u00f3n digital de 8 kW es su capacidad para incorporar funciones avanzadas de supervisi\u00f3n digital. Esta caracter\u00edstica permite realizar an\u00e1lisis y ajustes en tiempo real, garantizando que se cumplan los par\u00e1metros de rendimiento de forma constante.<\/p>\n<p>Adem\u00e1s de la monitorizaci\u00f3n digital, este regulador suele incluir mecanismos de protecci\u00f3n contra sobrecargas, que son esenciales para salvaguardar los componentes del motor contra posibles da\u00f1os causados por una tensi\u00f3n excesiva. Estas caracter\u00edsticas de protecci\u00f3n contrastan con los modelos anal\u00f3gicos tradicionales, que carecen de la capacidad de respuesta y la precisi\u00f3n que requieren los motores modernos. La mayor eficiencia que proporciona un regulador de tensi\u00f3n digital de 8 kW tambi\u00e9n se traduce en un menor consumo de combustible y unas emisiones m\u00e1s bajas, en l\u00ednea con las tendencias contempor\u00e1neas hacia la sostenibilidad y la responsabilidad medioambiental.<\/p>\n<p>Al emplear un regulador de voltaje digital, los operadores de motores pueden esperar una mayor precisi\u00f3n en el suministro de voltaje, lo que permite que sus peque\u00f1os motores de gasolina funcionen de forma m\u00e1s fiable y eficaz. En resumen, la integraci\u00f3n de un regulador de tensi\u00f3n digital de 8 kW representa un avance fundamental en el \u00e1mbito de los motores de gasolina peque\u00f1os, ya que mejora el rendimiento y la eficiencia operativa.<\/p>\n<h2>Aplicaciones y ventajas de utilizar un regulador de tensi\u00f3n digital de 8 kW<\/h2>\n<p>El regulador de tensi\u00f3n digital de 8 kW se ha convertido en un componente fundamental en diversas aplicaciones con peque\u00f1os motores de gasolina. Uno de los usos m\u00e1s frecuentes es en sistemas de generadores, donde la estabilidad de la potencia de salida es crucial para un funcionamiento constante. Este regulador garantiza que los niveles de tensi\u00f3n permanezcan constantes incluso en condiciones de carga fluctuante, evitando as\u00ed da\u00f1os en dispositivos electr\u00f3nicos sensibles y mejorando la eficiencia general.<\/p>\n<p>Adem\u00e1s de en generadores, este regulador de tensi\u00f3n digital resulta \u00fatil en cortac\u00e9spedes y otros equipos el\u00e9ctricos de exterior. Los profesionales del cuidado del c\u00e9sped y las empresas de jardiner\u00eda pueden beneficiarse significativamente del rendimiento mejorado que proporciona un regulador de tensi\u00f3n. La capacidad del regulador para mantener una salida de tensi\u00f3n constante mejora la eficiencia del combustible, reduciendo los costes operativos y maximizando el tiempo de funcionamiento. Adem\u00e1s, contribuye a reducir las emisiones, en consonancia con las crecientes normas y reglamentos medioambientales.<\/p>\n<p>Otra ventaja notable de integrar un regulador de tensi\u00f3n digital de 8 kW es su potencial para prolongar la vida \u00fatil de los componentes del motor. Al estabilizar los niveles de tensi\u00f3n, el regulador reduce el desgaste de los sistemas el\u00e9ctricos y las piezas mec\u00e1nicas, lo que en \u00faltima instancia se traduce en menos requisitos de mantenimiento y en una mayor duraci\u00f3n antes de que sean necesarias las sustituciones. Esta fiabilidad se valora especialmente en aplicaciones comerciales, donde el tiempo de inactividad podr\u00eda equivaler a importantes p\u00e9rdidas econ\u00f3micas.<\/p>\n<p>Ejemplos del mundo real muestran c\u00f3mo la integraci\u00f3n de un regulador de tensi\u00f3n digital de 8 kW ha dado lugar a mejoras sustanciales en el rendimiento y la fiabilidad. Los estudios de casos revelan que los usuarios de esta tecnolog\u00eda informan de una notable disminuci\u00f3n de los incidentes de aver\u00eda del motor y una mayor vida \u00fatil general de su maquinaria. A trav\u00e9s de estas aplicaciones, es evidente que el regulador de tensi\u00f3n digital de 8 kW no sirve simplemente como un accesorio, sino como un componente esencial que mejora tanto la funcionalidad como la eficiencia en diversas aplicaciones de motores de gasolina peque\u00f1os.<\/p>","protected":false},"excerpt":{"rendered":"<p>\u00bfQu\u00e9 es un regulador de voltaje digital de 8 kW? Un regulador de voltaje digital de 8 kW es un componente electr\u00f3nico sofisticado dise\u00f1ado para motores de gasolina peque\u00f1os y que cumple una funci\u00f3n crucial para mantener una salida de voltaje estable. El objetivo principal de un regulador de voltaje es garantizar que el sistema el\u00e9ctrico reciba un voltaje constante, independientemente de las fluctuaciones que puedan ocurrir\u2026<\/p>","protected":false},"featured_media":4792,"template":"","meta":{"_kad_post_transparent":"default","_kad_post_title":"","_kad_post_layout":"default","_kad_post_sidebar_id":"","_kad_post_content_style":"default","_kad_post_vertical_padding":"default","_kad_post_feature":"","_kad_post_feature_position":"","_kad_post_header":false,"_kad_post_footer":false,"powered_cache_disable_cache":false,"powered_cache_disable_lazyload":false},"product_brand":[],"product_cat":[20,97],"product_tag":[],"class_list":{"0":"post-4804","1":"product","2":"type-product","3":"status-publish","4":"has-post-thumbnail","6":"product_cat-gasoline-engine-parts","7":"product_cat-regulator","9":"first","10":"instock","11":"shipping-taxable","12":"product-type-simple","13":"entry","14":"content-bg","15":"loop-entry"},"yoast_head":"<!-- This site is optimized with the Yoast SEO Premium plugin v23.5 (Yoast SEO v24.4) - https:\/\/yoast.com\/wordpress\/plugins\/seo\/ -->\n<title>8KW digital voltage regulator For Small gasoline engine - Small Engine \/ Power Equipment &amp; Parts supply chains EnerChains<\/title>\n<meta name=\"description\" content=\"- Small Engine \/ Power Equipment &amp; Parts supply chains EnerChains\" \/>\n<meta name=\"robots\" content=\"index, follow, max-snippet:-1, max-image-preview:large, max-video-preview:-1\" \/>\n<link rel=\"canonical\" href=\"https:\/\/enerchains.com\/es_cl\/producto\/regulador-de-tension-digital-de-8-kw\/\" \/>\n<meta property=\"og:locale\" content=\"es_ES\" \/>\n<meta property=\"og:type\" content=\"article\" \/>\n<meta property=\"og:title\" content=\"8KW digital voltage regulator For Small gasoline engine\" \/>\n<meta property=\"og:description\" content=\"- Small Engine \/ Power Equipment &amp; Parts supply chains EnerChains\" \/>\n<meta property=\"og:url\" content=\"https:\/\/enerchains.com\/es_cl\/producto\/regulador-de-tension-digital-de-8-kw\/\" \/>\n<meta property=\"og:site_name\" content=\"Small Engine \/ Power Equipment &amp; Parts supply chains EnerChains\" \/>\n<meta property=\"article:modified_time\" content=\"2025-01-15T15:50:30+00:00\" \/>\n<meta property=\"og:image\" content=\"https:\/\/enerchains.com\/wp-content\/uploads\/2024\/11\/8KW-digital-voltage-regulator.png\" \/>\n\t<meta property=\"og:image:width\" content=\"800\" \/>\n\t<meta property=\"og:image:height\" content=\"800\" \/>\n\t<meta property=\"og:image:type\" content=\"image\/png\" \/>\n<meta name=\"twitter:card\" content=\"summary_large_image\" \/>\n<meta name=\"twitter:label1\" content=\"Price\" \/>\n\t<meta name=\"twitter:data1\" content=\"\" \/>\n\t<meta name=\"twitter:label2\" content=\"Availability\" \/>\n\t<meta name=\"twitter:data2\" content=\"In stock\" \/>\n<script type=\"application\/ld+json\" class=\"yoast-schema-graph\">{\"@context\":\"https:\/\/schema.org\",\"@graph\":[{\"@type\":[\"WebPage\",\"ItemPage\"],\"@id\":\"https:\/\/enerchains.com\/product\/8kw-digital-voltage-regulator\/\",\"url\":\"https:\/\/enerchains.com\/product\/8kw-digital-voltage-regulator\/\",\"name\":\"8KW digital voltage regulator For Small gasoline engine - Small Engine \/ Power Equipment &amp; Parts supply chains EnerChains\",\"isPartOf\":{\"@id\":\"https:\/\/enerchains.com\/#website\"},\"primaryImageOfPage\":{\"@id\":\"https:\/\/enerchains.com\/product\/8kw-digital-voltage-regulator\/#primaryimage\"},\"image\":{\"@id\":\"https:\/\/enerchains.com\/product\/8kw-digital-voltage-regulator\/#primaryimage\"},\"thumbnailUrl\":\"https:\/\/enerchains.com\/wp-content\/uploads\/2024\/11\/8KW-digital-voltage-regulator.png\",\"datePublished\":\"2024-11-08T03:18:10+00:00\",\"dateModified\":\"2025-01-15T15:50:30+00:00\",\"description\":\"- Small Engine \/ Power Equipment &amp; Parts supply chains EnerChains\",\"breadcrumb\":{\"@id\":\"https:\/\/enerchains.com\/product\/8kw-digital-voltage-regulator\/#breadcrumb\"},\"inLanguage\":\"es-CL\",\"potentialAction\":[{\"@type\":\"ReadAction\",\"target\":[\"https:\/\/enerchains.com\/product\/8kw-digital-voltage-regulator\/\"]}]},{\"@type\":\"ImageObject\",\"inLanguage\":\"es-CL\",\"@id\":\"https:\/\/enerchains.com\/product\/8kw-digital-voltage-regulator\/#primaryimage\",\"url\":\"https:\/\/enerchains.com\/wp-content\/uploads\/2024\/11\/8KW-digital-voltage-regulator.png\",\"contentUrl\":\"https:\/\/enerchains.com\/wp-content\/uploads\/2024\/11\/8KW-digital-voltage-regulator.png\",\"width\":800,\"height\":800,\"caption\":\"5KW shock absobing feet\"},{\"@type\":\"BreadcrumbList\",\"@id\":\"https:\/\/enerchains.com\/product\/8kw-digital-voltage-regulator\/#breadcrumb\",\"itemListElement\":[{\"@type\":\"ListItem\",\"position\":1,\"name\":\"\u9996\u9875\",\"item\":\"https:\/\/enerchains.com\/\"},{\"@type\":\"ListItem\",\"position\":2,\"name\":\"Products\",\"item\":\"https:\/\/enerchains.com\/products\/\"},{\"@type\":\"ListItem\",\"position\":3,\"name\":\"8KW digital voltage regulator For Small gasoline engine\"}]},{\"@type\":\"WebSite\",\"@id\":\"https:\/\/enerchains.com\/#website\",\"url\":\"https:\/\/enerchains.com\/\",\"name\":\"Small Engines & Power Equipment Supplier - EnerChains\",\"description\":\"China manufacturer of gasoline engines, diesel engines, power equipment\",\"publisher\":{\"@id\":\"https:\/\/enerchains.com\/#organization\"},\"alternateName\":\"Gasolin Power Engine \/ Diesel Engline & Spare Parts Factory\",\"potentialAction\":[{\"@type\":\"SearchAction\",\"target\":{\"@type\":\"EntryPoint\",\"urlTemplate\":\"https:\/\/enerchains.com\/?s={search_term_string}\"},\"query-input\":{\"@type\":\"PropertyValueSpecification\",\"valueRequired\":true,\"valueName\":\"search_term_string\"}}],\"inLanguage\":\"es-CL\"},{\"@type\":\"Organization\",\"@id\":\"https:\/\/enerchains.com\/#organization\",\"name\":\"Enerchains (Chongqing) General Machinery Equipment Co., Ltd\",\"url\":\"https:\/\/enerchains.com\/\",\"logo\":{\"@type\":\"ImageObject\",\"inLanguage\":\"es-CL\",\"@id\":\"https:\/\/enerchains.com\/#\/schema\/logo\/image\/\",\"url\":\"https:\/\/enerchains.com\/wp-content\/uploads\/2024\/08\/EnerChains-Chongqing-e1724030883863.png\",\"contentUrl\":\"https:\/\/enerchains.com\/wp-content\/uploads\/2024\/08\/EnerChains-Chongqing-e1724030883863.png\",\"width\":2439,\"height\":694,\"caption\":\"Enerchains (Chongqing) General Machinery Equipment Co., Ltd\"},\"image\":{\"@id\":\"https:\/\/enerchains.com\/#\/schema\/logo\/image\/\"}}]}<\/script>\n<meta property=\"product:price:amount\" content=\"0.00\" \/>\n<meta property=\"product:price:currency\" content=\"CNY\" \/>\n<meta property=\"og:availability\" content=\"instock\" \/>\n<meta property=\"product:availability\" content=\"instock\" \/>\n<meta property=\"product:condition\" content=\"new\" \/>\n<!-- \/ Yoast SEO Premium plugin. -->","yoast_head_json":{"title":"8KW digital voltage regulator For Small gasoline engine - Small Engine \/ Power Equipment &amp; Parts supply chains EnerChains","description":"- Small Engine \/ Power Equipment &amp; Parts supply chains EnerChains","robots":{"index":"index","follow":"follow","max-snippet":"max-snippet:-1","max-image-preview":"max-image-preview:large","max-video-preview":"max-video-preview:-1"},"canonical":"https:\/\/enerchains.com\/es_cl\/producto\/regulador-de-tension-digital-de-8-kw\/","og_locale":"es_ES","og_type":"article","og_title":"8KW digital voltage regulator For Small gasoline engine","og_description":"- Small Engine \/ Power Equipment &amp; Parts supply chains EnerChains","og_url":"https:\/\/enerchains.com\/es_cl\/producto\/regulador-de-tension-digital-de-8-kw\/","og_site_name":"Small Engine \/ Power Equipment &amp; Parts supply chains EnerChains","article_modified_time":"2025-01-15T15:50:30+00:00","og_image":[{"width":800,"height":800,"url":"https:\/\/enerchains.com\/wp-content\/uploads\/2024\/11\/8KW-digital-voltage-regulator.png","type":"image\/png"}],"twitter_card":"summary_large_image","twitter_misc":{"Price":"","Availability":"In stock"},"schema":{"@context":"https:\/\/schema.org","@graph":[{"@type":["WebPage","ItemPage"],"@id":"https:\/\/enerchains.com\/product\/8kw-digital-voltage-regulator\/","url":"https:\/\/enerchains.com\/product\/8kw-digital-voltage-regulator\/","name":"8KW digital voltage regulator For Small gasoline engine - Small Engine \/ Power Equipment &amp; Parts supply chains EnerChains","isPartOf":{"@id":"https:\/\/enerchains.com\/#website"},"primaryImageOfPage":{"@id":"https:\/\/enerchains.com\/product\/8kw-digital-voltage-regulator\/#primaryimage"},"image":{"@id":"https:\/\/enerchains.com\/product\/8kw-digital-voltage-regulator\/#primaryimage"},"thumbnailUrl":"https:\/\/enerchains.com\/wp-content\/uploads\/2024\/11\/8KW-digital-voltage-regulator.png","datePublished":"2024-11-08T03:18:10+00:00","dateModified":"2025-01-15T15:50:30+00:00","description":"- Small Engine \/ Power Equipment &amp; Parts supply chains EnerChains","breadcrumb":{"@id":"https:\/\/enerchains.com\/product\/8kw-digital-voltage-regulator\/#breadcrumb"},"inLanguage":"es-CL","potentialAction":[{"@type":"ReadAction","target":["https:\/\/enerchains.com\/product\/8kw-digital-voltage-regulator\/"]}]},{"@type":"ImageObject","inLanguage":"es-CL","@id":"https:\/\/enerchains.com\/product\/8kw-digital-voltage-regulator\/#primaryimage","url":"https:\/\/enerchains.com\/wp-content\/uploads\/2024\/11\/8KW-digital-voltage-regulator.png","contentUrl":"https:\/\/enerchains.com\/wp-content\/uploads\/2024\/11\/8KW-digital-voltage-regulator.png","width":800,"height":800,"caption":"5KW shock absobing feet"},{"@type":"BreadcrumbList","@id":"https:\/\/enerchains.com\/product\/8kw-digital-voltage-regulator\/#breadcrumb","itemListElement":[{"@type":"ListItem","position":1,"name":"\u9996\u9875","item":"https:\/\/enerchains.com\/"},{"@type":"ListItem","position":2,"name":"Products","item":"https:\/\/enerchains.com\/products\/"},{"@type":"ListItem","position":3,"name":"8KW digital voltage regulator For Small gasoline engine"}]},{"@type":"WebSite","@id":"https:\/\/enerchains.com\/#website","url":"https:\/\/enerchains.com\/","name":"Small Engines & Power Equipment Supplier - EnerChains","description":"China manufacturer of gasoline engines, diesel engines, power equipment","publisher":{"@id":"https:\/\/enerchains.com\/#organization"},"alternateName":"Gasolin Power Engine \/ Diesel Engline & Spare Parts Factory","potentialAction":[{"@type":"SearchAction","target":{"@type":"EntryPoint","urlTemplate":"https:\/\/enerchains.com\/?s={search_term_string}"},"query-input":{"@type":"PropertyValueSpecification","valueRequired":true,"valueName":"search_term_string"}}],"inLanguage":"es-CL"},{"@type":"Organization","@id":"https:\/\/enerchains.com\/#organization","name":"Enerchains (Chongqing) General Machinery Equipment Co., Ltd","url":"https:\/\/enerchains.com\/","logo":{"@type":"ImageObject","inLanguage":"es-CL","@id":"https:\/\/enerchains.com\/#\/schema\/logo\/image\/","url":"https:\/\/enerchains.com\/wp-content\/uploads\/2024\/08\/EnerChains-Chongqing-e1724030883863.png","contentUrl":"https:\/\/enerchains.com\/wp-content\/uploads\/2024\/08\/EnerChains-Chongqing-e1724030883863.png","width":2439,"height":694,"caption":"Enerchains (Chongqing) General Machinery Equipment Co., Ltd"},"image":{"@id":"https:\/\/enerchains.com\/#\/schema\/logo\/image\/"}}]},"product_price_amount":"0.00","product_price_currency":"CNY","og_availability":"instock","product_availability":"instock","product_condition":"new"},"_links":{"self":[{"href":"https:\/\/enerchains.com\/es_cl\/wp-json\/wp\/v2\/product\/4804","targetHints":{"allow":["GET"]}}],"collection":[{"href":"https:\/\/enerchains.com\/es_cl\/wp-json\/wp\/v2\/product"}],"about":[{"href":"https:\/\/enerchains.com\/es_cl\/wp-json\/wp\/v2\/types\/product"}],"wp:featuredmedia":[{"embeddable":true,"href":"https:\/\/enerchains.com\/es_cl\/wp-json\/wp\/v2\/media\/4792"}],"wp:attachment":[{"href":"https:\/\/enerchains.com\/es_cl\/wp-json\/wp\/v2\/media?parent=4804"}],"wp:term":[{"taxonomy":"product_brand","embeddable":true,"href":"https:\/\/enerchains.com\/es_cl\/wp-json\/wp\/v2\/product_brand?post=4804"},{"taxonomy":"product_cat","embeddable":true,"href":"https:\/\/enerchains.com\/es_cl\/wp-json\/wp\/v2\/product_cat?post=4804"},{"taxonomy":"product_tag","embeddable":true,"href":"https:\/\/enerchains.com\/es_cl\/wp-json\/wp\/v2\/product_tag?post=4804"}],"curies":[{"name":"wp","href":"https:\/\/api.w.org\/{rel}","templated":true}]}}